{"id":10795,"date":"2024-07-03T08:54:33","date_gmt":"2024-07-03T08:54:33","guid":{"rendered":"https:\/\/shop.tjasha.si\/?post_type=product&#038;p=10795"},"modified":"2024-07-03T08:54:33","modified_gmt":"2024-07-03T08:54:33","slug":"captain-fawcetts-barberism-pre-shave-oil-50ml","status":"publish","type":"product","link":"https:\/\/shop.tjasha.si\/en\/trgovina\/captain-fawcetts-barberism-pre-shave-oil-50ml\/","title":{"rendered":"Captain Fawcett&#8217;s Barberism\u00ae Pre-Shave Oil 50ml"},"content":{"rendered":"<p><strong>Uporaba<\/strong><\/p>\n<div class=\"collapsible-tab__text\">\n<p><span class=\"metafield-multi_line_text_field\">Najprej si obraz umijte s toplo vodo, da zmeh\u010date brado, nato pa nekaj kapljic olja vmasirajte v podro\u010dje, ki ga boste obrili.<\/p>\n<p>\u010ce za pribli\u017eno 30 sekund dodatno uporabite vro\u010do krpo za obraz, boste pospe\u0161ili postopek britja, hkrati pa si boste zagotovili spro\u0161\u010dujo\u010d ob\u010dutek razko\u0161ja. S \u010dopi\u010dem nanesite peno iz mila za britje in nadaljujte z obi\u010dajnim britjem.<\/span><\/p>\n<p><strong>Sestavine<\/strong><\/p>\n<div class=\"collapsible-tab__text\">\n<p><span class=\"metafield-multi_line_text_field\">Sweet Almond Oil Prunus Amygdulus Dulcis, Castor Bean Oil Ricinus Communis, Broccoli Seed Oil Brassica Oleracea Italica, Meadowfoam Seed Oil Limnanthes Alba, Argan Oil Argania Spinosa, Rosemary Leaf Extract Helianthus Annus Seed Oil, Rosmarinus Officinalis Parfum (Fragrance), Limonene, Linalool, alpha-isomethyl ionone, Hydroxycitronellal, Citral, Eugenol, Coumarin, Citronellol, Geraniol, Benzyl benzoate, Farnesol, Benzyl salicylate, Benzyl alcohol.<\/span><\/p>\n<\/div>\n<\/div>","protected":false},"excerpt":{"rendered":"<p>Sodelovanje podjetja Captain Fawcett&#8217;s Barberism\u00ae s frizerjem Sidom Sottungom je prineslo izjemno olje za britje pred britjem.<\/p>\n<p>\u0160est olj z vla\u017eilnimi, drsnimi in negovalnimi lastnostmi je bilo strokovno pome\u0161anih s Sidovim brez\u010dasnim, elegantnim vonjem. Osve\u017eilne zgornje note limete in pomaran\u010de, za\u010dinjene s provokativno vrtnico in galbanumom, se dvignejo iz zemeljske osnove cedrovine, pa\u010dulija in mo\u0161usa. Ta vonj je povezan z olji sladkega mandlja, jojobe in vitamina E, zato je v resnici preprosto \u010dudovita alkimisti\u010dna me\u0161anica.<\/p>\n<p>Izdelan je v majhnih serijah, ki jih je ro\u010dno izdelal kapitanov mojster me\u0161anja, in je na voljo v stekleni stekleni\u010dki s \u010drpalko, ki omogo\u010da natan\u010dno odmerjanje.<\/p>","protected":false},"featured_media":10796,"template":"","meta":{"_acf_changed":false,"inline_featured_image":false,"_monsterinsights_skip_tracking":false,"_monsterinsights_sitenote_active":false,"_monsterinsights_sitenote_note":"","_monsterinsights_sitenote_category":0},"product_cat":[367,153],"product_tag":[],"aioseo_notices":[],"acf":[],"_links":{"self":[{"href":"https:\/\/shop.tjasha.si\/en\/wp-json\/wp\/v2\/product\/10795"}],"collection":[{"href":"https:\/\/shop.tjasha.si\/en\/wp-json\/wp\/v2\/product"}],"about":[{"href":"https:\/\/shop.tjasha.si\/en\/wp-json\/wp\/v2\/types\/product"}],"version-history":[{"count":1,"href":"https:\/\/shop.tjasha.si\/en\/wp-json\/wp\/v2\/product\/10795\/revisions"}],"predecessor-version":[{"id":10797,"href":"https:\/\/shop.tjasha.si\/en\/wp-json\/wp\/v2\/product\/10795\/revisions\/10797"}],"wp:featuredmedia":[{"embeddable":true,"href":"https:\/\/shop.tjasha.si\/en\/wp-json\/wp\/v2\/media\/10796"}],"wp:attachment":[{"href":"https:\/\/shop.tjasha.si\/en\/wp-json\/wp\/v2\/media?parent=10795"}],"wp:term":[{"taxonomy":"product_cat","embeddable":true,"href":"https:\/\/shop.tjasha.si\/en\/wp-json\/wp\/v2\/product_cat?post=10795"},{"taxonomy":"product_tag","embeddable":true,"href":"https:\/\/shop.tjasha.si\/en\/wp-json\/wp\/v2\/product_tag?post=10795"}],"curies":[{"name":"wp","href":"https:\/\/api.w.org\/{rel}","templated":true}]}}