{"id":10798,"date":"2024-07-03T08:56:05","date_gmt":"2024-07-03T08:56:05","guid":{"rendered":"https:\/\/shop.tjasha.si\/?post_type=product&#038;p=10798"},"modified":"2024-07-03T08:56:06","modified_gmt":"2024-07-03T08:56:06","slug":"captain-fawcetts-maharajah-olje-za-brado-50ml","status":"publish","type":"product","link":"https:\/\/shop.tjasha.si\/en\/trgovina\/captain-fawcetts-maharajah-olje-za-brado-50ml\/","title":{"rendered":"Captain Fawcett\u2019s Maharajah olje za brado 50ml"},"content":{"rendered":"<p><strong>Uporaba<\/strong><\/p>\n<div class=\"collapsible-tab__text\">\n<p><span class=\"metafield-multi_line_text_field\">Nekaj kapljic nakapljajte v dlan in jo vtrite v brado. Olje temeljito razma\u017eite po bradi in ga ne\u017eno raz\u010de\u0161ite, da dose\u017eete kraljevski videz.<\/span><\/p>\n<p><strong>Sestavine<\/strong><\/p>\n<div class=\"collapsible-tab__text\">\n<p><span class=\"metafield-multi_line_text_field\">Base Oils: Sweet Almond Prunus Dulcis, Jojoba Simmondsia Chinensis, Vitamin E Tocopherol. Parfum (Fragrance), alpha-iso-Methyl ionone, Citronellol, Limonene, Hexyl cinnamal, Coumarin, Benzyl benzoate, BHT, Geraniol, Linalool &amp; Citral.<\/span><\/p>\n<\/div>\n<\/div>","protected":false},"excerpt":{"rendered":"<p>To lepo di\u0161e\u010de olje za brado bogato neguje in daje plemeniti bradi prefinjen lesk. Prikli\u010de vro\u010dino o\u010darljivih indijskih no\u010di. Vonj dima in cvetnih listov, ki ga je ustvaril kapitanov mojster me\u0161anja, ki je opojno vrtnico prepletel s peko\u010dimi za\u010dimbami, bogatim mo\u0161usom, cedro in usnjem ter osupljivimi vrhnjimi notami citrusov; veli\u010dastna evokacija starodavne mo\u010di, alkimizirana v najbolj eleganten vonj, ki je povsem primeren za sodobnega gentlemana.<\/p>\n<p>Sodelovanje kapitana Fawcetta z dru\u017ebo The Jodhpur Company je privedlo do izjemne serije Signature Series: Maharajah!<\/p>","protected":false},"featured_media":10799,"template":"","meta":{"_acf_changed":false,"inline_featured_image":false,"_monsterinsights_skip_tracking":false,"_monsterinsights_sitenote_active":false,"_monsterinsights_sitenote_note":"","_monsterinsights_sitenote_category":0},"product_cat":[367,153],"product_tag":[],"aioseo_notices":[],"acf":[],"_links":{"self":[{"href":"https:\/\/shop.tjasha.si\/en\/wp-json\/wp\/v2\/product\/10798"}],"collection":[{"href":"https:\/\/shop.tjasha.si\/en\/wp-json\/wp\/v2\/product"}],"about":[{"href":"https:\/\/shop.tjasha.si\/en\/wp-json\/wp\/v2\/types\/product"}],"version-history":[{"count":1,"href":"https:\/\/shop.tjasha.si\/en\/wp-json\/wp\/v2\/product\/10798\/revisions"}],"predecessor-version":[{"id":10800,"href":"https:\/\/shop.tjasha.si\/en\/wp-json\/wp\/v2\/product\/10798\/revisions\/10800"}],"wp:featuredmedia":[{"embeddable":true,"href":"https:\/\/shop.tjasha.si\/en\/wp-json\/wp\/v2\/media\/10799"}],"wp:attachment":[{"href":"https:\/\/shop.tjasha.si\/en\/wp-json\/wp\/v2\/media?parent=10798"}],"wp:term":[{"taxonomy":"product_cat","embeddable":true,"href":"https:\/\/shop.tjasha.si\/en\/wp-json\/wp\/v2\/product_cat?post=10798"},{"taxonomy":"product_tag","embeddable":true,"href":"https:\/\/shop.tjasha.si\/en\/wp-json\/wp\/v2\/product_tag?post=10798"}],"curies":[{"name":"wp","href":"https:\/\/api.w.org\/{rel}","templated":true}]}}