{"id":10808,"date":"2024-07-04T07:40:19","date_gmt":"2024-07-04T07:40:19","guid":{"rendered":"https:\/\/shop.tjasha.si\/?post_type=product&#038;p=10808"},"modified":"2024-12-30T16:28:49","modified_gmt":"2024-12-30T16:28:49","slug":"moser-1400-aparat-za-strizenje","status":"publish","type":"product","link":"https:\/\/shop.tjasha.si\/en\/trgovina\/moser-1400-aparat-za-strizenje\/","title":{"rendered":"Moser 1400 aparat za stri\u017eenje"},"content":{"rendered":"<p><strong>Odlikuje se:<\/strong><\/p>\n<ul>\n<li>s\u00a0\u0161irno rezila 46 mm,<\/li>\n<li>s 5-imi stopnjami dol\u017eine rezila (od 0,7 do 3 mm),<\/li>\n<li>s tihim delovanjem,<\/li>\n<li>z visokokakovostnim kovinskim rezilom z izjemno dolgo \u017eivljenjsko dobo, ter<\/li>\n<li>z novim tihim nihajnim motorjem z armaturo, s kar 50% bolj\u0161o zmogljivostjo.<\/li>\n<\/ul>\n<p>&nbsp;<\/p>\n<p><strong>Dodatna oprema:<\/strong><\/p>\n<ul>\n<li>spremenljiv nastavek za stri\u017eenje (4 &#8211; 18 mm) (4,5 mm),<\/li>\n<li>strojno olje,<\/li>\n<li>\u010distilno krta\u010do in<\/li>\n<li>navodila.<\/li>\n<\/ul>","protected":false},"excerpt":{"rendered":"<p>Aparat za stri\u017eenje las in brade s \u0161irino rezila 46 mm in 5-imi nastavljivimi stopnjami dol\u017eine rezila od 0,7 do 3 mm.<\/p>","protected":false},"featured_media":10809,"template":"","meta":{"_acf_changed":false,"inline_featured_image":false,"_monsterinsights_skip_tracking":false,"_monsterinsights_sitenote_active":false,"_monsterinsights_sitenote_note":"","_monsterinsights_sitenote_category":0},"product_cat":[369,160],"product_tag":[],"aioseo_notices":[],"acf":[],"_links":{"self":[{"href":"https:\/\/shop.tjasha.si\/en\/wp-json\/wp\/v2\/product\/10808"}],"collection":[{"href":"https:\/\/shop.tjasha.si\/en\/wp-json\/wp\/v2\/product"}],"about":[{"href":"https:\/\/shop.tjasha.si\/en\/wp-json\/wp\/v2\/types\/product"}],"version-history":[{"count":1,"href":"https:\/\/shop.tjasha.si\/en\/wp-json\/wp\/v2\/product\/10808\/revisions"}],"predecessor-version":[{"id":10810,"href":"https:\/\/shop.tjasha.si\/en\/wp-json\/wp\/v2\/product\/10808\/revisions\/10810"}],"wp:featuredmedia":[{"embeddable":true,"href":"https:\/\/shop.tjasha.si\/en\/wp-json\/wp\/v2\/media\/10809"}],"wp:attachment":[{"href":"https:\/\/shop.tjasha.si\/en\/wp-json\/wp\/v2\/media?parent=10808"}],"wp:term":[{"taxonomy":"product_cat","embeddable":true,"href":"https:\/\/shop.tjasha.si\/en\/wp-json\/wp\/v2\/product_cat?post=10808"},{"taxonomy":"product_tag","embeddable":true,"href":"https:\/\/shop.tjasha.si\/en\/wp-json\/wp\/v2\/product_tag?post=10808"}],"curies":[{"name":"wp","href":"https:\/\/api.w.org\/{rel}","templated":true}]}}