{"id":10811,"date":"2024-07-04T07:41:35","date_gmt":"2024-07-04T07:41:35","guid":{"rendered":"https:\/\/shop.tjasha.si\/?post_type=product&#038;p=10811"},"modified":"2024-12-30T16:28:41","modified_gmt":"2024-12-30T16:28:41","slug":"moser-1400-mini-trimer-aparat-za-strizenje","status":"publish","type":"product","link":"https:\/\/shop.tjasha.si\/en\/trgovina\/moser-1400-mini-trimer-aparat-za-strizenje\/","title":{"rendered":"Moser 1400 Mini trimer aparat za stri\u017eenje"},"content":{"rendered":"<p><strong>Odlikuje se:<\/strong><\/p>\n<ul>\n<li>s\u00a0\u0161irno rezila 32 mm in dol\u017eino rezila 0,3 mm,<\/li>\n<li>s 5-imi stopnjami dol\u017eine rezila (od 0,7 do 3 mm),<\/li>\n<li>s svojo lahkostjo\u00a0(190 g),<\/li>\n<li>s precizno bru\u0161enim rezilom iz nerjave\u010dega jekla,<\/li>\n<li>z novim tihim nihajnim motorjem z armaturo, s 50% bolj\u0161o zmogljivostjo, ter<\/li>\n<li>zmogljivim nihajnim motorjem z armaturo za stalno delovanje.<\/li>\n<\/ul>\n<p>&nbsp;<\/p>\n<p><strong>Dodatna oprema:<\/strong><\/p>\n<ul>\n<li>spremenljiv nastavek za stri\u017eenje (4,5 mm),<\/li>\n<li>strojno olje,<\/li>\n<li>\u010distilno krta\u010do in<\/li>\n<li>navodila.<\/li>\n<\/ul>","protected":false},"excerpt":{"rendered":"<p>Moser 1400 Mini je izjemno lahek profesionalen aparat za stri\u017eenje s \u0161irino rezila 32 mm in dol\u017eino rezila 0, 3 mm. Primeren za stri\u017eenje kraj\u0161ih las, brade in brkov.<\/p>","protected":false},"featured_media":10812,"template":"","meta":{"_acf_changed":false,"inline_featured_image":false,"_monsterinsights_skip_tracking":false,"_monsterinsights_sitenote_active":false,"_monsterinsights_sitenote_note":"","_monsterinsights_sitenote_category":0},"product_cat":[369,160],"product_tag":[],"aioseo_notices":[],"acf":[],"_links":{"self":[{"href":"https:\/\/shop.tjasha.si\/en\/wp-json\/wp\/v2\/product\/10811"}],"collection":[{"href":"https:\/\/shop.tjasha.si\/en\/wp-json\/wp\/v2\/product"}],"about":[{"href":"https:\/\/shop.tjasha.si\/en\/wp-json\/wp\/v2\/types\/product"}],"version-history":[{"count":1,"href":"https:\/\/shop.tjasha.si\/en\/wp-json\/wp\/v2\/product\/10811\/revisions"}],"predecessor-version":[{"id":10813,"href":"https:\/\/shop.tjasha.si\/en\/wp-json\/wp\/v2\/product\/10811\/revisions\/10813"}],"wp:featuredmedia":[{"embeddable":true,"href":"https:\/\/shop.tjasha.si\/en\/wp-json\/wp\/v2\/media\/10812"}],"wp:attachment":[{"href":"https:\/\/shop.tjasha.si\/en\/wp-json\/wp\/v2\/media?parent=10811"}],"wp:term":[{"taxonomy":"product_cat","embeddable":true,"href":"https:\/\/shop.tjasha.si\/en\/wp-json\/wp\/v2\/product_cat?post=10811"},{"taxonomy":"product_tag","embeddable":true,"href":"https:\/\/shop.tjasha.si\/en\/wp-json\/wp\/v2\/product_tag?post=10811"}],"curies":[{"name":"wp","href":"https:\/\/api.w.org\/{rel}","templated":true}]}}