{"id":10817,"date":"2024-07-04T07:45:16","date_gmt":"2024-07-04T07:45:16","guid":{"rendered":"https:\/\/shop.tjasha.si\/?post_type=product&#038;p=10817"},"modified":"2024-12-30T16:27:57","modified_gmt":"2024-12-30T16:27:57","slug":"moser-chromini-pro-2-1591-trimer-aparat-za-strizenje-crn","status":"publish","type":"product","link":"https:\/\/shop.tjasha.si\/en\/trgovina\/moser-chromini-pro-2-1591-trimer-aparat-za-strizenje-crn\/","title":{"rendered":"Moser Chromini Pro 2 1591 trimer aparat za stri\u017eenje &#8211; \u010drn"},"content":{"rendered":"<p>Odlikuje se:<\/p>\n<ul>\n<li>s profesionalnim rezilom iz nerjave\u010dega jekla s \u0161irokim 32 mm in dolgim 0,3 mm,<\/li>\n<li>z enostavno snemljivim rezilom, kar omogo\u010da enostavno \u010di\u0161\u010denje,<\/li>\n<li>s svojo lahkostjo (130 g),<\/li>\n<li>s tihim delovanjem,<\/li>\n<li>z mo\u010dno baterijo, ki omogo\u010da do 85\u00a0minut dela in s hitrim polnjenjem (le 120 min), ter<\/li>\n<li>LED indikatorjem za prikazovanje stanja baterije.<\/li>\n<\/ul>\n<p>&nbsp;<\/p>\n<p>Dodatna oprema:<\/p>\n<ul>\n<li>snemljiv spremenljiv nastavek (3 &#8211; 6 mm),<\/li>\n<li>postaja za polnjenje,<\/li>\n<li>strojno olje,<\/li>\n<li>\u010distilna krta\u010da in<\/li>\n<li>navodila.<\/li>\n<\/ul>","protected":false},"excerpt":{"rendered":"<p>NOV MODEL! Mo\u010dnej\u0161i motor! Moser Chro Mini Pro 1591 je profesionalen aparat za stri\u017eenje s \u0161irino rezila 32 mm in dol\u017eino rezila 0,4 mm. Idealen za oblikovanje kontur, finih linij in kreativen slog. Primeren za stri\u017eenje kraj\u0161ih las, brade in brkov.<\/p>","protected":false},"featured_media":10818,"template":"","meta":{"_acf_changed":false,"inline_featured_image":false,"_monsterinsights_skip_tracking":false,"_monsterinsights_sitenote_active":false,"_monsterinsights_sitenote_note":"","_monsterinsights_sitenote_category":0},"product_cat":[369,160],"product_tag":[],"aioseo_notices":[],"acf":[],"_links":{"self":[{"href":"https:\/\/shop.tjasha.si\/en\/wp-json\/wp\/v2\/product\/10817"}],"collection":[{"href":"https:\/\/shop.tjasha.si\/en\/wp-json\/wp\/v2\/product"}],"about":[{"href":"https:\/\/shop.tjasha.si\/en\/wp-json\/wp\/v2\/types\/product"}],"version-history":[{"count":1,"href":"https:\/\/shop.tjasha.si\/en\/wp-json\/wp\/v2\/product\/10817\/revisions"}],"predecessor-version":[{"id":10819,"href":"https:\/\/shop.tjasha.si\/en\/wp-json\/wp\/v2\/product\/10817\/revisions\/10819"}],"wp:featuredmedia":[{"embeddable":true,"href":"https:\/\/shop.tjasha.si\/en\/wp-json\/wp\/v2\/media\/10818"}],"wp:attachment":[{"href":"https:\/\/shop.tjasha.si\/en\/wp-json\/wp\/v2\/media?parent=10817"}],"wp:term":[{"taxonomy":"product_cat","embeddable":true,"href":"https:\/\/shop.tjasha.si\/en\/wp-json\/wp\/v2\/product_cat?post=10817"},{"taxonomy":"product_tag","embeddable":true,"href":"https:\/\/shop.tjasha.si\/en\/wp-json\/wp\/v2\/product_tag?post=10817"}],"curies":[{"name":"wp","href":"https:\/\/api.w.org\/{rel}","templated":true}]}}