{"id":10820,"date":"2024-07-04T07:46:35","date_gmt":"2024-07-04T07:46:35","guid":{"rendered":"https:\/\/shop.tjasha.si\/?post_type=product&#038;p=10820"},"modified":"2024-12-30T16:27:47","modified_gmt":"2024-12-30T16:27:47","slug":"moser-easy-style-1881-aparat-za-strizenje","status":"publish","type":"product","link":"https:\/\/shop.tjasha.si\/en\/trgovina\/moser-easy-style-1881-aparat-za-strizenje\/","title":{"rendered":"Moser Easy Style 1881 aparat za stri\u017eenje"},"content":{"rendered":"<p><strong>Odlikuje se:\u00a0<\/strong><\/p>\n<ul>\n<li>s profesionalnim precizno bru\u0161enim rezilom iz nerjave\u010dega jekla \u0161irokim 40 mm in dolgim 0,7 mm,<\/li>\n<li>s 6-imi nastavki (3, 6, 9, 12, 18 in 25 mm),<\/li>\n<li>z enostavno snemljivim rezilom, kar omogo\u010da enostavno \u010di\u0161\u010denje,<\/li>\n<li>s svojo lahkostjo (190 g),<\/li>\n<li>z ergonomsko obliko,<\/li>\n<li>s tihim delovanjem,<\/li>\n<li>z mo\u017enostjo neprekinjenega delovanja, ter<\/li>\n<li>z LED indikatorjem za prikazovanje stanja baterije in z dvema zvo\u010dnima opozoriloma.<\/li>\n<\/ul>\n<p>&nbsp;<\/p>\n<p><strong>Dodatna oprema:<\/strong><\/p>\n<ul>\n<li>6 nastavkov (3 &#8211; 25 mm),<\/li>\n<li>postaja za polnjenje,<\/li>\n<li>energetsko u\u010dinkovit vti\u010dni transformator,<\/li>\n<li>strojno olje,<\/li>\n<li>\u010distilna krta\u010da in<\/li>\n<li>navodila.<\/li>\n<\/ul>","protected":false},"excerpt":{"rendered":"<p>Moser Easy Style 18981 je izjemno lahek profesionalen aparat za stri\u017eenje s \u0161irino rezila 40 mm, dol\u017eino rezila 0,7 mm in 6-imi nastavki (3 &#8211; 25 mm).<\/p>","protected":false},"featured_media":10821,"template":"","meta":{"_acf_changed":false,"inline_featured_image":false,"_monsterinsights_skip_tracking":false,"_monsterinsights_sitenote_active":false,"_monsterinsights_sitenote_note":"","_monsterinsights_sitenote_category":0},"product_cat":[369,160],"product_tag":[],"aioseo_notices":[],"acf":[],"_links":{"self":[{"href":"https:\/\/shop.tjasha.si\/en\/wp-json\/wp\/v2\/product\/10820"}],"collection":[{"href":"https:\/\/shop.tjasha.si\/en\/wp-json\/wp\/v2\/product"}],"about":[{"href":"https:\/\/shop.tjasha.si\/en\/wp-json\/wp\/v2\/types\/product"}],"version-history":[{"count":1,"href":"https:\/\/shop.tjasha.si\/en\/wp-json\/wp\/v2\/product\/10820\/revisions"}],"predecessor-version":[{"id":10822,"href":"https:\/\/shop.tjasha.si\/en\/wp-json\/wp\/v2\/product\/10820\/revisions\/10822"}],"wp:featuredmedia":[{"embeddable":true,"href":"https:\/\/shop.tjasha.si\/en\/wp-json\/wp\/v2\/media\/10821"}],"wp:attachment":[{"href":"https:\/\/shop.tjasha.si\/en\/wp-json\/wp\/v2\/media?parent=10820"}],"wp:term":[{"taxonomy":"product_cat","embeddable":true,"href":"https:\/\/shop.tjasha.si\/en\/wp-json\/wp\/v2\/product_cat?post=10820"},{"taxonomy":"product_tag","embeddable":true,"href":"https:\/\/shop.tjasha.si\/en\/wp-json\/wp\/v2\/product_tag?post=10820"}],"curies":[{"name":"wp","href":"https:\/\/api.w.org\/{rel}","templated":true}]}}