{"id":10826,"date":"2024-07-04T07:49:55","date_gmt":"2024-07-04T07:49:55","guid":{"rendered":"https:\/\/shop.tjasha.si\/?post_type=product&#038;p=10826"},"modified":"2024-12-30T16:27:31","modified_gmt":"2024-12-30T16:27:31","slug":"moser-neo-1886-aparat-za-strizenje","status":"publish","type":"product","link":"https:\/\/shop.tjasha.si\/en\/trgovina\/moser-neo-1886-aparat-za-strizenje\/","title":{"rendered":"Moser NEO 1886 aparat za stri\u017eenje"},"content":{"rendered":"<p><strong>Odlikuje se:<\/strong><\/p>\n<ul>\n<li>s\u00a0\u0161irno rezila 46 mm,<\/li>\n<li>s 4-imi\u00a0nastavki z\u00a0dol\u017eino rezila (od 0,7 do 3 mm),<\/li>\n<li>s tihim delovanjem,<\/li>\n<li>z mo\u017enostjo brez\u017ei\u010dnega delovanja (do 90 min) ali s kablom,<\/li>\n<li>z visokokakovostnim kovinskim rezilom z\u00a0integrirano mo\u017enost nastavitve dol\u017eine rezila od 0,7 do 3 mm,<\/li>\n<li>z nastavki za\u00a0hitro prilagoditev dol\u017eine reza in enostavno \u010di\u0161\u010denje, ter<\/li>\n<li>z LED indikatorjem za prikaz napolnjenosti baterije.<\/li>\n<\/ul>\n<p>&nbsp;<\/p>\n<p><strong>Dodatna oprema:<\/strong><\/p>\n<ul>\n<li>4-je nastavki za stri\u017eenje\u00a0(3, 6, 9, 12 mm),<\/li>\n<li>strojno olje,<\/li>\n<li>energetsko u\u010dinkovit vti\u010dni transformator,<\/li>\n<li>\u010distilna krta\u010da in<\/li>\n<li>navodila.<\/li>\n<\/ul>","protected":false},"excerpt":{"rendered":"<p>Moser NEO 1886 je profesionalen aparat za stri\u017eenje z mo\u017enostjo brez\u017ei\u010dnega delovanja ali delovanje s kablom. \u0160irina rezila je 46 mm, dol\u017eino pa prilagajate s 4-mi razli\u010dnimi nastavki, in sicer od 0,7 do 3 mm.<\/p>","protected":false},"featured_media":10827,"template":"","meta":{"_acf_changed":false,"inline_featured_image":false,"_monsterinsights_skip_tracking":false,"_monsterinsights_sitenote_active":false,"_monsterinsights_sitenote_note":"","_monsterinsights_sitenote_category":0},"product_cat":[369,160],"product_tag":[],"aioseo_notices":[],"acf":[],"_links":{"self":[{"href":"https:\/\/shop.tjasha.si\/en\/wp-json\/wp\/v2\/product\/10826"}],"collection":[{"href":"https:\/\/shop.tjasha.si\/en\/wp-json\/wp\/v2\/product"}],"about":[{"href":"https:\/\/shop.tjasha.si\/en\/wp-json\/wp\/v2\/types\/product"}],"version-history":[{"count":1,"href":"https:\/\/shop.tjasha.si\/en\/wp-json\/wp\/v2\/product\/10826\/revisions"}],"predecessor-version":[{"id":10828,"href":"https:\/\/shop.tjasha.si\/en\/wp-json\/wp\/v2\/product\/10826\/revisions\/10828"}],"wp:featuredmedia":[{"embeddable":true,"href":"https:\/\/shop.tjasha.si\/en\/wp-json\/wp\/v2\/media\/10827"}],"wp:attachment":[{"href":"https:\/\/shop.tjasha.si\/en\/wp-json\/wp\/v2\/media?parent=10826"}],"wp:term":[{"taxonomy":"product_cat","embeddable":true,"href":"https:\/\/shop.tjasha.si\/en\/wp-json\/wp\/v2\/product_cat?post=10826"},{"taxonomy":"product_tag","embeddable":true,"href":"https:\/\/shop.tjasha.si\/en\/wp-json\/wp\/v2\/product_tag?post=10826"}],"curies":[{"name":"wp","href":"https:\/\/api.w.org\/{rel}","templated":true}]}}