{"id":10843,"date":"2024-07-04T07:58:36","date_gmt":"2024-07-04T07:58:36","guid":{"rendered":"https:\/\/shop.tjasha.si\/?post_type=product&#038;p=10843"},"modified":"2024-07-04T07:58:36","modified_gmt":"2024-07-04T07:58:36","slug":"panasonic-er-rz10-trimer-aparat","status":"publish","type":"product","link":"https:\/\/shop.tjasha.si\/en\/trgovina\/panasonic-er-rz10-trimer-aparat\/","title":{"rendered":"PANASONIC ER-RZ10 TRIMER APARAT"},"content":{"rendered":"<p>Odlikuje se:<\/p>\n<ul>\n<li>z za\u0161\u010dito rezila,<\/li>\n<li>z zmo\u017enostjo stri\u017eenja 0,1 mm,<\/li>\n<li>z zmo\u017enostjo brez\u017ei\u010dnega delovanja, ali delovanja preko kabla za konstantno uporabo,<\/li>\n<li>s svojo zmo\u017enostjo nadomestila za \u0161karje,\u00a0ter<\/li>\n<li>z enostavnim \u010di\u0161\u010denjem.<\/li>\n<\/ul>\n<p>&nbsp;<\/p>\n<p>Dodatna oprema:<\/p>\n<ul>\n<li>stojalo za polnjenje in<\/li>\n<li>navodila.<\/li>\n<\/ul>","protected":false},"excerpt":{"rendered":"<p>Panasonic ER-RZ10 je profesionalen majhen trimer za lase, ki je lahko nadomestek \u0161karij.<\/p>","protected":false},"featured_media":10844,"template":"","meta":{"_acf_changed":false,"inline_featured_image":false,"_monsterinsights_skip_tracking":false,"_monsterinsights_sitenote_active":false,"_monsterinsights_sitenote_note":"","_monsterinsights_sitenote_category":0},"product_cat":[369,160],"product_tag":[],"aioseo_notices":[],"acf":[],"_links":{"self":[{"href":"https:\/\/shop.tjasha.si\/en\/wp-json\/wp\/v2\/product\/10843"}],"collection":[{"href":"https:\/\/shop.tjasha.si\/en\/wp-json\/wp\/v2\/product"}],"about":[{"href":"https:\/\/shop.tjasha.si\/en\/wp-json\/wp\/v2\/types\/product"}],"version-history":[{"count":1,"href":"https:\/\/shop.tjasha.si\/en\/wp-json\/wp\/v2\/product\/10843\/revisions"}],"predecessor-version":[{"id":10845,"href":"https:\/\/shop.tjasha.si\/en\/wp-json\/wp\/v2\/product\/10843\/revisions\/10845"}],"wp:featuredmedia":[{"embeddable":true,"href":"https:\/\/shop.tjasha.si\/en\/wp-json\/wp\/v2\/media\/10844"}],"wp:attachment":[{"href":"https:\/\/shop.tjasha.si\/en\/wp-json\/wp\/v2\/media?parent=10843"}],"wp:term":[{"taxonomy":"product_cat","embeddable":true,"href":"https:\/\/shop.tjasha.si\/en\/wp-json\/wp\/v2\/product_cat?post=10843"},{"taxonomy":"product_tag","embeddable":true,"href":"https:\/\/shop.tjasha.si\/en\/wp-json\/wp\/v2\/product_tag?post=10843"}],"curies":[{"name":"wp","href":"https:\/\/api.w.org\/{rel}","templated":true}]}}