{"id":10852,"date":"2024-07-04T08:02:31","date_gmt":"2024-07-04T08:02:31","guid":{"rendered":"https:\/\/shop.tjasha.si\/?post_type=product&#038;p=10852"},"modified":"2024-07-04T08:02:32","modified_gmt":"2024-07-04T08:02:32","slug":"wahl-beretto-aparat-za-strizenje","status":"publish","type":"product","link":"https:\/\/shop.tjasha.si\/en\/trgovina\/wahl-beretto-aparat-za-strizenje\/","title":{"rendered":"Wahl Beretto aparat za stri\u017eenje"},"content":{"rendered":"<p>Odlikuje se:<\/p>\n<ul>\n<li>z litij-ionsko baterijo, ki omogo\u010da hitro polnjenje in konstantno mo\u010d med stri\u017eenjem,<\/li>\n<li>z brez\u017ei\u010dnim stri\u017eenjem do 90 minut (polnjenje 180 min),<\/li>\n<li>z 10 minutnim hitrim polnjenjem za 5 minutno uporabo,<\/li>\n<li>z natan\u010dnim kromiranim rezilom (0,7 do 3 mm),<\/li>\n<li>s 4-imi nastavki (1, 4, 6, 8 mm),<\/li>\n<li>integrirano mo\u017enostjo nastavitve dol\u017eine rezanja za enostavno prilagajanje dol\u017eine stri\u017eenja,<\/li>\n<li>z enostavno snemljivim rezilom, ki omogo\u010da hitro \u010di\u0161\u010denje, ter<\/li>\n<li>z LED indikatorjem za prikazovanje stanja baterije.<\/li>\n<\/ul>\n<p>&nbsp;<\/p>\n<p>Dodatna oprema:<\/p>\n<ul>\n<li>\u00a0nastavkov (1 &#8211; 8 mm),<\/li>\n<li>polnilna postaja,<\/li>\n<li>strojno olje,<\/li>\n<li>\u010distilna krta\u010dka in<\/li>\n<li>navodila.<\/li>\n<\/ul>","protected":false},"excerpt":{"rendered":"<p>Wahl Bretto je profesionalen aparat za precizno in hitro stri\u017eenje.<\/p>","protected":false},"featured_media":10853,"template":"","meta":{"_acf_changed":false,"inline_featured_image":false,"_monsterinsights_skip_tracking":false,"_monsterinsights_sitenote_active":false,"_monsterinsights_sitenote_note":"","_monsterinsights_sitenote_category":0},"product_cat":[369,160],"product_tag":[],"aioseo_notices":[],"acf":[],"_links":{"self":[{"href":"https:\/\/shop.tjasha.si\/en\/wp-json\/wp\/v2\/product\/10852"}],"collection":[{"href":"https:\/\/shop.tjasha.si\/en\/wp-json\/wp\/v2\/product"}],"about":[{"href":"https:\/\/shop.tjasha.si\/en\/wp-json\/wp\/v2\/types\/product"}],"version-history":[{"count":1,"href":"https:\/\/shop.tjasha.si\/en\/wp-json\/wp\/v2\/product\/10852\/revisions"}],"predecessor-version":[{"id":10854,"href":"https:\/\/shop.tjasha.si\/en\/wp-json\/wp\/v2\/product\/10852\/revisions\/10854"}],"wp:featuredmedia":[{"embeddable":true,"href":"https:\/\/shop.tjasha.si\/en\/wp-json\/wp\/v2\/media\/10853"}],"wp:attachment":[{"href":"https:\/\/shop.tjasha.si\/en\/wp-json\/wp\/v2\/media?parent=10852"}],"wp:term":[{"taxonomy":"product_cat","embeddable":true,"href":"https:\/\/shop.tjasha.si\/en\/wp-json\/wp\/v2\/product_cat?post=10852"},{"taxonomy":"product_tag","embeddable":true,"href":"https:\/\/shop.tjasha.si\/en\/wp-json\/wp\/v2\/product_tag?post=10852"}],"curies":[{"name":"wp","href":"https:\/\/api.w.org\/{rel}","templated":true}]}}