{"id":10864,"date":"2024-07-04T08:07:37","date_gmt":"2024-07-04T08:07:37","guid":{"rendered":"https:\/\/shop.tjasha.si\/?post_type=product&#038;p=10864"},"modified":"2024-07-04T08:07:37","modified_gmt":"2024-07-04T08:07:37","slug":"wahl-finale-aparat-za-britje-in-strizenje","status":"publish","type":"product","link":"https:\/\/shop.tjasha.si\/en\/trgovina\/wahl-finale-aparat-za-britje-in-strizenje\/","title":{"rendered":"Wahl Finale aparat za britje in stri\u017eenje"},"content":{"rendered":"<p>Odlikuje se:<\/p>\n<ul>\n<li>z izjemno tankim rezilom, ki omogo\u010da stri\u017eenje tudi\u00a0 0,1 mm ob lasi\u0161\u010du,<\/li>\n<li>s \u0161irino rezila 45 mm,<\/li>\n<li>z rezilom\u00a0iz zelo kakovostnega iz hipoalergi\u010dnega zlata, ki prepre\u010duje dra\u017eenje ko\u017ee,<\/li>\n<li>pri uporabi je potreben le lahek pritisk in \u017ee boste dosegli izjemno natan\u010dno stri\u017eenje tik ob lasi\u0161\u010du,<\/li>\n<li>z litij-lonsko baterijo, ki omogo\u010da delovanje do 80 minut (polni se 120 min) in je izjemno lahka,<\/li>\n<li>z indikatorjem, ki prikazuje stanje baterije,<\/li>\n<li>z enostavno snemljivo folijo za la\u017eje \u010di\u0161\u010denje, ter<\/li>\n<li>s stojalom za aparat.<\/li>\n<\/ul>\n<p>&nbsp;<\/p>\n<p>Dodatna oprema:<\/p>\n<ul>\n<li>\u010dopi\u010d za \u010di\u0161\u010denje las,<\/li>\n<li>strojno olje,<\/li>\n<li>krta\u010dko za \u010di\u0161\u010denje,<\/li>\n<li>polnilno postajo,<\/li>\n<li>polnilec, in<\/li>\n<li>navodila.<\/li>\n<\/ul>","protected":false},"excerpt":{"rendered":"<p>Wahl Finale je vrhunski profesionalen aparat za stri\u017eenje, ki je zasnovan za oblikovanje zadnjih detajlov pri prehodih, britju, konturah in ostalih oblikah frizur, ki potrebujejo izjemno preciznost.<\/p>","protected":false},"featured_media":10865,"template":"","meta":{"_acf_changed":false,"inline_featured_image":false,"_monsterinsights_skip_tracking":false,"_monsterinsights_sitenote_active":false,"_monsterinsights_sitenote_note":"","_monsterinsights_sitenote_category":0},"product_cat":[369,160],"product_tag":[],"aioseo_notices":[],"acf":[],"_links":{"self":[{"href":"https:\/\/shop.tjasha.si\/en\/wp-json\/wp\/v2\/product\/10864"}],"collection":[{"href":"https:\/\/shop.tjasha.si\/en\/wp-json\/wp\/v2\/product"}],"about":[{"href":"https:\/\/shop.tjasha.si\/en\/wp-json\/wp\/v2\/types\/product"}],"version-history":[{"count":1,"href":"https:\/\/shop.tjasha.si\/en\/wp-json\/wp\/v2\/product\/10864\/revisions"}],"predecessor-version":[{"id":10866,"href":"https:\/\/shop.tjasha.si\/en\/wp-json\/wp\/v2\/product\/10864\/revisions\/10866"}],"wp:featuredmedia":[{"embeddable":true,"href":"https:\/\/shop.tjasha.si\/en\/wp-json\/wp\/v2\/media\/10865"}],"wp:attachment":[{"href":"https:\/\/shop.tjasha.si\/en\/wp-json\/wp\/v2\/media?parent=10864"}],"wp:term":[{"taxonomy":"product_cat","embeddable":true,"href":"https:\/\/shop.tjasha.si\/en\/wp-json\/wp\/v2\/product_cat?post=10864"},{"taxonomy":"product_tag","embeddable":true,"href":"https:\/\/shop.tjasha.si\/en\/wp-json\/wp\/v2\/product_tag?post=10864"}],"curies":[{"name":"wp","href":"https:\/\/api.w.org\/{rel}","templated":true}]}}