{"id":10867,"date":"2024-07-04T08:09:13","date_gmt":"2024-07-04T08:09:13","guid":{"rendered":"https:\/\/shop.tjasha.si\/?post_type=product&#038;p=10867"},"modified":"2024-07-04T08:09:13","modified_gmt":"2024-07-04T08:09:13","slug":"wahl-hero-trimer-aparat-za-strizenje","status":"publish","type":"product","link":"https:\/\/shop.tjasha.si\/en\/trgovina\/wahl-hero-trimer-aparat-za-strizenje\/","title":{"rendered":"Wahl Hero trimer aparat za stri\u017eenje"},"content":{"rendered":"<p>Odlikuje se:<\/p>\n<ul>\n<li>s precizno bru\u0161enim T rezilom,<\/li>\n<li>s profesionalnim rotacijskim motorjem, za neprekinjeno delovanje in z dolgo \u017eivljenjsko dobo,<\/li>\n<li>namenjen je trimiranju in oblikovanju prehodov,<\/li>\n<li>zaradi oblike rezila je primeren tudi za\u00a0oblikovanje vzorcev, ter<\/li>\n<li>zaradi svoje velikosti je idealen tudi za manj\u0161e roke.<\/li>\n<\/ul>\n<p>&nbsp;<\/p>\n<p>Dodatna oprema:<\/p>\n<ul>\n<li>3-je nastavki (1.5, 3 in 4.5 mm).<\/li>\n<li>&#8220;zero overlap&#8221; nastavek,<\/li>\n<li>strojno olje,<\/li>\n<li>krta\u010dka za \u010di\u0161\u010denje,<\/li>\n<li>\u0161\u010ditnik rezila,<\/li>\n<li>polnilec in<\/li>\n<li>navodila.<\/li>\n<\/ul>","protected":false},"excerpt":{"rendered":"<p>Wahl Hero trimer je izjemno zmogljiv profesionalen aparat za stri\u017eenje iz 5 zvezdi\u010dne serije s T rezilom za konstantno uporabo. Primeren za stri\u017eenje kraj\u0161ih las, brade in brkov.<\/p>","protected":false},"featured_media":10868,"template":"","meta":{"_acf_changed":false,"inline_featured_image":false,"_monsterinsights_skip_tracking":false,"_monsterinsights_sitenote_active":false,"_monsterinsights_sitenote_note":"","_monsterinsights_sitenote_category":0},"product_cat":[369,160],"product_tag":[],"aioseo_notices":[],"acf":[],"_links":{"self":[{"href":"https:\/\/shop.tjasha.si\/en\/wp-json\/wp\/v2\/product\/10867"}],"collection":[{"href":"https:\/\/shop.tjasha.si\/en\/wp-json\/wp\/v2\/product"}],"about":[{"href":"https:\/\/shop.tjasha.si\/en\/wp-json\/wp\/v2\/types\/product"}],"version-history":[{"count":1,"href":"https:\/\/shop.tjasha.si\/en\/wp-json\/wp\/v2\/product\/10867\/revisions"}],"predecessor-version":[{"id":10869,"href":"https:\/\/shop.tjasha.si\/en\/wp-json\/wp\/v2\/product\/10867\/revisions\/10869"}],"wp:featuredmedia":[{"embeddable":true,"href":"https:\/\/shop.tjasha.si\/en\/wp-json\/wp\/v2\/media\/10868"}],"wp:attachment":[{"href":"https:\/\/shop.tjasha.si\/en\/wp-json\/wp\/v2\/media?parent=10867"}],"wp:term":[{"taxonomy":"product_cat","embeddable":true,"href":"https:\/\/shop.tjasha.si\/en\/wp-json\/wp\/v2\/product_cat?post=10867"},{"taxonomy":"product_tag","embeddable":true,"href":"https:\/\/shop.tjasha.si\/en\/wp-json\/wp\/v2\/product_tag?post=10867"}],"curies":[{"name":"wp","href":"https:\/\/api.w.org\/{rel}","templated":true}]}}