{"id":10883,"date":"2024-07-04T08:22:40","date_gmt":"2024-07-04T08:22:40","guid":{"rendered":"https:\/\/shop.tjasha.si\/?post_type=product&#038;p=10883"},"modified":"2024-07-04T08:22:41","modified_gmt":"2024-07-04T08:22:41","slug":"wahl-senior-cordless-aparat-za-strizenje","status":"publish","type":"product","link":"https:\/\/shop.tjasha.si\/en\/trgovina\/wahl-senior-cordless-aparat-za-strizenje\/","title":{"rendered":"Wahl Senior Cordless aparat za stri\u017eenje"},"content":{"rendered":"<p>Odlikuje se:<\/p>\n<ul>\n<li>z aluminijastim ohi\u0161jem, ki omogo\u010da bolj\u0161i oprijem in s tem ve\u010djo natan\u010dnost stri\u017eenja,<\/li>\n<li>z nastavki (1 do 4 mm),<\/li>\n<li>brez\u017ei\u010dnim delovanjem (do 70 min) in hitrim polnjenjem (70 min),<\/li>\n<li>s tankim prilagodljivim rezilom z ravno spodnjo stranjo, ki je primerno za stri\u017eenje tik ob lasi\u0161\u010du,<\/li>\n<li>z zmogljivim motorjem, ki omogo\u010da ve\u010djo hitrost rezila in pove\u010dan navor za \u0161e ve\u010djo rezalno mo\u010d,<\/li>\n<li>z litij-ionsko baterijo, ki omogo\u010da konstantno mo\u010d stri\u017eenja, ne glede na stanje napolnjenosti baterije, ter<\/li>\n<li>z ro\u010dico, s katero se prilagaja nagib rezila (1 do 3,5 mm).<\/li>\n<\/ul>\n<p>&nbsp;<\/p>\n<p>Dodatna oprema:<\/p>\n<ul>\n<li>nastavki (1 &#8211; 4 mm),<\/li>\n<li>strojno olje,<\/li>\n<li>\u010distilna krta\u010dka,<\/li>\n<li>adapter in<\/li>\n<li>navodila.<\/li>\n<\/ul>","protected":false},"excerpt":{"rendered":"<p>Wahl Senior Cordless je profesionalen aparat za stri\u017eenje navdu\u0161uje z aluminijastim ohi\u0161jem, ki omogo\u010da ve\u010djo kontrolo in s tem bolj natan\u010dno stri\u017eenje.<\/p>","protected":false},"featured_media":10884,"template":"","meta":{"_acf_changed":false,"inline_featured_image":false,"_monsterinsights_skip_tracking":false,"_monsterinsights_sitenote_active":false,"_monsterinsights_sitenote_note":"","_monsterinsights_sitenote_category":0},"product_cat":[369,160],"product_tag":[],"aioseo_notices":[],"acf":[],"_links":{"self":[{"href":"https:\/\/shop.tjasha.si\/en\/wp-json\/wp\/v2\/product\/10883"}],"collection":[{"href":"https:\/\/shop.tjasha.si\/en\/wp-json\/wp\/v2\/product"}],"about":[{"href":"https:\/\/shop.tjasha.si\/en\/wp-json\/wp\/v2\/types\/product"}],"version-history":[{"count":1,"href":"https:\/\/shop.tjasha.si\/en\/wp-json\/wp\/v2\/product\/10883\/revisions"}],"predecessor-version":[{"id":10885,"href":"https:\/\/shop.tjasha.si\/en\/wp-json\/wp\/v2\/product\/10883\/revisions\/10885"}],"wp:featuredmedia":[{"embeddable":true,"href":"https:\/\/shop.tjasha.si\/en\/wp-json\/wp\/v2\/media\/10884"}],"wp:attachment":[{"href":"https:\/\/shop.tjasha.si\/en\/wp-json\/wp\/v2\/media?parent=10883"}],"wp:term":[{"taxonomy":"product_cat","embeddable":true,"href":"https:\/\/shop.tjasha.si\/en\/wp-json\/wp\/v2\/product_cat?post=10883"},{"taxonomy":"product_tag","embeddable":true,"href":"https:\/\/shop.tjasha.si\/en\/wp-json\/wp\/v2\/product_tag?post=10883"}],"curies":[{"name":"wp","href":"https:\/\/api.w.org\/{rel}","templated":true}]}}