{"id":10886,"date":"2024-07-04T08:23:53","date_gmt":"2024-07-04T08:23:53","guid":{"rendered":"https:\/\/shop.tjasha.si\/?post_type=product&#038;p=10886"},"modified":"2024-07-04T08:23:53","modified_gmt":"2024-07-04T08:23:53","slug":"wahl-super-taper-aparat-za-strizenje-bel","status":"publish","type":"product","link":"https:\/\/shop.tjasha.si\/en\/trgovina\/wahl-super-taper-aparat-za-strizenje-bel\/","title":{"rendered":"Wahl Super Taper aparat za stri\u017eenje &#8211; bel"},"content":{"rendered":"<p>Odlikuje se:<\/p>\n<ul>\n<li>z vzdr\u017eljivim mo\u010dnim motorjem V5000 z dolgo \u017eivljenjsko dobo,<\/li>\n<li>z nastavljivim nagibom rezila, ki omogo\u010da stri\u017eenje razli\u010dnih dol\u017ein brez nastavkov (1 do 3,5 mm), ter<\/li>\n<li>s kablom za konstantno uporabo \u010dez cel dan.<\/li>\n<\/ul>\n<p>&nbsp;<\/p>\n<p>Dodatna oprema:<\/p>\n<ul>\n<li>za\u0161\u010dita za rezilo,<\/li>\n<li>4-je nastavki (1 do 4 mm)<\/li>\n<li>majhen raven glavnik,<\/li>\n<li>strojno olje,<\/li>\n<li>krta\u010dka za \u010di\u0161\u010denje in<\/li>\n<li>navodila.<\/li>\n<\/ul>","protected":false},"excerpt":{"rendered":"<p>Wahl Super Taper je profesionalen aparat za stri\u017eenje z mo\u010dnim V5000 motorjem in nastavljivim nagibom rezila, za frizerje in brivce.<\/p>","protected":false},"featured_media":10887,"template":"","meta":{"_acf_changed":false,"inline_featured_image":false,"_monsterinsights_skip_tracking":false,"_monsterinsights_sitenote_active":false,"_monsterinsights_sitenote_note":"","_monsterinsights_sitenote_category":0},"product_cat":[369,160],"product_tag":[],"aioseo_notices":[],"acf":[],"_links":{"self":[{"href":"https:\/\/shop.tjasha.si\/en\/wp-json\/wp\/v2\/product\/10886"}],"collection":[{"href":"https:\/\/shop.tjasha.si\/en\/wp-json\/wp\/v2\/product"}],"about":[{"href":"https:\/\/shop.tjasha.si\/en\/wp-json\/wp\/v2\/types\/product"}],"version-history":[{"count":1,"href":"https:\/\/shop.tjasha.si\/en\/wp-json\/wp\/v2\/product\/10886\/revisions"}],"predecessor-version":[{"id":10888,"href":"https:\/\/shop.tjasha.si\/en\/wp-json\/wp\/v2\/product\/10886\/revisions\/10888"}],"wp:featuredmedia":[{"embeddable":true,"href":"https:\/\/shop.tjasha.si\/en\/wp-json\/wp\/v2\/media\/10887"}],"wp:attachment":[{"href":"https:\/\/shop.tjasha.si\/en\/wp-json\/wp\/v2\/media?parent=10886"}],"wp:term":[{"taxonomy":"product_cat","embeddable":true,"href":"https:\/\/shop.tjasha.si\/en\/wp-json\/wp\/v2\/product_cat?post=10886"},{"taxonomy":"product_tag","embeddable":true,"href":"https:\/\/shop.tjasha.si\/en\/wp-json\/wp\/v2\/product_tag?post=10886"}],"curies":[{"name":"wp","href":"https:\/\/api.w.org\/{rel}","templated":true}]}}