{"id":10892,"date":"2024-07-04T08:26:38","date_gmt":"2024-07-04T08:26:38","guid":{"rendered":"https:\/\/shop.tjasha.si\/?post_type=product&#038;p=10892"},"modified":"2024-07-04T08:26:39","modified_gmt":"2024-07-04T08:26:39","slug":"wahl-super-taper-cordless-aparat-za-strizenje","status":"publish","type":"product","link":"https:\/\/shop.tjasha.si\/en\/trgovina\/wahl-super-taper-cordless-aparat-za-strizenje\/","title":{"rendered":"Wahl Super Taper Cordless aparat za stri\u017eenje"},"content":{"rendered":"<p>Odlikuje se:<\/p>\n<ul>\n<li>s zmo\u017enostjo brez\u017ei\u010dnega delovanja ali konstantnega delovanja preko kabla,<\/li>\n<li>z litij-ionsko baterijo, ki omogo\u010da brez\u017ei\u010dno stri\u017eenje do 90 min (polni se 120 min), ter<\/li>\n<li>z nastavljivim nagibom rezila, ki omogo\u010da stri\u017eenje razli\u010dnih dol\u017ein brez nastavkov (1 do 3,5 mm).<\/li>\n<\/ul>\n<p>&nbsp;<\/p>\n<p>Dodatna oprema:<\/p>\n<ul>\n<li>za\u0161\u010dita za rezilo,<\/li>\n<li>4-je nastavki (1 do 4 mm)<\/li>\n<li>majhen raven glavnik,<\/li>\n<li>za\u0161\u010dita za rezilo,<\/li>\n<li>polnilec,<\/li>\n<li>strojno olje,<\/li>\n<li>krta\u010dka za \u010di\u0161\u010denje in<\/li>\n<li>navodila.<\/li>\n<\/ul>","protected":false},"excerpt":{"rendered":"<p>Wahl Super Taper Cordless je profesionalen brez\u017ei\u010den aparat za stri\u017eenje, ki s svojo litij-ionsko baterijo omogo\u010da do 90 minut stri\u017eenja in se pona\u0161a z nastavljivim nagibom rezila.<\/p>","protected":false},"featured_media":10893,"template":"","meta":{"_acf_changed":false,"inline_featured_image":false,"_monsterinsights_skip_tracking":false,"_monsterinsights_sitenote_active":false,"_monsterinsights_sitenote_note":"","_monsterinsights_sitenote_category":0},"product_cat":[369,160],"product_tag":[],"aioseo_notices":[],"acf":[],"_links":{"self":[{"href":"https:\/\/shop.tjasha.si\/en\/wp-json\/wp\/v2\/product\/10892"}],"collection":[{"href":"https:\/\/shop.tjasha.si\/en\/wp-json\/wp\/v2\/product"}],"about":[{"href":"https:\/\/shop.tjasha.si\/en\/wp-json\/wp\/v2\/types\/product"}],"version-history":[{"count":1,"href":"https:\/\/shop.tjasha.si\/en\/wp-json\/wp\/v2\/product\/10892\/revisions"}],"predecessor-version":[{"id":10894,"href":"https:\/\/shop.tjasha.si\/en\/wp-json\/wp\/v2\/product\/10892\/revisions\/10894"}],"wp:featuredmedia":[{"embeddable":true,"href":"https:\/\/shop.tjasha.si\/en\/wp-json\/wp\/v2\/media\/10893"}],"wp:attachment":[{"href":"https:\/\/shop.tjasha.si\/en\/wp-json\/wp\/v2\/media?parent=10892"}],"wp:term":[{"taxonomy":"product_cat","embeddable":true,"href":"https:\/\/shop.tjasha.si\/en\/wp-json\/wp\/v2\/product_cat?post=10892"},{"taxonomy":"product_tag","embeddable":true,"href":"https:\/\/shop.tjasha.si\/en\/wp-json\/wp\/v2\/product_tag?post=10892"}],"curies":[{"name":"wp","href":"https:\/\/api.w.org\/{rel}","templated":true}]}}