{"id":10904,"date":"2024-07-04T08:32:56","date_gmt":"2024-07-04T08:32:56","guid":{"rendered":"https:\/\/shop.tjasha.si\/?post_type=product&#038;p=10904"},"modified":"2024-12-30T16:26:23","modified_gmt":"2024-12-30T16:26:23","slug":"moser-wahl-rezilo-za-aparat-t-cut","status":"publish","type":"product","link":"https:\/\/shop.tjasha.si\/en\/trgovina\/moser-wahl-rezilo-za-aparat-t-cut\/","title":{"rendered":"Moser\/Wahl rezilo za aparat &#8211; T-Cut"},"content":{"rendered":"<p>Mo\u017e je primeren za aparate z oznako:<\/p>\n<ul>\n<li>Li+Pro Mini<\/li>\n<li>ChroMini Pro<\/li>\n<li>T-Cut<\/li>\n<li>NeoLiner<\/li>\n<li>Beret<\/li>\n<li>Stealth Beret<\/li>\n<\/ul>","protected":false},"excerpt":{"rendered":"<p>Rezilo\/no\u017e za aparate Moser, Wahl in Ermila z oznakami 1584, 1585, 1586, 1590, 1591, 1592. Rezilo je v obliki \u010drke T, \u0161irina rezila 40mm. Idealno za stri\u017eenje na vratu, okoli u\u0161es itd. Rezilo je enostavno za \u010di\u0161\u010denje in je enostavno snemljivo. No\u017e je iz nerjave\u010dega jekla.<\/p>","protected":false},"featured_media":10905,"template":"","meta":{"_acf_changed":false,"inline_featured_image":false,"_monsterinsights_skip_tracking":false,"_monsterinsights_sitenote_active":false,"_monsterinsights_sitenote_note":"","_monsterinsights_sitenote_category":0},"product_cat":[369,160],"product_tag":[],"aioseo_notices":[],"acf":[],"_links":{"self":[{"href":"https:\/\/shop.tjasha.si\/en\/wp-json\/wp\/v2\/product\/10904"}],"collection":[{"href":"https:\/\/shop.tjasha.si\/en\/wp-json\/wp\/v2\/product"}],"about":[{"href":"https:\/\/shop.tjasha.si\/en\/wp-json\/wp\/v2\/types\/product"}],"version-history":[{"count":1,"href":"https:\/\/shop.tjasha.si\/en\/wp-json\/wp\/v2\/product\/10904\/revisions"}],"predecessor-version":[{"id":10906,"href":"https:\/\/shop.tjasha.si\/en\/wp-json\/wp\/v2\/product\/10904\/revisions\/10906"}],"wp:featuredmedia":[{"embeddable":true,"href":"https:\/\/shop.tjasha.si\/en\/wp-json\/wp\/v2\/media\/10905"}],"wp:attachment":[{"href":"https:\/\/shop.tjasha.si\/en\/wp-json\/wp\/v2\/media?parent=10904"}],"wp:term":[{"taxonomy":"product_cat","embeddable":true,"href":"https:\/\/shop.tjasha.si\/en\/wp-json\/wp\/v2\/product_cat?post=10904"},{"taxonomy":"product_tag","embeddable":true,"href":"https:\/\/shop.tjasha.si\/en\/wp-json\/wp\/v2\/product_tag?post=10904"}],"curies":[{"name":"wp","href":"https:\/\/api.w.org\/{rel}","templated":true}]}}