{"id":10907,"date":"2024-07-04T08:34:12","date_gmt":"2024-07-04T08:34:12","guid":{"rendered":"https:\/\/shop.tjasha.si\/?post_type=product&#038;p=10907"},"modified":"2024-12-30T16:26:14","modified_gmt":"2024-12-30T16:26:14","slug":"moser-wahl-rezilo-za-aparat-medicinski-noz-medical-precision","status":"publish","type":"product","link":"https:\/\/shop.tjasha.si\/en\/trgovina\/moser-wahl-rezilo-za-aparat-medicinski-noz-medical-precision\/","title":{"rendered":"Moser\/wahl rezilo za aparat &#8211; medicinski no\u017e Medical Precision"},"content":{"rendered":"<p>Mo\u017e je primeren za aparate z oznako:<\/p>\n<ul>\n<li>Genio<\/li>\n<li>EasyStyle<\/li>\n<\/ul>","protected":false},"excerpt":{"rendered":"<p>Rezilo\/no\u017e Medical Precision Blade je primerno za aparate z oznako 1466, 1450, 1455, 1456, 1457, 1565, 1566, Genio , Basic II. No\u017e je primeren za stri\u017eenje na 0, uporablja se lahko tudi v medicinske namene. No\u017e je narejen iz nerjave\u010dega jekla. Enostaven za \u010di\u0161\u010denje in enostavno snemljiv.<\/p>","protected":false},"featured_media":10908,"template":"","meta":{"_acf_changed":false,"inline_featured_image":false,"_monsterinsights_skip_tracking":false,"_monsterinsights_sitenote_active":false,"_monsterinsights_sitenote_note":"","_monsterinsights_sitenote_category":0},"product_cat":[369,160],"product_tag":[],"aioseo_notices":[],"acf":[],"_links":{"self":[{"href":"https:\/\/shop.tjasha.si\/en\/wp-json\/wp\/v2\/product\/10907"}],"collection":[{"href":"https:\/\/shop.tjasha.si\/en\/wp-json\/wp\/v2\/product"}],"about":[{"href":"https:\/\/shop.tjasha.si\/en\/wp-json\/wp\/v2\/types\/product"}],"version-history":[{"count":1,"href":"https:\/\/shop.tjasha.si\/en\/wp-json\/wp\/v2\/product\/10907\/revisions"}],"predecessor-version":[{"id":10909,"href":"https:\/\/shop.tjasha.si\/en\/wp-json\/wp\/v2\/product\/10907\/revisions\/10909"}],"wp:featuredmedia":[{"embeddable":true,"href":"https:\/\/shop.tjasha.si\/en\/wp-json\/wp\/v2\/media\/10908"}],"wp:attachment":[{"href":"https:\/\/shop.tjasha.si\/en\/wp-json\/wp\/v2\/media?parent=10907"}],"wp:term":[{"taxonomy":"product_cat","embeddable":true,"href":"https:\/\/shop.tjasha.si\/en\/wp-json\/wp\/v2\/product_cat?post=10907"},{"taxonomy":"product_tag","embeddable":true,"href":"https:\/\/shop.tjasha.si\/en\/wp-json\/wp\/v2\/product_tag?post=10907"}],"curies":[{"name":"wp","href":"https:\/\/api.w.org\/{rel}","templated":true}]}}