{"id":10910,"date":"2024-07-04T08:35:38","date_gmt":"2024-07-04T08:35:38","guid":{"rendered":"https:\/\/shop.tjasha.si\/?post_type=product&#038;p=10910"},"modified":"2024-12-30T16:26:05","modified_gmt":"2024-12-30T16:26:05","slug":"moser-aparat-za-strizenje-t-cut-1591","status":"publish","type":"product","link":"https:\/\/shop.tjasha.si\/en\/trgovina\/moser-aparat-za-strizenje-t-cut-1591\/","title":{"rendered":"Moser aparat za stri\u017eenje T-Cut 1591"},"content":{"rendered":"<p>Aparat moser 1591 T-Cud odlikuje:<\/p>\n<ul>\n<li>\u0161ir\u0161e rezilo 40mm<\/li>\n<li>ergonomi\u010dna oblika, lahek in tih<\/li>\n<li>visoka zmogljivost, mo\u010d motorja 6400 RPM<\/li>\n<li>zelo fin no\u017e za precizne tehnike<\/li>\n<li>led indikator<\/li>\n<li>90min polnjenja, 60min konstantne uporabe<\/li>\n<\/ul>\n<p>Aparat vklju\u010duje adapter za polnjenje, \u0161\u010detko za \u010di\u0161\u010denje in stojno olje.<\/p>","protected":false},"excerpt":{"rendered":"<p>Moser Chro Mini Pro T-Cut je profesionalen aparat za stri\u017eenje s \u0161irino rezila 40mm in dol\u017eino rezila 0,4 mm. Idealen za oblikovanje kontur, finih linij in kreativen slog. Idealen za vse \u02ddpobrite glave\u02dd. Primeren za stri\u017eenje kraj\u0161ih las, brade in brkov.<\/p>","protected":false},"featured_media":10911,"template":"","meta":{"_acf_changed":false,"inline_featured_image":false,"_monsterinsights_skip_tracking":false,"_monsterinsights_sitenote_active":false,"_monsterinsights_sitenote_note":"","_monsterinsights_sitenote_category":0},"product_cat":[369,160],"product_tag":[],"aioseo_notices":[],"acf":[],"_links":{"self":[{"href":"https:\/\/shop.tjasha.si\/en\/wp-json\/wp\/v2\/product\/10910"}],"collection":[{"href":"https:\/\/shop.tjasha.si\/en\/wp-json\/wp\/v2\/product"}],"about":[{"href":"https:\/\/shop.tjasha.si\/en\/wp-json\/wp\/v2\/types\/product"}],"version-history":[{"count":1,"href":"https:\/\/shop.tjasha.si\/en\/wp-json\/wp\/v2\/product\/10910\/revisions"}],"predecessor-version":[{"id":10912,"href":"https:\/\/shop.tjasha.si\/en\/wp-json\/wp\/v2\/product\/10910\/revisions\/10912"}],"wp:featuredmedia":[{"embeddable":true,"href":"https:\/\/shop.tjasha.si\/en\/wp-json\/wp\/v2\/media\/10911"}],"wp:attachment":[{"href":"https:\/\/shop.tjasha.si\/en\/wp-json\/wp\/v2\/media?parent=10910"}],"wp:term":[{"taxonomy":"product_cat","embeddable":true,"href":"https:\/\/shop.tjasha.si\/en\/wp-json\/wp\/v2\/product_cat?post=10910"},{"taxonomy":"product_tag","embeddable":true,"href":"https:\/\/shop.tjasha.si\/en\/wp-json\/wp\/v2\/product_tag?post=10910"}],"curies":[{"name":"wp","href":"https:\/\/api.w.org\/{rel}","templated":true}]}}