{"id":10919,"date":"2024-07-04T08:40:13","date_gmt":"2024-07-04T08:40:13","guid":{"rendered":"https:\/\/shop.tjasha.si\/?post_type=product&#038;p=10919"},"modified":"2024-07-04T08:40:14","modified_gmt":"2024-07-04T08:40:14","slug":"wahl-rezilo-noz-za-striznik-beret-04mm","status":"publish","type":"product","link":"https:\/\/shop.tjasha.si\/en\/trgovina\/wahl-rezilo-noz-za-striznik-beret-04mm\/","title":{"rendered":"Wahl rezilo\/no\u017e za stri\u017enik Beret 0,4mm"},"content":{"rendered":"<p>Prilo\u017eeno je strojno olje.<\/p>","protected":false},"excerpt":{"rendered":"<p>Rezilo\/no\u017e za stri\u017enik Wahl Beret.<\/p>","protected":false},"featured_media":10920,"template":"","meta":{"_acf_changed":false,"inline_featured_image":false,"_monsterinsights_skip_tracking":false,"_monsterinsights_sitenote_active":false,"_monsterinsights_sitenote_note":"","_monsterinsights_sitenote_category":0},"product_cat":[369,160],"product_tag":[],"aioseo_notices":[],"acf":[],"_links":{"self":[{"href":"https:\/\/shop.tjasha.si\/en\/wp-json\/wp\/v2\/product\/10919"}],"collection":[{"href":"https:\/\/shop.tjasha.si\/en\/wp-json\/wp\/v2\/product"}],"about":[{"href":"https:\/\/shop.tjasha.si\/en\/wp-json\/wp\/v2\/types\/product"}],"version-history":[{"count":1,"href":"https:\/\/shop.tjasha.si\/en\/wp-json\/wp\/v2\/product\/10919\/revisions"}],"predecessor-version":[{"id":10921,"href":"https:\/\/shop.tjasha.si\/en\/wp-json\/wp\/v2\/product\/10919\/revisions\/10921"}],"wp:featuredmedia":[{"embeddable":true,"href":"https:\/\/shop.tjasha.si\/en\/wp-json\/wp\/v2\/media\/10920"}],"wp:attachment":[{"href":"https:\/\/shop.tjasha.si\/en\/wp-json\/wp\/v2\/media?parent=10919"}],"wp:term":[{"taxonomy":"product_cat","embeddable":true,"href":"https:\/\/shop.tjasha.si\/en\/wp-json\/wp\/v2\/product_cat?post=10919"},{"taxonomy":"product_tag","embeddable":true,"href":"https:\/\/shop.tjasha.si\/en\/wp-json\/wp\/v2\/product_tag?post=10919"}],"curies":[{"name":"wp","href":"https:\/\/api.w.org\/{rel}","templated":true}]}}