{"id":10931,"date":"2024-07-04T08:45:20","date_gmt":"2024-07-04T08:45:20","guid":{"rendered":"https:\/\/shop.tjasha.si\/?post_type=product&#038;p=10931"},"modified":"2024-07-04T08:45:21","modified_gmt":"2024-07-04T08:45:21","slug":"wahl-rezilo-noz-za-striznik-magic-clip-cordless","status":"publish","type":"product","link":"https:\/\/shop.tjasha.si\/en\/trgovina\/wahl-rezilo-noz-za-striznik-magic-clip-cordless\/","title":{"rendered":"Wahl rezilo\/no\u017e za stri\u017enik Magic Clip (cordless)"},"content":{"rendered":"<p>Prilo\u017eeno je strojno olje za rezilo.<\/p>","protected":false},"excerpt":{"rendered":"<p>Rezilo\/no\u017e za stri\u017enik Wahl Magic Clip (baterijski). Rezilo se nastavlja na dol\u017eino 0,8mm &#8211; 2,5mm.<\/p>","protected":false},"featured_media":10932,"template":"","meta":{"_acf_changed":false,"inline_featured_image":false,"_monsterinsights_skip_tracking":false,"_monsterinsights_sitenote_active":false,"_monsterinsights_sitenote_note":"","_monsterinsights_sitenote_category":0},"product_cat":[369,160],"product_tag":[],"aioseo_notices":[],"acf":[],"_links":{"self":[{"href":"https:\/\/shop.tjasha.si\/en\/wp-json\/wp\/v2\/product\/10931"}],"collection":[{"href":"https:\/\/shop.tjasha.si\/en\/wp-json\/wp\/v2\/product"}],"about":[{"href":"https:\/\/shop.tjasha.si\/en\/wp-json\/wp\/v2\/types\/product"}],"version-history":[{"count":1,"href":"https:\/\/shop.tjasha.si\/en\/wp-json\/wp\/v2\/product\/10931\/revisions"}],"predecessor-version":[{"id":10933,"href":"https:\/\/shop.tjasha.si\/en\/wp-json\/wp\/v2\/product\/10931\/revisions\/10933"}],"wp:featuredmedia":[{"embeddable":true,"href":"https:\/\/shop.tjasha.si\/en\/wp-json\/wp\/v2\/media\/10932"}],"wp:attachment":[{"href":"https:\/\/shop.tjasha.si\/en\/wp-json\/wp\/v2\/media?parent=10931"}],"wp:term":[{"taxonomy":"product_cat","embeddable":true,"href":"https:\/\/shop.tjasha.si\/en\/wp-json\/wp\/v2\/product_cat?post=10931"},{"taxonomy":"product_tag","embeddable":true,"href":"https:\/\/shop.tjasha.si\/en\/wp-json\/wp\/v2\/product_tag?post=10931"}],"curies":[{"name":"wp","href":"https:\/\/api.w.org\/{rel}","templated":true}]}}