{"id":10943,"date":"2024-07-04T08:50:43","date_gmt":"2024-07-04T08:50:43","guid":{"rendered":"https:\/\/shop.tjasha.si\/?post_type=product&#038;p=10943"},"modified":"2024-12-30T16:25:36","modified_gmt":"2024-12-30T16:25:36","slug":"moser-aparat-za-strizenje-chrom2style-1877","status":"publish","type":"product","link":"https:\/\/shop.tjasha.si\/en\/trgovina\/moser-aparat-za-strizenje-chrom2style-1877\/","title":{"rendered":"Moser aparat za stri\u017eenje Chrom2Style 1877"},"content":{"rendered":"<p>Odlikuje se:<\/p>\n<ul>\n<li>s profesionalnim precizno bru\u0161enim rezilom iz nerjave\u010dega jekla \u0161irokim 46 mm in dolgim od 0,7 do 3 mm,<\/li>\n<li>6-imi nastavki<\/li>\n<li>z enostavno snemljivim rezilom, kar omogo\u010da enostavno \u010di\u0161\u010denje,<\/li>\n<li>s svojo lahkostjo,<\/li>\n<li>s tihim delovanjem,<\/li>\n<li>z mo\u010dno Li-lonsko baterijo, ki omogo\u010da do 120 minut dela in s hitrim polnjenjem (le 80 min),<\/li>\n<li>s \u010dipiranim motorjem, ki omogo\u010da konstantno mo\u010d stri\u017eenja, ne glede na napolnjenost baterije,<\/li>\n<li>z LED indikatorjem za prikazovanje stanja baterije, ter<\/li>\n<li>z zvo\u010dnimi opozorili (polnjenje, kon\u010dano polnjenje,&#8230;)<\/li>\n<\/ul>\n<p>&nbsp;<\/p>\n<p>Dodatna oprema:<\/p>\n<ul>\n<li>6 snemljivih nastavkov,<\/li>\n<li>postaja za polnjenje,<\/li>\n<li>energetsko u\u010dinkovit vti\u010dni transformator,<\/li>\n<li>strojno olje,<\/li>\n<li>\u010distilna krta\u010da in<\/li>\n<li>navodila.<\/li>\n<\/ul>","protected":false},"excerpt":{"rendered":"<p>Moser Chrom2Style je profesionalni brez\u017ei\u010dni aparat za stri\u017eenje las, s 6-imi nastavki za stri\u017eenje. Odli\u010den design aparata je prejel nagrado RedDor design award.<\/p>","protected":false},"featured_media":10944,"template":"","meta":{"_acf_changed":false,"inline_featured_image":false,"_monsterinsights_skip_tracking":false,"_monsterinsights_sitenote_active":false,"_monsterinsights_sitenote_note":"","_monsterinsights_sitenote_category":0},"product_cat":[369,160],"product_tag":[],"aioseo_notices":[],"acf":[],"_links":{"self":[{"href":"https:\/\/shop.tjasha.si\/en\/wp-json\/wp\/v2\/product\/10943"}],"collection":[{"href":"https:\/\/shop.tjasha.si\/en\/wp-json\/wp\/v2\/product"}],"about":[{"href":"https:\/\/shop.tjasha.si\/en\/wp-json\/wp\/v2\/types\/product"}],"version-history":[{"count":1,"href":"https:\/\/shop.tjasha.si\/en\/wp-json\/wp\/v2\/product\/10943\/revisions"}],"predecessor-version":[{"id":10945,"href":"https:\/\/shop.tjasha.si\/en\/wp-json\/wp\/v2\/product\/10943\/revisions\/10945"}],"wp:featuredmedia":[{"embeddable":true,"href":"https:\/\/shop.tjasha.si\/en\/wp-json\/wp\/v2\/media\/10944"}],"wp:attachment":[{"href":"https:\/\/shop.tjasha.si\/en\/wp-json\/wp\/v2\/media?parent=10943"}],"wp:term":[{"taxonomy":"product_cat","embeddable":true,"href":"https:\/\/shop.tjasha.si\/en\/wp-json\/wp\/v2\/product_cat?post=10943"},{"taxonomy":"product_tag","embeddable":true,"href":"https:\/\/shop.tjasha.si\/en\/wp-json\/wp\/v2\/product_tag?post=10943"}],"curies":[{"name":"wp","href":"https:\/\/api.w.org\/{rel}","templated":true}]}}