{"id":10967,"date":"2024-07-04T09:00:00","date_gmt":"2024-07-04T09:00:00","guid":{"rendered":"https:\/\/shop.tjasha.si\/?post_type=product&#038;p=10967"},"modified":"2024-07-04T09:00:00","modified_gmt":"2024-07-04T09:00:00","slug":"sthauer-aparat-za-strizenje-calibro-metal-jacket-t-zero","status":"publish","type":"product","link":"https:\/\/shop.tjasha.si\/en\/trgovina\/sthauer-aparat-za-strizenje-calibro-metal-jacket-t-zero\/","title":{"rendered":"Sthauer aparat za stri\u017eenje Calibro Metal Jacket * T-Zero"},"content":{"rendered":"<p>Odlikuje ga:<\/p>\n<ul>\n<li>baterija, ki zdr\u017ei 2h<\/li>\n<li>hitro polnjenje le 90min<\/li>\n<li>rezilo v obliki T, za bolj precizno stri\u017eenje<\/li>\n<li>3. nastavki 1mm, 2mm in 3mm<\/li>\n<\/ul>\n<p>Dodatna oprema:<\/p>\n<ul>\n<li>3 nastavki<\/li>\n<li>adapter<\/li>\n<li>\u0161\u010detka za \u010di\u0161\u010denje<\/li>\n<li>pokrov\u010dek za za\u0161\u010dito rezila<\/li>\n<li>olje za rezilo<\/li>\n<\/ul>","protected":false},"excerpt":{"rendered":"<p>Aparat za stri\u017eenje iz nerjave\u010dega jekla z &#8221;zero gap&#8221; rezilom, ki lase ostri\u017ee precizno. Primerno za stri\u017eenje kraj\u0161ih las in linij.<\/p>","protected":false},"featured_media":10968,"template":"","meta":{"_acf_changed":false,"inline_featured_image":false,"_monsterinsights_skip_tracking":false,"_monsterinsights_sitenote_active":false,"_monsterinsights_sitenote_note":"","_monsterinsights_sitenote_category":0},"product_cat":[369,160],"product_tag":[],"aioseo_notices":[],"acf":[],"_links":{"self":[{"href":"https:\/\/shop.tjasha.si\/en\/wp-json\/wp\/v2\/product\/10967"}],"collection":[{"href":"https:\/\/shop.tjasha.si\/en\/wp-json\/wp\/v2\/product"}],"about":[{"href":"https:\/\/shop.tjasha.si\/en\/wp-json\/wp\/v2\/types\/product"}],"version-history":[{"count":1,"href":"https:\/\/shop.tjasha.si\/en\/wp-json\/wp\/v2\/product\/10967\/revisions"}],"predecessor-version":[{"id":10969,"href":"https:\/\/shop.tjasha.si\/en\/wp-json\/wp\/v2\/product\/10967\/revisions\/10969"}],"wp:featuredmedia":[{"embeddable":true,"href":"https:\/\/shop.tjasha.si\/en\/wp-json\/wp\/v2\/media\/10968"}],"wp:attachment":[{"href":"https:\/\/shop.tjasha.si\/en\/wp-json\/wp\/v2\/media?parent=10967"}],"wp:term":[{"taxonomy":"product_cat","embeddable":true,"href":"https:\/\/shop.tjasha.si\/en\/wp-json\/wp\/v2\/product_cat?post=10967"},{"taxonomy":"product_tag","embeddable":true,"href":"https:\/\/shop.tjasha.si\/en\/wp-json\/wp\/v2\/product_tag?post=10967"}],"curies":[{"name":"wp","href":"https:\/\/api.w.org\/{rel}","templated":true}]}}