{"id":10970,"date":"2024-07-04T09:01:12","date_gmt":"2024-07-04T09:01:12","guid":{"rendered":"https:\/\/shop.tjasha.si\/?post_type=product&#038;p=10970"},"modified":"2024-07-04T09:01:13","modified_gmt":"2024-07-04T09:01:13","slug":"ultron-striznik-za-lase-msx-salon-edition","status":"publish","type":"product","link":"https:\/\/shop.tjasha.si\/en\/trgovina\/ultron-striznik-za-lase-msx-salon-edition\/","title":{"rendered":"Ultron stri\u017enik za lase MSX Salon Edition"},"content":{"rendered":"<p>Odlikuje ga:<\/p>\n<ul>\n<li>nastavljivo rezilo 0mm &#8211; 2mm<\/li>\n<li>ekstremno mo\u010den nastavek iz karbona 2,5mm<\/li>\n<li>4. nastavki za stri\u017eenje (3mm, 6mm, 9mm, 12mm)<\/li>\n<li>prilo\u017eeno strojno olje in \u0161\u010detka za \u010di\u0161\u010denje.<\/li>\n<\/ul>","protected":false},"excerpt":{"rendered":"<p>Profesionalni stri\u017enik za lase Ultron MSX je primeren za stri\u017eenje vseh tipov las. Kabelski aparat za stri\u017eenje ima nastavljivo rezilo 0mm &#8211; 2mm. Prilo\u017eeni so 4. nastavki in \u0161e en dodaten karbonski, zelo mo\u010den nastavek.<\/p>","protected":false},"featured_media":10971,"template":"","meta":{"_acf_changed":false,"inline_featured_image":false,"_monsterinsights_skip_tracking":false,"_monsterinsights_sitenote_active":false,"_monsterinsights_sitenote_note":"","_monsterinsights_sitenote_category":0},"product_cat":[369,160],"product_tag":[],"aioseo_notices":[],"acf":[],"_links":{"self":[{"href":"https:\/\/shop.tjasha.si\/en\/wp-json\/wp\/v2\/product\/10970"}],"collection":[{"href":"https:\/\/shop.tjasha.si\/en\/wp-json\/wp\/v2\/product"}],"about":[{"href":"https:\/\/shop.tjasha.si\/en\/wp-json\/wp\/v2\/types\/product"}],"version-history":[{"count":1,"href":"https:\/\/shop.tjasha.si\/en\/wp-json\/wp\/v2\/product\/10970\/revisions"}],"predecessor-version":[{"id":10972,"href":"https:\/\/shop.tjasha.si\/en\/wp-json\/wp\/v2\/product\/10970\/revisions\/10972"}],"wp:featuredmedia":[{"embeddable":true,"href":"https:\/\/shop.tjasha.si\/en\/wp-json\/wp\/v2\/media\/10971"}],"wp:attachment":[{"href":"https:\/\/shop.tjasha.si\/en\/wp-json\/wp\/v2\/media?parent=10970"}],"wp:term":[{"taxonomy":"product_cat","embeddable":true,"href":"https:\/\/shop.tjasha.si\/en\/wp-json\/wp\/v2\/product_cat?post=10970"},{"taxonomy":"product_tag","embeddable":true,"href":"https:\/\/shop.tjasha.si\/en\/wp-json\/wp\/v2\/product_tag?post=10970"}],"curies":[{"name":"wp","href":"https:\/\/api.w.org\/{rel}","templated":true}]}}