{"id":10976,"date":"2024-07-04T09:05:45","date_gmt":"2024-07-04T09:05:45","guid":{"rendered":"https:\/\/shop.tjasha.si\/?post_type=product&#038;p=10976"},"modified":"2024-07-04T09:06:19","modified_gmt":"2024-07-04T09:06:19","slug":"wahl-vanish-baterijski-aparat-za-britje-in-strizenje","status":"publish","type":"product","link":"https:\/\/shop.tjasha.si\/en\/trgovina\/wahl-vanish-baterijski-aparat-za-britje-in-strizenje\/","title":{"rendered":"Wahl Vanish baterijski aparat za britje in stri\u017eenje"},"content":{"rendered":"<p><strong>Wahl Vanish odlikuje:<\/strong><\/p>\n<p>&#8211; izbolj\u0161ana mre\u017eica za nebole\u010de britje brez po\u0161kodb<\/p>\n<p>&#8211; vsebuje zelo fino folijo zlate barve (zelo ob\u010dutljivo na udarce)<\/p>\n<p>&#8211; optimalno za ozke prehode (npr. na obmo\u010dju vratu in tilnika)<\/p>\n<p>&#8211; zelo mo\u010dan motor DC 9000<\/p>\n<p>&#8211; natan\u010dnost reza 0,05mm<\/p>\n<p>&#8211; brez\u017ei\u010dni aparat, ki deluje tudi na kabel (v primeru prazne baterije)<\/p>\n<p>&#8211; ergonomi\u010den dizajn, z udobnim oprijemom<\/p>\n<p>&#8211; 100+ minut delovanja, hiter \u010das polnjenja<\/p>\n<p>&#8211; Li-Ionska baterija LI-ION<\/p>\n<p>&#8211; 48mm \u0161irina mre\u017eice za britje<\/p>\n<p>&#8211; menljive folije za britje<\/p>\n<p>&#8211; pametna\u00a0LED indikacija za prikaz stanja baterije (30%, 60% in 90% polnost baterije)<\/p>\n<p>&nbsp;<\/p>\n<p><strong>Dodatna oprema:\u00a0<\/strong><\/p>\n<p>&#8211; pokrov za za\u0161\u010dito<\/p>\n<p>&#8211; kabel za polnjenje<\/p>\n<p>&#8211; dve \u0161\u010detki za \u010di\u0161\u010denje<\/p>\n<p>&nbsp;<\/p>\n<p><strong>Opozorila:\u00a0<\/strong><\/p>\n<p>&#8211; aparat se ne sme \u010distiti z vodo<\/p>\n<p>&#8211; aparat ne sme biti v stiku z vodo<\/p>\n<p>&#8211; ni primerno za stri\u017eenje oz britje dalj\u0161ih las oz brade (max 3mm)<\/p>\n<p>&#8211; zlata folija ni v garanciji in je zelo ob\u010dutljiva<\/p>\n<p><strong>Aparat ni primeren za kraj\u0161anja oz britje dalj\u0161e brade.\u00a0<\/strong><\/p>","protected":false},"excerpt":{"rendered":"<p>Visoko kakovostni profesionalni brivnik za stri\u017eenje las ali brade. Nov 5* brivnik Vanish je baterijski, ergonomi\u010den in lahek aparat za zaklju\u010dne detajle pri stri\u017eenju las ali brade. Primeren za &#8216;obrite&#8217; glave in brade, linije na vratu in obrazu. Za udobno britje, brez po\u0161kodb in bole\u010din. Brivnik Vanish je novej\u0161a in izbolj\u0161ana razli\u010dica brivnika Finale.<\/p>","protected":false},"featured_media":10977,"template":"","meta":{"_acf_changed":false,"inline_featured_image":false,"_monsterinsights_skip_tracking":false,"_monsterinsights_sitenote_active":false,"_monsterinsights_sitenote_note":"","_monsterinsights_sitenote_category":0},"product_cat":[369,160],"product_tag":[],"aioseo_notices":[],"acf":[],"_links":{"self":[{"href":"https:\/\/shop.tjasha.si\/en\/wp-json\/wp\/v2\/product\/10976"}],"collection":[{"href":"https:\/\/shop.tjasha.si\/en\/wp-json\/wp\/v2\/product"}],"about":[{"href":"https:\/\/shop.tjasha.si\/en\/wp-json\/wp\/v2\/types\/product"}],"version-history":[{"count":1,"href":"https:\/\/shop.tjasha.si\/en\/wp-json\/wp\/v2\/product\/10976\/revisions"}],"predecessor-version":[{"id":10978,"href":"https:\/\/shop.tjasha.si\/en\/wp-json\/wp\/v2\/product\/10976\/revisions\/10978"}],"wp:featuredmedia":[{"embeddable":true,"href":"https:\/\/shop.tjasha.si\/en\/wp-json\/wp\/v2\/media\/10977"}],"wp:attachment":[{"href":"https:\/\/shop.tjasha.si\/en\/wp-json\/wp\/v2\/media?parent=10976"}],"wp:term":[{"taxonomy":"product_cat","embeddable":true,"href":"https:\/\/shop.tjasha.si\/en\/wp-json\/wp\/v2\/product_cat?post=10976"},{"taxonomy":"product_tag","embeddable":true,"href":"https:\/\/shop.tjasha.si\/en\/wp-json\/wp\/v2\/product_tag?post=10976"}],"curies":[{"name":"wp","href":"https:\/\/api.w.org\/{rel}","templated":true}]}}