{"id":10979,"date":"2024-07-04T09:08:13","date_gmt":"2024-07-04T09:08:13","guid":{"rendered":"https:\/\/shop.tjasha.si\/?post_type=product&#038;p=10979"},"modified":"2024-07-04T09:08:13","modified_gmt":"2024-07-04T09:08:13","slug":"wahl-super-close-aparat-za-strizenje-las-in-brade","status":"publish","type":"product","link":"https:\/\/shop.tjasha.si\/en\/trgovina\/wahl-super-close-aparat-za-strizenje-las-in-brade\/","title":{"rendered":"Wahl Super Close aparat za stri\u017eenje las in brade"},"content":{"rendered":"<p><strong>Wahl Super Close brivnik odlikuje:\u00a0<\/strong><\/p>\n<p>&#8211; Li-Ionska baterija do 150min delovanja &#8211; polnjenje 90min<\/p>\n<p>&#8211; DC motor &#8211; tiho delovanje<\/p>\n<p>&#8211; delovanje na baterijo oz kabel (v primeru prazne baterije)<\/p>\n<p>&#8211; dol\u017eina reza &#8211; 0,05mm (skoraj 0, primerno za &#8216;obrite&#8217; glave in brade)<\/p>\n<p>&#8211; \u0161irina rezilne folije 45mm<\/p>\n<p>&nbsp;<\/p>\n<p><strong>Dodatki:\u00a0<\/strong><\/p>\n<p>&#8211; dodatno nadomestno rezilo<\/p>\n<p>&#8211; dodatna folija<\/p>\n<p>&#8211; potovalna torbica<\/p>\n<p>&#8211; polnilec<\/p>\n<p>&#8211; \u0161\u010detka za \u010di\u0161\u010denje<\/p>\n<p>&#8211; kovinska \u0161katla za shranjevanje<\/p>\n<p>&nbsp;<\/p>\n<p><strong>Opozorilo:<\/strong><\/p>\n<p>&#8211; ni primerno za stri\u017eenje dal\u0161ih las ali brade (max- 1-3mm dol\u017eine)<\/p>\n<p>&#8211; prepovedana uporaba z vodo<\/p>\n<p>&#8211; prepovedano \u010di\u0161\u010denje z vodo<\/p>\n<p>&#8211; na folijo ni garancije<\/p>","protected":false},"excerpt":{"rendered":"<p>Brivnik za zelo kratke lase in brado. Super mo\u010dan profesionalni brivnik za zaklju\u010dno stri\u017eenje las in brade. Primerno za vsakdanjo uporabo, kot tudi za potovanja.<\/p>","protected":false},"featured_media":10980,"template":"","meta":{"_acf_changed":false,"inline_featured_image":false,"_monsterinsights_skip_tracking":false,"_monsterinsights_sitenote_active":false,"_monsterinsights_sitenote_note":"","_monsterinsights_sitenote_category":0},"product_cat":[369,160],"product_tag":[],"aioseo_notices":[],"acf":[],"_links":{"self":[{"href":"https:\/\/shop.tjasha.si\/en\/wp-json\/wp\/v2\/product\/10979"}],"collection":[{"href":"https:\/\/shop.tjasha.si\/en\/wp-json\/wp\/v2\/product"}],"about":[{"href":"https:\/\/shop.tjasha.si\/en\/wp-json\/wp\/v2\/types\/product"}],"version-history":[{"count":1,"href":"https:\/\/shop.tjasha.si\/en\/wp-json\/wp\/v2\/product\/10979\/revisions"}],"predecessor-version":[{"id":10981,"href":"https:\/\/shop.tjasha.si\/en\/wp-json\/wp\/v2\/product\/10979\/revisions\/10981"}],"wp:featuredmedia":[{"embeddable":true,"href":"https:\/\/shop.tjasha.si\/en\/wp-json\/wp\/v2\/media\/10980"}],"wp:attachment":[{"href":"https:\/\/shop.tjasha.si\/en\/wp-json\/wp\/v2\/media?parent=10979"}],"wp:term":[{"taxonomy":"product_cat","embeddable":true,"href":"https:\/\/shop.tjasha.si\/en\/wp-json\/wp\/v2\/product_cat?post=10979"},{"taxonomy":"product_tag","embeddable":true,"href":"https:\/\/shop.tjasha.si\/en\/wp-json\/wp\/v2\/product_tag?post=10979"}],"curies":[{"name":"wp","href":"https:\/\/api.w.org\/{rel}","templated":true}]}}