{"id":10982,"date":"2024-07-04T09:09:52","date_gmt":"2024-07-04T09:09:52","guid":{"rendered":"https:\/\/shop.tjasha.si\/?post_type=product&#038;p=10982"},"modified":"2024-12-30T16:22:35","modified_gmt":"2024-12-30T16:22:35","slug":"moser-set-neo-mobile-shaver-darilo-frizersko-ogrinjalo","status":"publish","type":"product","link":"https:\/\/shop.tjasha.si\/en\/trgovina\/moser-set-neo-mobile-shaver-darilo-frizersko-ogrinjalo\/","title":{"rendered":"Moser SET Neo + Mobile Shaver + darilo frizersko ogrinjalo"},"content":{"rendered":"<p><strong>Set vklju\u010duje:<\/strong><\/p>\n<p>&nbsp;<\/p>\n<p>&#8211; Moser NEO (aparat, 4 nastavki, kabel za polnjenje, \u0161\u010detka za \u010di\u0161\u010denje, stojno olje, navodila, garancija)<\/p>\n<p>&#8211; Moser Mobile Shaver (\u0161\u010ditnik rezila, nastavek, torbica, krta\u010dka za \u010di\u0161\u010denje, kovinska \u0161katla, kabel, navodila in garancija)<\/p>\n<p>&#8211; frizersko ogrinjalo za stri\u017eenje Moser &#8211; \u010drne barve<\/p>\n<p><strong>Aparati se ne smejo uporabljati ali \u010distiti z vodo.\u00a0<\/strong><\/p>","protected":false},"excerpt":{"rendered":"<p>Set Moser Neo in Moser Mobile Shaver v setu. Zraven dobite odli\u010dno darilo: frizersko ogrinjalo Moser.<\/p>","protected":false},"featured_media":10983,"template":"","meta":{"_acf_changed":false,"inline_featured_image":false,"_monsterinsights_skip_tracking":false,"_monsterinsights_sitenote_active":false,"_monsterinsights_sitenote_note":"","_monsterinsights_sitenote_category":0},"product_cat":[369,160],"product_tag":[],"aioseo_notices":[],"acf":[],"_links":{"self":[{"href":"https:\/\/shop.tjasha.si\/en\/wp-json\/wp\/v2\/product\/10982"}],"collection":[{"href":"https:\/\/shop.tjasha.si\/en\/wp-json\/wp\/v2\/product"}],"about":[{"href":"https:\/\/shop.tjasha.si\/en\/wp-json\/wp\/v2\/types\/product"}],"version-history":[{"count":1,"href":"https:\/\/shop.tjasha.si\/en\/wp-json\/wp\/v2\/product\/10982\/revisions"}],"predecessor-version":[{"id":10984,"href":"https:\/\/shop.tjasha.si\/en\/wp-json\/wp\/v2\/product\/10982\/revisions\/10984"}],"wp:featuredmedia":[{"embeddable":true,"href":"https:\/\/shop.tjasha.si\/en\/wp-json\/wp\/v2\/media\/10983"}],"wp:attachment":[{"href":"https:\/\/shop.tjasha.si\/en\/wp-json\/wp\/v2\/media?parent=10982"}],"wp:term":[{"taxonomy":"product_cat","embeddable":true,"href":"https:\/\/shop.tjasha.si\/en\/wp-json\/wp\/v2\/product_cat?post=10982"},{"taxonomy":"product_tag","embeddable":true,"href":"https:\/\/shop.tjasha.si\/en\/wp-json\/wp\/v2\/product_tag?post=10982"}],"curies":[{"name":"wp","href":"https:\/\/api.w.org\/{rel}","templated":true}]}}