{"id":10985,"date":"2024-07-04T09:11:23","date_gmt":"2024-07-04T09:11:23","guid":{"rendered":"https:\/\/shop.tjasha.si\/?post_type=product&#038;p=10985"},"modified":"2024-07-04T09:11:23","modified_gmt":"2024-07-04T09:11:23","slug":"gamma-cistilna-tekocina-za-rezila-striznikov-7in1-blade-therapy","status":"publish","type":"product","link":"https:\/\/shop.tjasha.si\/en\/trgovina\/gamma-cistilna-tekocina-za-rezila-striznikov-7in1-blade-therapy\/","title":{"rendered":"Gamma+ \u010distilna teko\u010dina za rezila stri\u017enikov 7in1 Blade Therapy"},"content":{"rendered":"<p>Ne uporabljajte ga za \u010di\u0161\u010denje drugih elektri\u010dnih naprav, le za rezila stri\u017enikov.<\/p>\n<p>Uporaba: iz rezila odstranite vso umazanijo in ne\u010disto\u010de. Gamma Blade Therapy teko\u010dino nalijte v primerno posodo (premer cca 5cm-10cm odvisno od velikosti rezila), potopite samo rezilo in vklopite stri\u017enik. Po\u010dakajte 10-20 sekund, da se s tresljaji odstrani vsa skrita umazanija in ostanki las. S krpo dobro obri\u0161ite rezilo in odstranite odve\u010dno teko\u010dino.<\/p>","protected":false},"excerpt":{"rendered":"<p>\u010cistilna teko\u010dina za rezila stri\u017enikov. Ma\u017ee, razku\u017euje, \u010disti, hladi rezilo, prepre\u010duje rjo, nestrupeno, biorazgradljivo. Teko\u010dina odstrani vse skrite umazanije iz stri\u017enika in ga obenem razku\u017ei ter ohladi.<\/p>","protected":false},"featured_media":10986,"template":"","meta":{"_acf_changed":false,"inline_featured_image":false,"_monsterinsights_skip_tracking":false,"_monsterinsights_sitenote_active":false,"_monsterinsights_sitenote_note":"","_monsterinsights_sitenote_category":0},"product_cat":[369,160],"product_tag":[],"aioseo_notices":[],"acf":[],"_links":{"self":[{"href":"https:\/\/shop.tjasha.si\/en\/wp-json\/wp\/v2\/product\/10985"}],"collection":[{"href":"https:\/\/shop.tjasha.si\/en\/wp-json\/wp\/v2\/product"}],"about":[{"href":"https:\/\/shop.tjasha.si\/en\/wp-json\/wp\/v2\/types\/product"}],"version-history":[{"count":1,"href":"https:\/\/shop.tjasha.si\/en\/wp-json\/wp\/v2\/product\/10985\/revisions"}],"predecessor-version":[{"id":10987,"href":"https:\/\/shop.tjasha.si\/en\/wp-json\/wp\/v2\/product\/10985\/revisions\/10987"}],"wp:featuredmedia":[{"embeddable":true,"href":"https:\/\/shop.tjasha.si\/en\/wp-json\/wp\/v2\/media\/10986"}],"wp:attachment":[{"href":"https:\/\/shop.tjasha.si\/en\/wp-json\/wp\/v2\/media?parent=10985"}],"wp:term":[{"taxonomy":"product_cat","embeddable":true,"href":"https:\/\/shop.tjasha.si\/en\/wp-json\/wp\/v2\/product_cat?post=10985"},{"taxonomy":"product_tag","embeddable":true,"href":"https:\/\/shop.tjasha.si\/en\/wp-json\/wp\/v2\/product_tag?post=10985"}],"curies":[{"name":"wp","href":"https:\/\/api.w.org\/{rel}","templated":true}]}}