{"id":10988,"date":"2024-07-04T09:12:34","date_gmt":"2024-07-04T09:12:34","guid":{"rendered":"https:\/\/shop.tjasha.si\/?post_type=product&#038;p=10988"},"modified":"2024-07-04T09:12:35","modified_gmt":"2024-07-04T09:12:35","slug":"wahl-detailer-cordless-gold-aparat-za-strizenje","status":"publish","type":"product","link":"https:\/\/shop.tjasha.si\/en\/trgovina\/wahl-detailer-cordless-gold-aparat-za-strizenje\/","title":{"rendered":"Wahl Detailer Cordless Gold aparat za stri\u017eenje"},"content":{"rendered":"<p>Wahl Detailer Cordless je 5 zvezdi\u010dna serija litij-lionskih brez\u017ei\u010dnih profesionalnih aparatov za stri\u017eenje.<\/p>\n<p><strong>\u00a0<\/strong><\/p>\n<p><strong>Odlikuje se:<\/strong><\/p>\n<ul>\n<li>s profesionalnim dizajnom in ostrino T &#8211; rezila za doseganje zahtev za \u0161e tako zahtevne frizerje in brivce,<\/li>\n<li>namenjen je oblikovanju detajlom,<\/li>\n<li>s 3-mi nastavki,<\/li>\n<li>z visokokakovostno litij-lionsko baterijo,<\/li>\n<li>posebno zasnovano rezilo iz visokooglji\u010dnega jekla, s prevleko iz titana omogo\u010dajo rezilu, da se ne pregreva,<\/li>\n<li>rezilo, lahko prilagodite tudi na 0mm,<\/li>\n<li>rezilo nam omogo\u010da izjemo tesno stri\u017eenje, ki ustvari ostro in \u010disto linijo,<\/li>\n<li>z mo\u017enostjo\u00a0brez\u017ei\u010dne uporabe ali delovanja s kablom,<\/li>\n<li>s visokokakovostno litij-ionsko baterijo, ki omogo\u010da brez\u017ei\u010dno delovanje do 100 min, ter<\/li>\n<li>z izbolj\u0161anim rotacijskim motorjem in dolgo \u017eivljensko dobo.<\/li>\n<\/ul>\n<p>&nbsp;<\/p>\n<p><strong>Dodatna oprema:<\/strong><\/p>\n<ul>\n<li>kabel,<\/li>\n<li>postaja za polnjenje,<\/li>\n<li>strojno olje,<\/li>\n<li>krta\u010da za \u010di\u0161\u010denje in<\/li>\n<li>navodila.<\/li>\n<\/ul>","protected":false},"excerpt":{"rendered":"<p>Wahl Detailer Cordless je 5 zvezdi\u010dna serija litij-lionskih brez\u017ei\u010dnih profesionalnih aparatov za stri\u017eenje. Nova gold linija se odlikuje tudi po hitrem polnenju, kjer 5 minutno polnenje dose\u017ee 14 minutno delovanje aparata.<\/p>","protected":false},"featured_media":10989,"template":"","meta":{"_acf_changed":false,"inline_featured_image":false,"_monsterinsights_skip_tracking":false,"_monsterinsights_sitenote_active":false,"_monsterinsights_sitenote_note":"","_monsterinsights_sitenote_category":0},"product_cat":[369,160],"product_tag":[],"aioseo_notices":[],"acf":[],"_links":{"self":[{"href":"https:\/\/shop.tjasha.si\/en\/wp-json\/wp\/v2\/product\/10988"}],"collection":[{"href":"https:\/\/shop.tjasha.si\/en\/wp-json\/wp\/v2\/product"}],"about":[{"href":"https:\/\/shop.tjasha.si\/en\/wp-json\/wp\/v2\/types\/product"}],"version-history":[{"count":1,"href":"https:\/\/shop.tjasha.si\/en\/wp-json\/wp\/v2\/product\/10988\/revisions"}],"predecessor-version":[{"id":10990,"href":"https:\/\/shop.tjasha.si\/en\/wp-json\/wp\/v2\/product\/10988\/revisions\/10990"}],"wp:featuredmedia":[{"embeddable":true,"href":"https:\/\/shop.tjasha.si\/en\/wp-json\/wp\/v2\/media\/10989"}],"wp:attachment":[{"href":"https:\/\/shop.tjasha.si\/en\/wp-json\/wp\/v2\/media?parent=10988"}],"wp:term":[{"taxonomy":"product_cat","embeddable":true,"href":"https:\/\/shop.tjasha.si\/en\/wp-json\/wp\/v2\/product_cat?post=10988"},{"taxonomy":"product_tag","embeddable":true,"href":"https:\/\/shop.tjasha.si\/en\/wp-json\/wp\/v2\/product_tag?post=10988"}],"curies":[{"name":"wp","href":"https:\/\/api.w.org\/{rel}","templated":true}]}}