{"id":10991,"date":"2024-07-04T09:13:58","date_gmt":"2024-07-04T09:13:58","guid":{"rendered":"https:\/\/shop.tjasha.si\/?post_type=product&#038;p=10991"},"modified":"2024-07-04T09:13:59","modified_gmt":"2024-07-04T09:13:59","slug":"wahl-magic-clip-cordless-gold-edition-aparat-za-strizenje","status":"publish","type":"product","link":"https:\/\/shop.tjasha.si\/en\/trgovina\/wahl-magic-clip-cordless-gold-edition-aparat-za-strizenje\/","title":{"rendered":"Wahl Magic Clip Cordless Gold Edition aparat za stri\u017eenje"},"content":{"rendered":"<p><strong>Lastnosti:<\/strong><\/p>\n<ul>\n<li>lahek,<\/li>\n<li>posebno zasnovano rezilo iz visokooglji\u010dnega jekla, s prevleko iz titana omogo\u010dajo rezilu, da se ne pregreva,<\/li>\n<li>litij-ionska baterija z 100 minutnim \u010dasom delovanja na polnjenje,<\/li>\n<li>\u010das polnenja je 60 minut,<\/li>\n<li>hitrost\/obrati motorja 6500RPM,<\/li>\n<li>ro\u010dica za nastavitev dol\u017eine rezila,<\/li>\n<li>stri\u017eenje na nulo &#8211; 0mm.<\/li>\n<\/ul>\n<p>&nbsp;<\/p>\n<p><strong>Paket vsebuje:<\/strong><\/p>\n<ul>\n<li>8 nastavkov\/glavni\u010dkov (krom-plastika),<\/li>\n<li>za\u0161\u010dita za rezilo,<\/li>\n<li>\u0161\u010detka za \u010di\u0161\u010denje,<\/li>\n<li>olje za stri\u017enik,<\/li>\n<li>glavnik za stri\u017eenje in<\/li>\n<li>navodila.<\/li>\n<li>Slike so simboli\u010dne.<\/li>\n<\/ul>","protected":false},"excerpt":{"rendered":"<p>Aparat za stri\u017eenje Wahl Magic Clip Cordless z novim zlatim dizajnom, je brez\u017ei\u010dni aparat za stri\u017eenje s petimi zvezdicami je zasnovan tako, da zagotavlja visoke zmogljivosti, ki jih strokovnjaki zahtevajo za brezskrbno in profesionalno uporabo.<\/p>","protected":false},"featured_media":10992,"template":"","meta":{"_acf_changed":false,"inline_featured_image":false,"_monsterinsights_skip_tracking":false,"_monsterinsights_sitenote_active":false,"_monsterinsights_sitenote_note":"","_monsterinsights_sitenote_category":0},"product_cat":[369,160],"product_tag":[],"aioseo_notices":[],"acf":[],"_links":{"self":[{"href":"https:\/\/shop.tjasha.si\/en\/wp-json\/wp\/v2\/product\/10991"}],"collection":[{"href":"https:\/\/shop.tjasha.si\/en\/wp-json\/wp\/v2\/product"}],"about":[{"href":"https:\/\/shop.tjasha.si\/en\/wp-json\/wp\/v2\/types\/product"}],"version-history":[{"count":1,"href":"https:\/\/shop.tjasha.si\/en\/wp-json\/wp\/v2\/product\/10991\/revisions"}],"predecessor-version":[{"id":10993,"href":"https:\/\/shop.tjasha.si\/en\/wp-json\/wp\/v2\/product\/10991\/revisions\/10993"}],"wp:featuredmedia":[{"embeddable":true,"href":"https:\/\/shop.tjasha.si\/en\/wp-json\/wp\/v2\/media\/10992"}],"wp:attachment":[{"href":"https:\/\/shop.tjasha.si\/en\/wp-json\/wp\/v2\/media?parent=10991"}],"wp:term":[{"taxonomy":"product_cat","embeddable":true,"href":"https:\/\/shop.tjasha.si\/en\/wp-json\/wp\/v2\/product_cat?post=10991"},{"taxonomy":"product_tag","embeddable":true,"href":"https:\/\/shop.tjasha.si\/en\/wp-json\/wp\/v2\/product_tag?post=10991"}],"curies":[{"name":"wp","href":"https:\/\/api.w.org\/{rel}","templated":true}]}}