{"id":10997,"date":"2024-07-04T09:19:15","date_gmt":"2024-07-04T09:19:15","guid":{"rendered":"https:\/\/shop.tjasha.si\/?post_type=product&#038;p=10997"},"modified":"2024-07-04T09:19:16","modified_gmt":"2024-07-04T09:19:16","slug":"ga-ma-likalnik-za-lase-p11-cp3l-pro","status":"publish","type":"product","link":"https:\/\/shop.tjasha.si\/en\/trgovina\/ga-ma-likalnik-za-lase-p11-cp3l-pro\/","title":{"rendered":"GA.MA likalnik za lase P11.CP3L.PRO"},"content":{"rendered":"<p>Odlikuje se:<\/p>\n<ul>\n<li>s stalno nastavitvijo temperature na 220\u00b0C,<\/li>\n<li>s kerami\u010dnima plo\u0161\u010dama,<\/li>\n<li>z nedrse\u010dim dr\u017ealom in ergonomsko obliko, ter<\/li>\n<li>z BiVolt napetostjo z vrtljivim kablom.<\/li>\n<\/ul>\n<p>&nbsp;<\/p>\n<p>Navodila za uporabo so prilo\u017eena.<\/p>","protected":false},"excerpt":{"rendered":"<p>GA.MA P11 je profesionalen likalnik za lase s stalno nastavitvijo temperature 220\u00b0C s kerami\u010dnima plo\u0161\u010dama in nedrse\u010dim dr\u017ealom.<\/p>","protected":false},"featured_media":10998,"template":"","meta":{"_acf_changed":false,"inline_featured_image":false,"_monsterinsights_skip_tracking":false,"_monsterinsights_sitenote_active":false,"_monsterinsights_sitenote_note":"","_monsterinsights_sitenote_category":0},"product_cat":[370,160],"product_tag":[],"aioseo_notices":[],"acf":[],"_links":{"self":[{"href":"https:\/\/shop.tjasha.si\/en\/wp-json\/wp\/v2\/product\/10997"}],"collection":[{"href":"https:\/\/shop.tjasha.si\/en\/wp-json\/wp\/v2\/product"}],"about":[{"href":"https:\/\/shop.tjasha.si\/en\/wp-json\/wp\/v2\/types\/product"}],"version-history":[{"count":1,"href":"https:\/\/shop.tjasha.si\/en\/wp-json\/wp\/v2\/product\/10997\/revisions"}],"predecessor-version":[{"id":10999,"href":"https:\/\/shop.tjasha.si\/en\/wp-json\/wp\/v2\/product\/10997\/revisions\/10999"}],"wp:featuredmedia":[{"embeddable":true,"href":"https:\/\/shop.tjasha.si\/en\/wp-json\/wp\/v2\/media\/10998"}],"wp:attachment":[{"href":"https:\/\/shop.tjasha.si\/en\/wp-json\/wp\/v2\/media?parent=10997"}],"wp:term":[{"taxonomy":"product_cat","embeddable":true,"href":"https:\/\/shop.tjasha.si\/en\/wp-json\/wp\/v2\/product_cat?post=10997"},{"taxonomy":"product_tag","embeddable":true,"href":"https:\/\/shop.tjasha.si\/en\/wp-json\/wp\/v2\/product_tag?post=10997"}],"curies":[{"name":"wp","href":"https:\/\/api.w.org\/{rel}","templated":true}]}}