{"id":11012,"date":"2024-07-04T09:24:47","date_gmt":"2024-07-04T09:24:47","guid":{"rendered":"https:\/\/shop.tjasha.si\/?post_type=product&#038;p=11012"},"modified":"2024-07-04T09:24:48","modified_gmt":"2024-07-04T09:24:48","slug":"gamma-piu-donna-likalnik-za-lase","status":"publish","type":"product","link":"https:\/\/shop.tjasha.si\/en\/trgovina\/gamma-piu-donna-likalnik-za-lase\/","title":{"rendered":"Gamma.Piu Donna likalnik za lase"},"content":{"rendered":"<p>&nbsp;<\/p>\n<p>Odlikuje se:<\/p>\n<ul>\n<li>z inovativno tehnologijo, ki nadzoruje stopnjo temperature 50-krat na sekundo,<\/li>\n<li>s 3-mi stopnjami nastavitve toplote (170, 190, 230\u00b0C),<\/li>\n<li>s kerami\u010dnima plo\u0161\u010dama, ki sta obogateni z diamantnim prahom, ki lasem daje sijaj,<\/li>\n<li>s samodejnim izklopom po 30 minutah ne-uporabe,<\/li>\n<li>z gumijastim kablom, ki je odporen na visoke temperature (do 300\u00b0C),<\/li>\n<li>z univerzalno napetostjo (notranji mikro\u010dip samodejno prepozna napetost), ter<\/li>\n<li>z elegantno toplotno odporno torbo s sklopko.<\/li>\n<\/ul>\n<p>&nbsp;<\/p>\n<p>Navodila za uporabo so prilo\u017eena.<\/p>","protected":false},"excerpt":{"rendered":"<p>Gamma.piu Donna je profesionalen likalnik za lase, proizveden v Italiji in se odlikuje z inovativno tehnologijo, ki nadzira stopnjo temperature 50-krat na sekundo in jo s tem ohranja pri \u017eelenih stopinjah.<\/p>","protected":false},"featured_media":11013,"template":"","meta":{"_acf_changed":false,"inline_featured_image":false,"_monsterinsights_skip_tracking":false,"_monsterinsights_sitenote_active":false,"_monsterinsights_sitenote_note":"","_monsterinsights_sitenote_category":0},"product_cat":[370,160],"product_tag":[],"aioseo_notices":[],"acf":[],"_links":{"self":[{"href":"https:\/\/shop.tjasha.si\/en\/wp-json\/wp\/v2\/product\/11012"}],"collection":[{"href":"https:\/\/shop.tjasha.si\/en\/wp-json\/wp\/v2\/product"}],"about":[{"href":"https:\/\/shop.tjasha.si\/en\/wp-json\/wp\/v2\/types\/product"}],"version-history":[{"count":1,"href":"https:\/\/shop.tjasha.si\/en\/wp-json\/wp\/v2\/product\/11012\/revisions"}],"predecessor-version":[{"id":11014,"href":"https:\/\/shop.tjasha.si\/en\/wp-json\/wp\/v2\/product\/11012\/revisions\/11014"}],"wp:featuredmedia":[{"embeddable":true,"href":"https:\/\/shop.tjasha.si\/en\/wp-json\/wp\/v2\/media\/11013"}],"wp:attachment":[{"href":"https:\/\/shop.tjasha.si\/en\/wp-json\/wp\/v2\/media?parent=11012"}],"wp:term":[{"taxonomy":"product_cat","embeddable":true,"href":"https:\/\/shop.tjasha.si\/en\/wp-json\/wp\/v2\/product_cat?post=11012"},{"taxonomy":"product_tag","embeddable":true,"href":"https:\/\/shop.tjasha.si\/en\/wp-json\/wp\/v2\/product_tag?post=11012"}],"curies":[{"name":"wp","href":"https:\/\/api.w.org\/{rel}","templated":true}]}}