{"id":11021,"date":"2024-07-04T09:29:06","date_gmt":"2024-07-04T09:29:06","guid":{"rendered":"https:\/\/shop.tjasha.si\/?post_type=product&#038;p=11021"},"modified":"2024-07-04T09:29:07","modified_gmt":"2024-07-04T09:29:07","slug":"bratt-likalnik-za-lase-cera-compact-mini","status":"publish","type":"product","link":"https:\/\/shop.tjasha.si\/en\/trgovina\/bratt-likalnik-za-lase-cera-compact-mini\/","title":{"rendered":"Bratt likalnik za lase Cera Compact Mini"},"content":{"rendered":"<p class=\"tw-data-text tw-text-large XcVN5d tw-ta\" dir=\"ltr\" data-placeholder=\"Prevod\"><span lang=\"sl\">Tehni\u010dne lastnosti:<\/p>\n<p>&#8211; Likalnik je manj\u0161e oblike (23cm), zato je idealen za potovanja.<br \/>\n&#8211; Ima nastavljivo temperaturo <\/span>140\u00b0C &#8211; 220\u00b0C.<br \/>\n&#8211; plavajo\u010de kerami\u010dne plo\u0161\u010de<br \/>\n&#8211; delovna povr\u0161ina se segreje v 15. sekundah<br \/>\n&#8211; digitalna nastavitev temperature s 5 nastavitvami toplote<br \/>\n&#8211; velikost plo\u0161\u010de 20 mm x 80 mm; dol\u017eina 23cm<br \/>\n&#8211; kabel 2,5m (vrtljiva vrvica za la\u017eje oblikovanje in uporabo).<\/p>\n<p>Navodila za uporabo so prilo\u017eena.<\/p>","protected":false},"excerpt":{"rendered":"<p>Likalnik za lase. Velikost likalnika in gladka gumirana povr\u0161ina bosta idealna ne samo za ravnanje las, temve\u010d tudi za valovanje, kodranje in ustvarjanje volumna. Likalnik je manj\u0161i, zato je idealen tudi za potovanja.<\/p>","protected":false},"featured_media":11022,"template":"","meta":{"_acf_changed":false,"inline_featured_image":false,"_monsterinsights_skip_tracking":false,"_monsterinsights_sitenote_active":false,"_monsterinsights_sitenote_note":"","_monsterinsights_sitenote_category":0},"product_cat":[370,160],"product_tag":[],"aioseo_notices":[],"acf":[],"_links":{"self":[{"href":"https:\/\/shop.tjasha.si\/en\/wp-json\/wp\/v2\/product\/11021"}],"collection":[{"href":"https:\/\/shop.tjasha.si\/en\/wp-json\/wp\/v2\/product"}],"about":[{"href":"https:\/\/shop.tjasha.si\/en\/wp-json\/wp\/v2\/types\/product"}],"version-history":[{"count":1,"href":"https:\/\/shop.tjasha.si\/en\/wp-json\/wp\/v2\/product\/11021\/revisions"}],"predecessor-version":[{"id":11023,"href":"https:\/\/shop.tjasha.si\/en\/wp-json\/wp\/v2\/product\/11021\/revisions\/11023"}],"wp:featuredmedia":[{"embeddable":true,"href":"https:\/\/shop.tjasha.si\/en\/wp-json\/wp\/v2\/media\/11022"}],"wp:attachment":[{"href":"https:\/\/shop.tjasha.si\/en\/wp-json\/wp\/v2\/media?parent=11021"}],"wp:term":[{"taxonomy":"product_cat","embeddable":true,"href":"https:\/\/shop.tjasha.si\/en\/wp-json\/wp\/v2\/product_cat?post=11021"},{"taxonomy":"product_tag","embeddable":true,"href":"https:\/\/shop.tjasha.si\/en\/wp-json\/wp\/v2\/product_tag?post=11021"}],"curies":[{"name":"wp","href":"https:\/\/api.w.org\/{rel}","templated":true}]}}