{"id":11037,"date":"2024-07-04T09:36:19","date_gmt":"2024-07-04T09:36:19","guid":{"rendered":"https:\/\/shop.tjasha.si\/?post_type=product&#038;p=11037"},"modified":"2024-07-04T09:36:20","modified_gmt":"2024-07-04T09:36:20","slug":"ultron-likalnik-za-lase-mach-plus","status":"publish","type":"product","link":"https:\/\/shop.tjasha.si\/en\/trgovina\/ultron-likalnik-za-lase-mach-plus\/","title":{"rendered":"Ultron likalnik za lase Mach Plus"},"content":{"rendered":"<p><strong>Odlikuje ga:\u00a0<\/strong><\/p>\n<ul>\n<li>nastavljiva temperatura 120\u00b0C &#8211; 230\u00b0C<\/li>\n<li>karami\u010dne in titan plo\u0161\u010de<\/li>\n<li>infrarde\u010da tehnologija z ionsko za\u0161\u010dito<\/li>\n<li>digitalni LED zaslon za prikaz temperature<\/li>\n<li>kerami\u010dne plavajo\u010de plo\u0161\u010de (25x100mm)<\/li>\n<li>45Watt<\/li>\n<li>3m dolg kabel za lahko opravljanje<\/li>\n<li>vrtljiv kabel<\/li>\n<\/ul>","protected":false},"excerpt":{"rendered":"<p>Profesionalni likalnik za ravnanje ali kodranje las. Likalnik s kerami\u010dno in tatanium plo\u0161\u010do za zdrave in sijo\u010de lase. Z infrarde\u010do tehnologijo in IONI za za\u0161\u010dito las.<\/p>","protected":false},"featured_media":11038,"template":"","meta":{"_acf_changed":false,"inline_featured_image":false,"_monsterinsights_skip_tracking":false,"_monsterinsights_sitenote_active":false,"_monsterinsights_sitenote_note":"","_monsterinsights_sitenote_category":0},"product_cat":[370,160],"product_tag":[],"aioseo_notices":[],"acf":[],"_links":{"self":[{"href":"https:\/\/shop.tjasha.si\/en\/wp-json\/wp\/v2\/product\/11037"}],"collection":[{"href":"https:\/\/shop.tjasha.si\/en\/wp-json\/wp\/v2\/product"}],"about":[{"href":"https:\/\/shop.tjasha.si\/en\/wp-json\/wp\/v2\/types\/product"}],"version-history":[{"count":1,"href":"https:\/\/shop.tjasha.si\/en\/wp-json\/wp\/v2\/product\/11037\/revisions"}],"predecessor-version":[{"id":11039,"href":"https:\/\/shop.tjasha.si\/en\/wp-json\/wp\/v2\/product\/11037\/revisions\/11039"}],"wp:featuredmedia":[{"embeddable":true,"href":"https:\/\/shop.tjasha.si\/en\/wp-json\/wp\/v2\/media\/11038"}],"wp:attachment":[{"href":"https:\/\/shop.tjasha.si\/en\/wp-json\/wp\/v2\/media?parent=11037"}],"wp:term":[{"taxonomy":"product_cat","embeddable":true,"href":"https:\/\/shop.tjasha.si\/en\/wp-json\/wp\/v2\/product_cat?post=11037"},{"taxonomy":"product_tag","embeddable":true,"href":"https:\/\/shop.tjasha.si\/en\/wp-json\/wp\/v2\/product_tag?post=11037"}],"curies":[{"name":"wp","href":"https:\/\/api.w.org\/{rel}","templated":true}]}}