{"id":11046,"date":"2024-07-04T09:40:10","date_gmt":"2024-07-04T09:40:10","guid":{"rendered":"https:\/\/shop.tjasha.si\/?post_type=product&#038;p=11046"},"modified":"2024-07-04T09:40:11","modified_gmt":"2024-07-04T09:40:11","slug":"ultron-likalnik-za-lase-mach-nano-silk","status":"publish","type":"product","link":"https:\/\/shop.tjasha.si\/en\/trgovina\/ultron-likalnik-za-lase-mach-nano-silk\/","title":{"rendered":"Ultron likalnik za lase Mach Nano Silk"},"content":{"rendered":"<p><strong>Odlikuje ga:\u00a0<\/strong><\/p>\n<ul>\n<li>kerami\u010dne plo\u0161\u010de z minerali<\/li>\n<li>nastavljiva temperatura 100\u00b0C &#8211; 230\u00b0C<\/li>\n<li>hitro segrevanje v 35-45sec<\/li>\n<li>Nano Silk Tehnologija, ki varuje lase pred izsu\u0161enostjo<\/li>\n<li>plavajo\u010de plo\u0161\u010de, ki se prilagajajo lasem<\/li>\n<li>digitalni LED displej<\/li>\n<li>38Watt<\/li>\n<li>likalnik se po 30min ne-uporabe ugasne<\/li>\n<li>3m dolg kabel za la\u017ejo uporabo<\/li>\n<li>360\u00b0 vrtljiv kabel<\/li>\n<\/ul>\n<p>Prilo\u017eena toplotna silikonska za\u0161\u010dita za likalnik.<\/p>","protected":false},"excerpt":{"rendered":"<p>Profesionalni likalnik za lase z led zaslonom in nastavljivo temperaturo. Likalnik z nano tehnologijo, za zdrave in sijo\u010de lase. Prilo\u017eena toplotna silikonska za\u0161\u010dita.<\/p>","protected":false},"featured_media":11047,"template":"","meta":{"_acf_changed":false,"inline_featured_image":false,"_monsterinsights_skip_tracking":false,"_monsterinsights_sitenote_active":false,"_monsterinsights_sitenote_note":"","_monsterinsights_sitenote_category":0},"product_cat":[370,160],"product_tag":[],"aioseo_notices":[],"acf":[],"_links":{"self":[{"href":"https:\/\/shop.tjasha.si\/en\/wp-json\/wp\/v2\/product\/11046"}],"collection":[{"href":"https:\/\/shop.tjasha.si\/en\/wp-json\/wp\/v2\/product"}],"about":[{"href":"https:\/\/shop.tjasha.si\/en\/wp-json\/wp\/v2\/types\/product"}],"version-history":[{"count":1,"href":"https:\/\/shop.tjasha.si\/en\/wp-json\/wp\/v2\/product\/11046\/revisions"}],"predecessor-version":[{"id":11048,"href":"https:\/\/shop.tjasha.si\/en\/wp-json\/wp\/v2\/product\/11046\/revisions\/11048"}],"wp:featuredmedia":[{"embeddable":true,"href":"https:\/\/shop.tjasha.si\/en\/wp-json\/wp\/v2\/media\/11047"}],"wp:attachment":[{"href":"https:\/\/shop.tjasha.si\/en\/wp-json\/wp\/v2\/media?parent=11046"}],"wp:term":[{"taxonomy":"product_cat","embeddable":true,"href":"https:\/\/shop.tjasha.si\/en\/wp-json\/wp\/v2\/product_cat?post=11046"},{"taxonomy":"product_tag","embeddable":true,"href":"https:\/\/shop.tjasha.si\/en\/wp-json\/wp\/v2\/product_tag?post=11046"}],"curies":[{"name":"wp","href":"https:\/\/api.w.org\/{rel}","templated":true}]}}