{"id":11052,"date":"2024-07-04T09:42:53","date_gmt":"2024-07-04T09:42:53","guid":{"rendered":"https:\/\/shop.tjasha.si\/?post_type=product&#038;p=11052"},"modified":"2024-07-04T09:42:54","modified_gmt":"2024-07-04T09:42:54","slug":"loreal-professionnel-steampod-3-0-darilo-loreal-x-rowenta","status":"publish","type":"product","link":"https:\/\/shop.tjasha.si\/en\/trgovina\/loreal-professionnel-steampod-3-0-darilo-loreal-x-rowenta\/","title":{"rendered":"L\u2019Or\u00e9al Professionnel Steampod 3.0 + DARILO Loreal x Rowenta"},"content":{"rendered":"<p><strong>Lastnosti likalnika SteamPod 3.0.:<\/strong><\/p>\n<ul>\n<li>prina\u0161a hitro in enostavno oblikovanje tudi zelo neukrotljivih las<\/li>\n<li>lase popolnoma zravna ali ustvari krasne kodre, odvisno je le od vas<\/li>\n<li>izkori\u0161\u010da paro za blago oblikovanje las<\/li>\n<li>\u0161\u010diti barvo, lasje pa so po uporabi naravno sijo\u010di<\/li>\n<li>lasem daje disciplino<\/li>\n<\/ul>\n<p><strong>Rezultat:<\/strong><\/p>\n<ul>\n<li>dvakrat bolj gladki lasje<\/li>\n<li>dvakrat hitrej\u0161a ureditev las<\/li>\n<li><strong>do 91 % manj po\u0161kodb las po 15 uporabah<\/strong><\/li>\n<\/ul>\n<p><strong>Lastnosti:<\/strong><\/p>\n<ul>\n<li>ergonomski dizajn \u2013 preprost prijem in lahkost za enostavno uporabo<\/li>\n<li>vgrajen (demineraliziran) zbiralnik za vodo<\/li>\n<li>inteligentna kontrola temperature (2\u00d7 na sekundo) \u2013 avtomatsko prilagajanje temperature<br \/>\nglede na potrebe las (180\u2013210 \u00b0C)<\/li>\n<li>vrtljiv kabel za \u0161e enostavnej\u0161e ustvarjanje kodrov<\/li>\n<li>vgrajen glavnik \u2013 lase \u010de\u0161e pri oblikovanju (snemljiv)<\/li>\n<li>stabilna koncentracija izpusta pare \u2013 nepretrgan tok za enakomeren rezultat<\/li>\n<li>aluminijaste likalne plo\u0161\u010dice<\/li>\n<\/ul>\n<p><strong>Uporaba:<\/strong><\/p>\n<p>Nalijte demineralizirano vodo v vgrajeni zbiralnik in izberite temperaturo glede na tip svojih las. Ne pozabite, da jih ni nujno prekomerno pregrevati. Pramen las namestite med plo\u0161\u010dice in pazite, da so pu\u0161\u010dice pri premiku likalnika usmerjene navzdol. Za \u010dim bolj\u0161i rezultat napravo premikajte po\u010dasi in enakomerno.<\/p>","protected":false},"excerpt":{"rendered":"<p>SteamPod L\u2019Or\u00e9al Professionnel predstavlja 3. generacijo osnovnega patentiranega profesionalnega parnega likalnika, ki v svojem jedru izkori\u0161\u010da mo\u010d in obenem prijetnost pare za spremembo va\u0161ih las. Po zaslugi la\u017ejega in tanj\u0161ega dizajna je styling las \u0161e bolj enostaven kot kadarkoli prej. Vrtljiv in posebej dolg napajalni kabel poleg perfektnega ravnanja las omogo\u010da tudi enostavno ustvarjanje valovitih u\u010dinkov. Steampod 3.0 poleg tega razpolaga tudi z vgrajeno posodico za vodo, kar prina\u0161a bolj udobno uporabo. DARILO sponki za lase s kristali TRES CHIC, olje za lase Absolut Repair, ter torbica za shranjevanje.<\/p>","protected":false},"featured_media":11053,"template":"","meta":{"_acf_changed":false,"inline_featured_image":false,"_monsterinsights_skip_tracking":false,"_monsterinsights_sitenote_active":false,"_monsterinsights_sitenote_note":"","_monsterinsights_sitenote_category":0},"product_cat":[370,160],"product_tag":[],"aioseo_notices":[],"acf":[],"_links":{"self":[{"href":"https:\/\/shop.tjasha.si\/en\/wp-json\/wp\/v2\/product\/11052"}],"collection":[{"href":"https:\/\/shop.tjasha.si\/en\/wp-json\/wp\/v2\/product"}],"about":[{"href":"https:\/\/shop.tjasha.si\/en\/wp-json\/wp\/v2\/types\/product"}],"version-history":[{"count":1,"href":"https:\/\/shop.tjasha.si\/en\/wp-json\/wp\/v2\/product\/11052\/revisions"}],"predecessor-version":[{"id":11054,"href":"https:\/\/shop.tjasha.si\/en\/wp-json\/wp\/v2\/product\/11052\/revisions\/11054"}],"wp:featuredmedia":[{"embeddable":true,"href":"https:\/\/shop.tjasha.si\/en\/wp-json\/wp\/v2\/media\/11053"}],"wp:attachment":[{"href":"https:\/\/shop.tjasha.si\/en\/wp-json\/wp\/v2\/media?parent=11052"}],"wp:term":[{"taxonomy":"product_cat","embeddable":true,"href":"https:\/\/shop.tjasha.si\/en\/wp-json\/wp\/v2\/product_cat?post=11052"},{"taxonomy":"product_tag","embeddable":true,"href":"https:\/\/shop.tjasha.si\/en\/wp-json\/wp\/v2\/product_tag?post=11052"}],"curies":[{"name":"wp","href":"https:\/\/api.w.org\/{rel}","templated":true}]}}