{"id":11055,"date":"2024-07-04T09:44:02","date_gmt":"2024-07-04T09:44:02","guid":{"rendered":"https:\/\/shop.tjasha.si\/?post_type=product&#038;p=11055"},"modified":"2024-07-04T09:44:03","modified_gmt":"2024-07-04T09:44:03","slug":"steampod-4-0-loreal-professionnel-parni-likalnik-kodralnik-za-lase-darilo-pro-longer-set","status":"publish","type":"product","link":"https:\/\/shop.tjasha.si\/en\/trgovina\/steampod-4-0-loreal-professionnel-parni-likalnik-kodralnik-za-lase-darilo-pro-longer-set\/","title":{"rendered":"SteamPod 4.0 L&#8217;oreal Professionnel parni likalnik\/kodralnik za lase + DARILO Pro longer set"},"content":{"rendered":"<p style=\"font-weight: 400\" data-ccp-props=\"{&quot;335551550&quot;:6,&quot;335551620&quot;:6,&quot;335559683&quot;:0,&quot;335559685&quot;:0,&quot;335559731&quot;:0,&quot;335559737&quot;:0,&quot;335562764&quot;:2,&quot;335562765&quot;:1,&quot;335562766&quot;:4,&quot;335562767&quot;:0,&quot;335562768&quot;:4,&quot;335562769&quot;:0}\"><span data-scheme-color=\"@030304,,\" data-usefontface=\"true\" data-contrast=\"none\">Uresni\u010dite\u00a0svoje sanje z\u00a0mo\u010djo\u00a0pare. Novi L&#8217;Or\u00e9al\u00a0SteamPod\u00a04.0\u00a0ponuja\u00a0neomejene\u00a0mo\u017enosti\u00a0oblikovanja za\u00a0vse\u00a0tipe las, od\u00a0skodranih\u00a0do ravnih. Prilo\u017eeni\u00a0so\u00a03\u00a0<\/span><span data-scheme-color=\"@030304,,\" data-usefontface=\"true\" data-contrast=\"none\">razli\u010dni\u00a0glavniki\u00a0za optimizacijo pare,\u00a0vsak\u00a0pa je zasnovan za\u00a0dolo\u010deno\u00a0strukturo las:<\/span>\u200b<\/p>\n<p style=\"font-weight: 400\" data-ccp-props=\"{&quot;335551550&quot;:6,&quot;335551620&quot;:6,&quot;335559683&quot;:0,&quot;335559685&quot;:0,&quot;335559731&quot;:0,&quot;335559737&quot;:0,&quot;335562764&quot;:2,&quot;335562765&quot;:1,&quot;335562766&quot;:4,&quot;335562767&quot;:0,&quot;335562768&quot;:4,&quot;335562769&quot;:0}\">\n<p style=\"font-weight: 400\" data-ccp-props=\"{&quot;335551550&quot;:6,&quot;335551620&quot;:6,&quot;335559683&quot;:0,&quot;335559685&quot;:0,&quot;335559731&quot;:0,&quot;335559737&quot;:0,&quot;335562764&quot;:2,&quot;335562765&quot;:1,&quot;335562766&quot;:4,&quot;335562767&quot;:0,&quot;335562768&quot;:4,&quot;335562769&quot;:0}\"><span data-scheme-color=\"@030304,,\" data-usefontface=\"true\" data-contrast=\"none\"><strong>Glavnik\u00a0s\u00a0tankimi\u00a0zobmi<\/strong><strong>:<\/strong>\u00a0tip las od 1 do 4 (ravni do valoviti\u00a0lasje)<\/span><\/p>\n<p style=\"font-weight: 400\" data-ccp-props=\"{&quot;335551550&quot;:6,&quot;335551620&quot;:6,&quot;335559683&quot;:0,&quot;335559685&quot;:0,&quot;335559731&quot;:0,&quot;335559737&quot;:0,&quot;335562764&quot;:2,&quot;335562765&quot;:1,&quot;335562766&quot;:4,&quot;335562767&quot;:0,&quot;335562768&quot;:4,&quot;335562769&quot;:0}\"><span data-scheme-color=\"@030304,,\" data-usefontface=\"true\" data-contrast=\"none\"><strong>Glavnik\u00a0s\u00a0srednjimi\u00a0zobmi<\/strong><strong>:<\/strong>\u00a0tip las 5 (skodrani\u00a0lasje)<\/span><\/p>\n<p style=\"font-weight: 400\" data-ccp-props=\"{&quot;335551550&quot;:6,&quot;335551620&quot;:6,&quot;335559683&quot;:0,&quot;335559685&quot;:0,&quot;335559731&quot;:0,&quot;335559737&quot;:0,&quot;335562764&quot;:2,&quot;335562765&quot;:1,&quot;335562766&quot;:4,&quot;335562767&quot;:0,&quot;335562768&quot;:4,&quot;335562769&quot;:0}\"><span data-scheme-color=\"@030304,,\" data-usefontface=\"true\" data-contrast=\"none\"><strong>Glavnik\u00a0s\u00a0\u0161irokimi\u00a0zobmi<\/strong><strong>:<\/strong>\u00a0tip las 6\u00a0in\u00a07 (zelo\u00a0kodrasti\u00a0in\u00a0skodrani\u00a0lasje)<\/span>\u200b<\/p>\n<p style=\"font-weight: 400\" data-ccp-props=\"{&quot;335551550&quot;:6,&quot;335551620&quot;:6,&quot;335559683&quot;:0,&quot;335559685&quot;:0,&quot;335559731&quot;:0,&quot;335559737&quot;:0,&quot;335562764&quot;:2,&quot;335562765&quot;:1,&quot;335562766&quot;:4,&quot;335562767&quot;:0,&quot;335562768&quot;:4,&quot;335562769&quot;:0}\">\n<p style=\"font-weight: 400\" data-ccp-props=\"{&quot;335551550&quot;:6,&quot;335551620&quot;:6,&quot;335559683&quot;:0,&quot;335559685&quot;:0,&quot;335559731&quot;:0,&quot;335559737&quot;:0,&quot;335562764&quot;:2,&quot;335562765&quot;:1,&quot;335562766&quot;:4,&quot;335562767&quot;:0,&quot;335562768&quot;:4,&quot;335562769&quot;:0}\"><span data-scheme-color=\"@030304,,\" data-usefontface=\"true\" data-contrast=\"none\">L&#8217;Or\u00e9alov\u00a0vse\u00a0v\u00a0enem\u00a0oblikovalnik\u00a0vsebuje\u00a0ve\u010d\u00a0naprednih\u00a0tehnologij, zaradi\u00a0\u010desar\u00a0je odli\u010dno\u00a0in\u00a0idealno\u00a0orodje\u00a0za oblikovanje.<\/span><\/p>\n<p style=\"font-weight: 400\" data-ccp-props=\"{&quot;335551550&quot;:6,&quot;335551620&quot;:6,&quot;335559683&quot;:0,&quot;335559685&quot;:0,&quot;335559731&quot;:0,&quot;335559737&quot;:0,&quot;335562764&quot;:2,&quot;335562765&quot;:1,&quot;335562766&quot;:4,&quot;335562767&quot;:0,&quot;335562768&quot;:4,&quot;335562769&quot;:0}\">\n<p style=\"font-weight: 400\" data-ccp-props=\"{&quot;335551550&quot;:6,&quot;335551620&quot;:6,&quot;335559683&quot;:0,&quot;335559685&quot;:0,&quot;335559731&quot;:0,&quot;335559737&quot;:0,&quot;335562764&quot;:2,&quot;335562765&quot;:1,&quot;335562766&quot;:4,&quot;335562767&quot;:0,&quot;335562768&quot;:4,&quot;335562769&quot;:0}\">\n<p style=\"font-weight: 400\" data-ccp-props=\"{&quot;335551550&quot;:6,&quot;335551620&quot;:6,&quot;335559683&quot;:0,&quot;335559685&quot;:0,&quot;335559731&quot;:0,&quot;335559737&quot;:0,&quot;335562764&quot;:2,&quot;335562765&quot;:1,&quot;335562766&quot;:4,&quot;335562767&quot;:0,&quot;335562768&quot;:4,&quot;335562769&quot;:0}\"><strong><span data-scheme-color=\"@030304,,\" data-usefontface=\"true\" data-contrast=\"none\">SteamPod\u00a0ponuja:<\/span><\/strong><\/p>\n<ul style=\"font-weight: 400\">\n<li data-ccp-props=\"{&quot;335551550&quot;:6,&quot;335551620&quot;:6,&quot;335559683&quot;:0,&quot;335559685&quot;:0,&quot;335559731&quot;:0,&quot;335559737&quot;:0,&quot;335562764&quot;:2,&quot;335562765&quot;:1,&quot;335562766&quot;:4,&quot;335562767&quot;:0,&quot;335562768&quot;:4,&quot;335562769&quot;:0}\">3x hitrej\u0161i rezultat<\/li>\n<li data-ccp-props=\"{&quot;335551550&quot;:6,&quot;335551620&quot;:6,&quot;335559683&quot;:0,&quot;335559685&quot;:0,&quot;335559731&quot;:0,&quot;335559737&quot;:0,&quot;335562764&quot;:2,&quot;335562765&quot;:1,&quot;335562766&quot;:4,&quot;335562767&quot;:0,&quot;335562768&quot;:4,&quot;335562769&quot;:0}\">2x bolj gladek rezultat<\/li>\n<li data-ccp-props=\"{&quot;335551550&quot;:6,&quot;335551620&quot;:6,&quot;335559683&quot;:0,&quot;335559685&quot;:0,&quot;335559731&quot;:0,&quot;335559737&quot;:0,&quot;335562764&quot;:2,&quot;335562765&quot;:1,&quot;335562766&quot;:4,&quot;335562767&quot;:0,&quot;335562768&quot;:4,&quot;335562769&quot;:0}\">do 95% manj lomljenja las<\/li>\n<\/ul>\n<p style=\"font-weight: 400\" data-ccp-props=\"{&quot;335551550&quot;:6,&quot;335551620&quot;:6,&quot;335559683&quot;:0,&quot;335559685&quot;:0,&quot;335559731&quot;:0,&quot;335559737&quot;:0,&quot;335562764&quot;:2,&quot;335562765&quot;:1,&quot;335562766&quot;:4,&quot;335562767&quot;:0,&quot;335562768&quot;:4,&quot;335562769&quot;:0}\">\n<p style=\"font-weight: 400\"><strong>Lastnosti:<\/strong><\/p>\n<ul style=\"font-weight: 400\">\n<li>ravna vse tipe las ali ustvarja \u010dudovite kodre<\/li>\n<li>zagotavlja popolnoma ravne lase od korenin do konic<\/li>\n<li>zmanj\u0161uje mehanske po\u0161kodbe las med likanjem<\/li>\n<li>ustvarja dolgoobstojne pri\u010deske<\/li>\n<li>lasje so po uporabi lepo ne\u017eni, mehki in sijo\u010di<\/li>\n<li>deluje tudi, ko je rezervoar za vodo prazen<\/li>\n<li>ergonomski dizajn<\/li>\n<li>primeren za vse tipe las<\/li>\n<\/ul>\n<p style=\"font-weight: 400\">\n<p style=\"font-weight: 400\"><strong>Rezultat:\u00a0<\/strong><\/p>\n<ul style=\"font-weight: 400\">\n<li>2\u00d7 bolj gladki lasje<\/li>\n<li>3\u00d7 hitrej\u0161e oblikovanje las<\/li>\n<li>do 95 % manj po\u0161kodb las po 15 fazah<\/li>\n<\/ul>\n<p style=\"font-weight: 400\">\n<p style=\"font-weight: 400\">Uporaba: uporablja se po navodilih prilo\u017eenih v embala\u017ei. Nujna uporaba destilirane vode.<\/p>\n<p style=\"font-weight: 400\"><strong>DARILO:<\/strong>\u00a0PRO LONGER SET (duo)<\/p>\n<p style=\"font-weight: 400\">\u0161ampon za okrepitev las za dolge lase 300 ml + maska za okrepitev las za dolge lase 250 ml<\/p>","protected":false},"excerpt":{"rendered":"<p>Najbolj\u0161i je pravkar postal \u0161e bolj\u0161i: profesionalni likalnik za lase L&#8217;Or\u00e9al Steampod 4.0 je nova in izbolj\u0161ana razli\u010dica originalnega likalnika za nego las L&#8217;Or\u00e9al Professionnel Paris. Zahvaljujo\u010d vrhunskim inovacijam je SteamPod 4.0 veliko ve\u010d kot likalnik za lase. Je ve\u010dnamenska profesionalna naprava za oblikovanje, ki lahko ravna in kodra vse vrste las. SteamPod 4.0 je ve\u010dnamenska naprava za oblikovanje las \u2013 likalnik za lase in kodralnik v enem. Zagotavlja popolne, dolgotrajne rezultate, zaradi \u010desar je obvezna naprava za oblikovanje las za vsakogar, ki rad redno kodra ali ravna svoje lase.<\/p>","protected":false},"featured_media":11056,"template":"","meta":{"_acf_changed":false,"inline_featured_image":false,"_monsterinsights_skip_tracking":false,"_monsterinsights_sitenote_active":false,"_monsterinsights_sitenote_note":"","_monsterinsights_sitenote_category":0},"product_cat":[153],"product_tag":[],"aioseo_notices":[],"acf":[],"_links":{"self":[{"href":"https:\/\/shop.tjasha.si\/en\/wp-json\/wp\/v2\/product\/11055"}],"collection":[{"href":"https:\/\/shop.tjasha.si\/en\/wp-json\/wp\/v2\/product"}],"about":[{"href":"https:\/\/shop.tjasha.si\/en\/wp-json\/wp\/v2\/types\/product"}],"version-history":[{"count":1,"href":"https:\/\/shop.tjasha.si\/en\/wp-json\/wp\/v2\/product\/11055\/revisions"}],"predecessor-version":[{"id":11057,"href":"https:\/\/shop.tjasha.si\/en\/wp-json\/wp\/v2\/product\/11055\/revisions\/11057"}],"wp:featuredmedia":[{"embeddable":true,"href":"https:\/\/shop.tjasha.si\/en\/wp-json\/wp\/v2\/media\/11056"}],"wp:attachment":[{"href":"https:\/\/shop.tjasha.si\/en\/wp-json\/wp\/v2\/media?parent=11055"}],"wp:term":[{"taxonomy":"product_cat","embeddable":true,"href":"https:\/\/shop.tjasha.si\/en\/wp-json\/wp\/v2\/product_cat?post=11055"},{"taxonomy":"product_tag","embeddable":true,"href":"https:\/\/shop.tjasha.si\/en\/wp-json\/wp\/v2\/product_tag?post=11055"}],"curies":[{"name":"wp","href":"https:\/\/api.w.org\/{rel}","templated":true}]}}