{"id":11144,"date":"2024-07-04T09:53:48","date_gmt":"2024-07-04T09:53:48","guid":{"rendered":"https:\/\/shop.tjasha.si\/?post_type=product&#038;p=11144"},"modified":"2024-07-04T09:53:49","modified_gmt":"2024-07-04T09:53:49","slug":"ga-ma-likalnik-za-lase-lumine-black","status":"publish","type":"product","link":"https:\/\/shop.tjasha.si\/en\/trgovina\/ga-ma-likalnik-za-lase-lumine-black\/","title":{"rendered":"Ga.ma. likalnik za lase Lumine black"},"content":{"rendered":"<p>MEHKI IN SIJO\u010cI LASJE: Likalnik za lase je opremljen s plazemsko tehnologijo. Ioni na lase delujejo pomlajevalno, pomagajo pri njihovi molekularni rekonstrukciji, odpravljajo skodranost in jih naredijo mehkej\u0161e in sijo\u010de, velikost\u00a0plo\u0161\u010de je 27&#215;110 mm.<\/p>\n<p>KRAJ\u0160I \u010cAS LIKANJA\u00a0(DUAL-CONE TEHNOLOGIJA): Dvoconska tehnologija profesionalnega likalnika las Lumine optimizira \u010das oblikvanja pri\u010deske zahvaljujo\u010d 4 senzorjem za hitro segrevanje, ki enakomerno in konstantno porazdelijo toploto po celotni povr\u0161ini plo\u0161\u010de.\u00a0Plo\u0161\u010de so prevle\u010dene z izjemno odpornim \u010drnim titanom.<\/p>\n<p>NASTAVLJIVA TEMPERATURA: Temperatura likalnika je nastavljiva od 160\u00b0 do 235\u00b0 C in je priro\u010dno vidna na digitalnem zaslonu, kar vam omogo\u010da, da izberete stopnjo toplote, ki najbolj ustreza va\u0161im lasem.<\/p>\n<p>SISTEM SAMODEJNEGA IZKLOPA: Likalnik je opremljen s sistemom samodejnega izklopa po 60 minutah po vklopu.<\/p>\n<p>3-metrski kabel s kavljem omogo\u010da maksimalno svobodo gibanja.<\/p>","protected":false},"excerpt":{"rendered":"<p>Inovativni likalnik za lase z plo\u0161\u010dami iz titana, opremljen z novo plazmo in dvopodro\u010dnimi tehnologijami, ki omogo\u010data ustvarjanje dolgotrajnega obstojnost ravnih las. Za sijo\u010de, hidrirane in mehke lase. Likalniku je prilo\u017eena li\u010dna sijo\u010da torbica za shranjevanje.<\/p>","protected":false},"featured_media":11145,"template":"","meta":{"_acf_changed":false,"inline_featured_image":false,"_monsterinsights_skip_tracking":false,"_monsterinsights_sitenote_active":false,"_monsterinsights_sitenote_note":"","_monsterinsights_sitenote_category":0},"product_cat":[370,160],"product_tag":[],"aioseo_notices":[],"acf":[],"_links":{"self":[{"href":"https:\/\/shop.tjasha.si\/en\/wp-json\/wp\/v2\/product\/11144"}],"collection":[{"href":"https:\/\/shop.tjasha.si\/en\/wp-json\/wp\/v2\/product"}],"about":[{"href":"https:\/\/shop.tjasha.si\/en\/wp-json\/wp\/v2\/types\/product"}],"version-history":[{"count":1,"href":"https:\/\/shop.tjasha.si\/en\/wp-json\/wp\/v2\/product\/11144\/revisions"}],"predecessor-version":[{"id":11146,"href":"https:\/\/shop.tjasha.si\/en\/wp-json\/wp\/v2\/product\/11144\/revisions\/11146"}],"wp:featuredmedia":[{"embeddable":true,"href":"https:\/\/shop.tjasha.si\/en\/wp-json\/wp\/v2\/media\/11145"}],"wp:attachment":[{"href":"https:\/\/shop.tjasha.si\/en\/wp-json\/wp\/v2\/media?parent=11144"}],"wp:term":[{"taxonomy":"product_cat","embeddable":true,"href":"https:\/\/shop.tjasha.si\/en\/wp-json\/wp\/v2\/product_cat?post=11144"},{"taxonomy":"product_tag","embeddable":true,"href":"https:\/\/shop.tjasha.si\/en\/wp-json\/wp\/v2\/product_tag?post=11144"}],"curies":[{"name":"wp","href":"https:\/\/api.w.org\/{rel}","templated":true}]}}