{"id":11152,"date":"2024-07-05T04:08:36","date_gmt":"2024-07-05T04:08:36","guid":{"rendered":"https:\/\/shop.tjasha.si\/?post_type=product&#038;p=11152"},"modified":"2026-03-15T10:46:38","modified_gmt":"2026-03-15T10:46:38","slug":"joico-colorful-anti-fade-shampoo-sampon-za-barvane-lase-1000ml","status":"publish","type":"product","link":"https:\/\/shop.tjasha.si\/en\/trgovina\/joico-colorful-anti-fade-shampoo-sampon-za-barvane-lase-1000ml\/","title":{"rendered":"Joico Colorful Anti-Fade Shampoo \u0160ampon za barvane lase 1000ml"},"content":{"rendered":"<ul>\n<li>Brez sulfatov SLS\/SLES<\/li>\n<li>Ne\u017eno o\u010disti barvane lase<\/li>\n<li>Krepi lase za 3x ve\u010djo odpornost proti lomljenju<\/li>\n<\/ul>\n<p><strong>VSEBUJE<\/strong><\/p>\n<div class=\"flex flex-grow flex-col max-w-full\">\n<div class=\"min-h-[20px] text-message flex flex-col items-start whitespace-pre-wrap break-words [.text-message+&amp;]:mt-5 juice:w-full juice:items-end overflow-x-auto gap-2\" dir=\"auto\" data-message-author-role=\"assistant\" data-message-id=\"c67e8819-ccaa-4e3b-b9eb-a0ac670b0a01\">\n<div class=\"flex w-full flex-col gap-1 juice:empty:hidden juice:first:pt-[3px]\">\n<div class=\"markdown prose w-full break-words dark:prose-invert light\">\n<p><strong>OLJE KAMELIJE<\/strong> Napolnjeno z esencialnimi ma\u0161\u010dobnimi kislinami Omega 9 in antioksidanti, pomaga zadr\u017eati vlago in obnoviti sijo\u010d lesk las.<\/p>\n<p><strong>EKSTRAKT GRANATNEGA JABOLKA<\/strong> Izjemno bogat s tanini in super antioksidanti proti bledenju, pomaga Joico Colorful \u0161\u010dititi dolgotrajnost barve las.<\/p>\n<p><strong>SMARTRELEASE\u2122 TEHNOLOGIJA<\/strong> Na\u0161 edinstven sistem dostave liposomov, ki nenehno spro\u0161\u010da olje \u0161ipka, arginin in keratin za pomo\u010d pri popravilu, krepitvi in za\u0161\u010diti las pred \u0161kodljivimi u\u010dinki vsakodnevnega oblikovanja.<\/p>\n<\/div>\n<\/div>\n<\/div>\n<\/div>\n<div class=\"mt-1 flex gap-3 empty:hidden juice:-ml-3\">\n<div class=\"items-center justify-start rounded-xl p-1 flex\">\n<div class=\"flex items-center\">\n<div class=\"flex items-center pb-0.5 juice:pb-0\"><\/div>\n<\/div>\n<\/div>\n<\/div>","protected":false},"excerpt":{"rendered":"<p>Ne\u017een \u010distilec, ki odstrani, \u010desar NE \u017eelite, in pusti vse, kar \u017dELITE! S \u0161amponom Joico Colorful Anti-Fade se dnevni ostanki in ne\u010disto\u010de ne\u017eno izperejo, medtem ko ohranja dolgoro\u010dno \u017eivahnost in intenzivnost \u010dudovite barve las.<\/p>","protected":false},"featured_media":11153,"template":"","meta":{"_acf_changed":false,"inline_featured_image":false,"_monsterinsights_skip_tracking":false,"_monsterinsights_sitenote_active":false,"_monsterinsights_sitenote_note":"","_monsterinsights_sitenote_category":0},"product_cat":[371,153,155,276,205],"product_tag":[],"aioseo_notices":[],"acf":[],"_links":{"self":[{"href":"https:\/\/shop.tjasha.si\/en\/wp-json\/wp\/v2\/product\/11152"}],"collection":[{"href":"https:\/\/shop.tjasha.si\/en\/wp-json\/wp\/v2\/product"}],"about":[{"href":"https:\/\/shop.tjasha.si\/en\/wp-json\/wp\/v2\/types\/product"}],"version-history":[{"count":2,"href":"https:\/\/shop.tjasha.si\/en\/wp-json\/wp\/v2\/product\/11152\/revisions"}],"predecessor-version":[{"id":11159,"href":"https:\/\/shop.tjasha.si\/en\/wp-json\/wp\/v2\/product\/11152\/revisions\/11159"}],"wp:featuredmedia":[{"embeddable":true,"href":"https:\/\/shop.tjasha.si\/en\/wp-json\/wp\/v2\/media\/11153"}],"wp:attachment":[{"href":"https:\/\/shop.tjasha.si\/en\/wp-json\/wp\/v2\/media?parent=11152"}],"wp:term":[{"taxonomy":"product_cat","embeddable":true,"href":"https:\/\/shop.tjasha.si\/en\/wp-json\/wp\/v2\/product_cat?post=11152"},{"taxonomy":"product_tag","embeddable":true,"href":"https:\/\/shop.tjasha.si\/en\/wp-json\/wp\/v2\/product_tag?post=11152"}],"curies":[{"name":"wp","href":"https:\/\/api.w.org\/{rel}","templated":true}]}}