{"id":11161,"date":"2024-07-05T04:23:24","date_gmt":"2024-07-05T04:23:24","guid":{"rendered":"https:\/\/shop.tjasha.si\/?post_type=product&#038;p=11161"},"modified":"2026-03-15T10:46:38","modified_gmt":"2026-03-15T10:46:38","slug":"colorful-glow-beyond-anti-faded-serum","status":"publish","type":"product","link":"https:\/\/shop.tjasha.si\/en\/trgovina\/colorful-glow-beyond-anti-faded-serum\/","title":{"rendered":"Colorful Glow Beyond anti-faded serum"},"content":{"rendered":"<ul>\n<li>Pomaga prepre\u010diti, da bi barva las zbledela ali spremenila odtenek ob izpostavitvi UV \u017earkom ali son\u010dni svetlobi<\/li>\n<li>Takoj pove\u010da sijaj<\/li>\n<li>Pove\u010da \u017eivahnost barve in zagotovi mehkobo<\/li>\n<li>Zmanj\u0161a krepavost in naredi gladkej\u0161e lase \u017ee po eni uporabi<\/li>\n<li>\u0160\u010diti pred u\u010dinki onesna\u017eenja, ki otopijo lase<\/li>\n<\/ul>\n<p><strong>VSEBUJE:<\/strong><\/p>\n<p><strong>OLJE KAMELIJE<\/strong> Napolnjeno z esencialnimi ma\u0161\u010dobnimi kislinami Omega 9 in antioksidanti, pomaga zadr\u017eati vlago in obnoviti sijo\u010d lesk las.<\/p>\n<p><strong>EKSTRAKT GRANATNEGA JABOLKA<\/strong> Izjemno bogat s tanini in super antioksidanti proti bledenju, pomaga Joico Colorful \u0161\u010dititi dolgotrajnost barve las.<\/p>\n<p><strong>SMARTRELEASE\u2122 TEHNOLOGIJA<\/strong> Na\u0161 edinstven sistem dostave liposomov, ki nenehno spro\u0161\u010da olje \u0161ipka, arginin in keratin za pomo\u010d pri popravilu, krepitvi in za\u0161\u010diti las pred \u0161kodljivimi u\u010dinki vsakodnevnega oblikovanja.<\/p>","protected":false},"excerpt":{"rendered":"<p>Glow Beyond serumom proti bledenju, poudari lesk, hkrati pa pomaga za\u0161\u010dititi lase pred mo\u010dnimi, barvo bledimi UV \u017earki. Serum, oblikovan z bogatim oljem kamelije in ekstraktom granatnega jabolka, poudari in pomaga podalj\u0161ati sve\u017eino \u010dudovite barve las.<\/p>","protected":false},"featured_media":11162,"template":"","meta":{"_acf_changed":false,"inline_featured_image":false,"_monsterinsights_skip_tracking":false,"_monsterinsights_sitenote_active":false,"_monsterinsights_sitenote_note":"","_monsterinsights_sitenote_category":0},"product_cat":[371,153,155,262,199,205],"product_tag":[],"aioseo_notices":[],"acf":[],"_links":{"self":[{"href":"https:\/\/shop.tjasha.si\/en\/wp-json\/wp\/v2\/product\/11161"}],"collection":[{"href":"https:\/\/shop.tjasha.si\/en\/wp-json\/wp\/v2\/product"}],"about":[{"href":"https:\/\/shop.tjasha.si\/en\/wp-json\/wp\/v2\/types\/product"}],"version-history":[{"count":1,"href":"https:\/\/shop.tjasha.si\/en\/wp-json\/wp\/v2\/product\/11161\/revisions"}],"predecessor-version":[{"id":11163,"href":"https:\/\/shop.tjasha.si\/en\/wp-json\/wp\/v2\/product\/11161\/revisions\/11163"}],"wp:featuredmedia":[{"embeddable":true,"href":"https:\/\/shop.tjasha.si\/en\/wp-json\/wp\/v2\/media\/11162"}],"wp:attachment":[{"href":"https:\/\/shop.tjasha.si\/en\/wp-json\/wp\/v2\/media?parent=11161"}],"wp:term":[{"taxonomy":"product_cat","embeddable":true,"href":"https:\/\/shop.tjasha.si\/en\/wp-json\/wp\/v2\/product_cat?post=11161"},{"taxonomy":"product_tag","embeddable":true,"href":"https:\/\/shop.tjasha.si\/en\/wp-json\/wp\/v2\/product_tag?post=11161"}],"curies":[{"name":"wp","href":"https:\/\/api.w.org\/{rel}","templated":true}]}}