{"id":11181,"date":"2024-07-05T07:01:19","date_gmt":"2024-07-05T07:01:19","guid":{"rendered":"https:\/\/shop.tjasha.si\/?post_type=product&#038;p=11181"},"modified":"2024-07-05T07:01:19","modified_gmt":"2024-07-05T07:01:19","slug":"gamma-piu-barber-2000w-susilec-za-lase","status":"publish","type":"product","link":"https:\/\/shop.tjasha.si\/en\/trgovina\/gamma-piu-barber-2000w-susilec-za-lase\/","title":{"rendered":"Gamma.Piu Barber 2000W su\u0161ilec za lase"},"content":{"rendered":"<p><strong>Odlikuje se:<\/strong><\/p>\n<ul>\n<li>s svojo ravnjo zraka in temperature, ki je idealna za su\u0161enje brade in brkov, saj ohranja njihovo naravno hidracijo,<\/li>\n<li>z motorjem mo\u010dnim med 1800 do 2000 W,<\/li>\n<li>s hladno cevjo, ki prepre\u010duje mo\u017enost opeklin,<\/li>\n<li>z grelcem s turmalinsko prevleko, ki ionizira zrak, zaradi \u010desar so lasje, brada in brki bolj \u017eivi in sijo\u010di, ter<\/li>\n<li>z ergonomskim ro\u010dajem.<\/li>\n<\/ul>\n<p>&nbsp;<\/p>\n<p>Navodila za uporabo so prilo\u017eena.<\/p>","protected":false},"excerpt":{"rendered":"<p>Gamma.piu Barber je profesionalen su\u0161ilec za lase, brado in brke, primeren \u0161e posebej za brivce.<\/p>","protected":false},"featured_media":11182,"template":"","meta":{"_acf_changed":false,"inline_featured_image":false,"_monsterinsights_skip_tracking":false,"_monsterinsights_sitenote_active":false,"_monsterinsights_sitenote_note":"","_monsterinsights_sitenote_category":0},"product_cat":[372,160],"product_tag":[],"aioseo_notices":[],"acf":[],"_links":{"self":[{"href":"https:\/\/shop.tjasha.si\/en\/wp-json\/wp\/v2\/product\/11181"}],"collection":[{"href":"https:\/\/shop.tjasha.si\/en\/wp-json\/wp\/v2\/product"}],"about":[{"href":"https:\/\/shop.tjasha.si\/en\/wp-json\/wp\/v2\/types\/product"}],"version-history":[{"count":1,"href":"https:\/\/shop.tjasha.si\/en\/wp-json\/wp\/v2\/product\/11181\/revisions"}],"predecessor-version":[{"id":11183,"href":"https:\/\/shop.tjasha.si\/en\/wp-json\/wp\/v2\/product\/11181\/revisions\/11183"}],"wp:featuredmedia":[{"embeddable":true,"href":"https:\/\/shop.tjasha.si\/en\/wp-json\/wp\/v2\/media\/11182"}],"wp:attachment":[{"href":"https:\/\/shop.tjasha.si\/en\/wp-json\/wp\/v2\/media?parent=11181"}],"wp:term":[{"taxonomy":"product_cat","embeddable":true,"href":"https:\/\/shop.tjasha.si\/en\/wp-json\/wp\/v2\/product_cat?post=11181"},{"taxonomy":"product_tag","embeddable":true,"href":"https:\/\/shop.tjasha.si\/en\/wp-json\/wp\/v2\/product_tag?post=11181"}],"curies":[{"name":"wp","href":"https:\/\/api.w.org\/{rel}","templated":true}]}}