{"id":11196,"date":"2024-07-05T07:09:04","date_gmt":"2024-07-05T07:09:04","guid":{"rendered":"https:\/\/shop.tjasha.si\/?post_type=product&#038;p=11196"},"modified":"2024-07-05T07:09:05","modified_gmt":"2024-07-05T07:09:05","slug":"gamma-piu-e-t-c-light-susilec-za-lase-fucsia-hollywood","status":"publish","type":"product","link":"https:\/\/shop.tjasha.si\/en\/trgovina\/gamma-piu-e-t-c-light-susilec-za-lase-fucsia-hollywood\/","title":{"rendered":"Gamma.Piu E-T.C. Light su\u0161ilec za lase &#8211; Fucsia Hollywood"},"content":{"rendered":"<p><strong>Odlikuje se:<\/strong><\/p>\n<ul>\n<li>z ETC tehnologijo, ki poskrbi za ve\u010dji tlak in hitrost zraka,<\/li>\n<li>z mre\u017eo s prevleko iz turmalina, ki ionizira zrak in lase naredi bolj \u017eive in sijo\u010de,<\/li>\n<li>z lahkostjo (430 g), ter<\/li>\n<li>z motorjem, ki omogo\u010da mo\u010d med 1800 in 2100 W.<\/li>\n<\/ul>\n<p>&nbsp;<\/p>\n<p>Navodila za uporabo so prilo\u017eena.<\/p>","protected":false},"excerpt":{"rendered":"<p>Gamma.piu E-T.C. Light &#8211; roza Fucsia Hollywood &#8211; je profesionalen su\u0161ilec za lase, s tehnologijo Evolution Turbo Compressor, ki omogo\u010da ve\u010dji tlak in hitrost zraka.<\/p>","protected":false},"featured_media":11197,"template":"","meta":{"_acf_changed":false,"inline_featured_image":false,"_monsterinsights_skip_tracking":false,"_monsterinsights_sitenote_active":false,"_monsterinsights_sitenote_note":"","_monsterinsights_sitenote_category":0},"product_cat":[372,160],"product_tag":[],"aioseo_notices":[],"acf":[],"_links":{"self":[{"href":"https:\/\/shop.tjasha.si\/en\/wp-json\/wp\/v2\/product\/11196"}],"collection":[{"href":"https:\/\/shop.tjasha.si\/en\/wp-json\/wp\/v2\/product"}],"about":[{"href":"https:\/\/shop.tjasha.si\/en\/wp-json\/wp\/v2\/types\/product"}],"version-history":[{"count":1,"href":"https:\/\/shop.tjasha.si\/en\/wp-json\/wp\/v2\/product\/11196\/revisions"}],"predecessor-version":[{"id":11198,"href":"https:\/\/shop.tjasha.si\/en\/wp-json\/wp\/v2\/product\/11196\/revisions\/11198"}],"wp:featuredmedia":[{"embeddable":true,"href":"https:\/\/shop.tjasha.si\/en\/wp-json\/wp\/v2\/media\/11197"}],"wp:attachment":[{"href":"https:\/\/shop.tjasha.si\/en\/wp-json\/wp\/v2\/media?parent=11196"}],"wp:term":[{"taxonomy":"product_cat","embeddable":true,"href":"https:\/\/shop.tjasha.si\/en\/wp-json\/wp\/v2\/product_cat?post=11196"},{"taxonomy":"product_tag","embeddable":true,"href":"https:\/\/shop.tjasha.si\/en\/wp-json\/wp\/v2\/product_tag?post=11196"}],"curies":[{"name":"wp","href":"https:\/\/api.w.org\/{rel}","templated":true}]}}