{"id":11220,"date":"2024-07-05T07:20:16","date_gmt":"2024-07-05T07:20:16","guid":{"rendered":"https:\/\/shop.tjasha.si\/?post_type=product&#038;p=11220"},"modified":"2024-07-05T07:20:17","modified_gmt":"2024-07-05T07:20:17","slug":"wahl-master-2000w-susilec-za-lase","status":"publish","type":"product","link":"https:\/\/shop.tjasha.si\/en\/trgovina\/wahl-master-2000w-susilec-za-lase\/","title":{"rendered":"Wahl Master 2000W su\u0161ilec za lase"},"content":{"rendered":"<p><strong>Odlikuje se:<\/strong><\/p>\n<ul>\n<li>z vzdr\u017eljivim AC motorjem mo\u010dnim 2000 W,<\/li>\n<li>s 83 m\u00b3 \/ h izpihnjenega zraka,<\/li>\n<li>z modernim kromiranim videzom,<\/li>\n<li>s svojo lahkostjo (590 g),<\/li>\n<li>z nastavitvami: 2 stopnji hitrosti, 3-mi stopnjami temperature in z gumbom za hladno su\u0161enje, ter<\/li>\n<li>3 metre dolgim kablom z zanko za obe\u0161anje.<\/li>\n<\/ul>\n<p>&nbsp;<\/p>\n<p>Navodila za uporabo so prilo\u017eena.<\/p>","protected":false},"excerpt":{"rendered":"<p>Wahl Master je profesionalen su\u0161ilec za lase s kromiranim ohi\u0161jem in se pona\u0161a z 2000 W mo\u010dnim vzdr\u017eljivim AC motorjem.<\/p>","protected":false},"featured_media":11221,"template":"","meta":{"_acf_changed":false,"inline_featured_image":false,"_monsterinsights_skip_tracking":false,"_monsterinsights_sitenote_active":false,"_monsterinsights_sitenote_note":"","_monsterinsights_sitenote_category":0},"product_cat":[372,160],"product_tag":[],"aioseo_notices":[],"acf":[],"_links":{"self":[{"href":"https:\/\/shop.tjasha.si\/en\/wp-json\/wp\/v2\/product\/11220"}],"collection":[{"href":"https:\/\/shop.tjasha.si\/en\/wp-json\/wp\/v2\/product"}],"about":[{"href":"https:\/\/shop.tjasha.si\/en\/wp-json\/wp\/v2\/types\/product"}],"version-history":[{"count":1,"href":"https:\/\/shop.tjasha.si\/en\/wp-json\/wp\/v2\/product\/11220\/revisions"}],"predecessor-version":[{"id":11222,"href":"https:\/\/shop.tjasha.si\/en\/wp-json\/wp\/v2\/product\/11220\/revisions\/11222"}],"wp:featuredmedia":[{"embeddable":true,"href":"https:\/\/shop.tjasha.si\/en\/wp-json\/wp\/v2\/media\/11221"}],"wp:attachment":[{"href":"https:\/\/shop.tjasha.si\/en\/wp-json\/wp\/v2\/media?parent=11220"}],"wp:term":[{"taxonomy":"product_cat","embeddable":true,"href":"https:\/\/shop.tjasha.si\/en\/wp-json\/wp\/v2\/product_cat?post=11220"},{"taxonomy":"product_tag","embeddable":true,"href":"https:\/\/shop.tjasha.si\/en\/wp-json\/wp\/v2\/product_tag?post=11220"}],"curies":[{"name":"wp","href":"https:\/\/api.w.org\/{rel}","templated":true}]}}