{"id":11236,"date":"2024-07-05T07:32:20","date_gmt":"2024-07-05T07:32:20","guid":{"rendered":"https:\/\/shop.tjasha.si\/?post_type=product&#038;p=11236"},"modified":"2024-07-05T07:32:20","modified_gmt":"2024-07-05T07:32:20","slug":"parlux-alyon-ceramic-ion-susilec-za-lase-baby-pink","status":"publish","type":"product","link":"https:\/\/shop.tjasha.si\/en\/trgovina\/parlux-alyon-ceramic-ion-susilec-za-lase-baby-pink\/","title":{"rendered":"Parlux Alyon Ceramic\/Ion su\u0161ilec za lase &#8211; Baby Pink"},"content":{"rendered":"<p><strong>Lastnosti:<\/strong><\/p>\n<ul>\n<li>Ceramic\/Ion, kerami\u010den motor z ionsko za\u0161\u010dito, proti elektrenju las,<\/li>\n<li>mo\u010d motorja: 2250 Watt,<\/li>\n<li>2 nastavljivi hitrosti,<\/li>\n<li>4 nastavljive temperature in gumb za mrzel zrak,<\/li>\n<li>nova tehnologija motorja K-ADVANCE\u00ae plus motor,<\/li>\n<li>&#8220;Air Ionizer Tech&#8221; ion tehnologija,<\/li>\n<li>izredno lahek 465g,<\/li>\n<li>ergonomi\u010dna oblika,<\/li>\n<li>se ne segreva,<\/li>\n<li>dol\u017eina kabla: 3 m, ter<\/li>\n<li>prilo\u017eena 2 nastavka.<\/li>\n<li>ve\u010d kot 3000 ur delovanja<\/li>\n<li>prepre\u010duje elektrenje las<\/li>\n<li>je ergonomske oblike in se poda v vsako roko<\/li>\n<li>prijazen do okolja<\/li>\n<\/ul>","protected":false},"excerpt":{"rendered":"<p>Parlux Alyon Ceramic\/Ion je profesionalen su\u0161ilec za lase ustvarjen za vse tehnike su\u0161enja in stiliranja. Je izjemno tih in lahek, kljub svoji izjemni tehnologiji in mo\u010di 2250 vatov. Lasje so suhi v trenutku, po uporabi pa zdravi, mehki in sijo\u010di. Tehnologija s kerami\u010dnim motorjem i ionsko za\u0161\u010dito, bodo lase dodatno za\u0161\u010ditili, poleg tega pa se lasje ne bodo elektrili.<\/p>","protected":false},"featured_media":11237,"template":"","meta":{"_acf_changed":false,"inline_featured_image":false,"_monsterinsights_skip_tracking":false,"_monsterinsights_sitenote_active":false,"_monsterinsights_sitenote_note":"","_monsterinsights_sitenote_category":0},"product_cat":[372,160],"product_tag":[],"aioseo_notices":[],"acf":[],"_links":{"self":[{"href":"https:\/\/shop.tjasha.si\/en\/wp-json\/wp\/v2\/product\/11236"}],"collection":[{"href":"https:\/\/shop.tjasha.si\/en\/wp-json\/wp\/v2\/product"}],"about":[{"href":"https:\/\/shop.tjasha.si\/en\/wp-json\/wp\/v2\/types\/product"}],"version-history":[{"count":1,"href":"https:\/\/shop.tjasha.si\/en\/wp-json\/wp\/v2\/product\/11236\/revisions"}],"predecessor-version":[{"id":11238,"href":"https:\/\/shop.tjasha.si\/en\/wp-json\/wp\/v2\/product\/11236\/revisions\/11238"}],"wp:featuredmedia":[{"embeddable":true,"href":"https:\/\/shop.tjasha.si\/en\/wp-json\/wp\/v2\/media\/11237"}],"wp:attachment":[{"href":"https:\/\/shop.tjasha.si\/en\/wp-json\/wp\/v2\/media?parent=11236"}],"wp:term":[{"taxonomy":"product_cat","embeddable":true,"href":"https:\/\/shop.tjasha.si\/en\/wp-json\/wp\/v2\/product_cat?post=11236"},{"taxonomy":"product_tag","embeddable":true,"href":"https:\/\/shop.tjasha.si\/en\/wp-json\/wp\/v2\/product_tag?post=11236"}],"curies":[{"name":"wp","href":"https:\/\/api.w.org\/{rel}","templated":true}]}}