{"id":11313,"date":"2024-07-31T11:06:19","date_gmt":"2024-07-31T11:06:19","guid":{"rendered":"https:\/\/shop.tjasha.si\/?post_type=product&#038;p=11313"},"modified":"2026-03-15T10:46:37","modified_gmt":"2026-03-15T10:46:37","slug":"joico-innerjoi-preserve-paket","status":"publish","type":"product","link":"https:\/\/shop.tjasha.si\/en\/trgovina\/joico-innerjoi-preserve-paket\/","title":{"rendered":"Joico InnerJoi Preserve Paket za za\u0161\u010dito barve las \u0161ampon 300 ml, balzam 250 ml in mleko za lase 200 ml"},"content":{"rendered":"<div class=\"w-full text-token-text-primary\" data-testid=\"conversation-turn-51\">\n<div class=\"px-4 py-2 justify-center text-base md:gap-6 m-auto\">\n<div class=\"flex flex-1 text-base mx-auto gap-3 md:px-5 lg:px-1 xl:px-5 md:max-w-3xl lg:max-w-[40rem] xl:max-w-[48rem] group\">\n<div class=\"relative flex w-full flex-col agent-turn\">\n<div class=\"flex-col gap-1 md:gap-3\">\n<div class=\"flex flex-grow flex-col max-w-full\">\n<div class=\"min-h-[20px] text-message flex flex-col items-start gap-3 whitespace-pre-wrap break-words [.text-message+&amp;]:mt-5 overflow-x-auto\" data-message-author-role=\"assistant\" data-message-id=\"4ce312dc-dab1-4c4f-8a8b-73527bcdceb0\">\n<div class=\"markdown prose w-full break-words dark:prose-invert light\">\n<p>Izdelki InnerJoi\u2122 Preserve, ki vklju\u010dujejo olje iz malinovih semen in izvle\u010dek iz rde\u010de pese, so bile posebej razvite za boj proti izpiranju barve. Nudite svojim barvanim lasem prav nego in za\u0161\u010dito, ki ju potrebujejo, da ostanejo \u017eivo vibrirajo\u010di dlje \u010dasa.<\/p>\n<p>&nbsp;<\/p>\n<\/div>\n<\/div>\n<\/div>\n<\/div>\n<\/div>\n<\/div>\n<\/div>\n<\/div>\n<div class=\"w-full text-token-text-primary\" data-testid=\"conversation-turn-52\">\n<div class=\"px-4 py-2 justify-center text-base md:gap-6 m-auto\">\n<div class=\"flex flex-1 text-base mx-auto gap-3 md:px-5 lg:px-1 xl:px-5 md:max-w-3xl lg:max-w-[40rem] xl:max-w-[48rem] group\">\n<div class=\"flex-shrink-0 flex flex-col relative items-end\">\n<div>\n<div class=\"gizmo-shadow-stroke flex h-6 w-6 items-center justify-center overflow-hidden rounded-full\">\n<p>&nbsp;<\/p>\n<\/div>\n<\/div>\n<\/div>\n<\/div>\n<\/div>\n<\/div>","protected":false},"excerpt":{"rendered":"<div class=\"w-full text-token-text-primary\" data-testid=\"conversation-turn-51\">\n<div class=\"px-4 py-2 justify-center text-base md:gap-6 m-auto\">\n<div class=\"flex flex-1 text-base mx-auto gap-3 md:px-5 lg:px-1 xl:px-5 md:max-w-3xl lg:max-w-[40rem] xl:max-w-[48rem] group\">\n<div class=\"relative flex w-full flex-col agent-turn\">\n<div class=\"flex-col gap-1 md:gap-3\">\n<div class=\"flex flex-grow flex-col max-w-full\">\n<div class=\"min-h-[20px] text-message flex flex-col items-start gap-3 whitespace-pre-wrap break-words [.text-message+&amp;]:mt-5 overflow-x-auto\" data-message-author-role=\"assistant\" data-message-id=\"4ce312dc-dab1-4c4f-8a8b-73527bcdceb0\">\n<div class=\"markdown prose w-full break-words dark:prose-invert light\">\n<p>Zakaj vam bo v\u0161e\u010d:<\/p>\n<p>90% naravno pridobljenih sestavin*<\/p>\n<p>Ohranja \u017eivljenje barve va\u0161ih las<\/p>\n<p>Ne\u017eno \u010di\u0161\u010denje in negovanje<\/p>\n<p>Milk za lahkotno raz\u010desavanje las in za\u0161\u010dito<\/p>\n<p>Brez sulfatov SLS\/SLES<\/p>\n<\/div>\n<\/div>\n<\/div>\n<div class=\"mt-1 flex justify-start gap-3 empty:hidden\">\n<div class=\"text-gray-400 flex self-end lg:self-center justify-center lg:justify-start mt-0 -ml-1 h-7 visible\">\n<div class=\"flex\"><\/div>\n<\/div>\n<\/div>\n<\/div>\n<\/div>\n<\/div>\n<\/div>\n<\/div>\n<div class=\"w-full text-token-text-primary\" data-testid=\"conversation-turn-52\">\n<div class=\"px-4 py-2 justify-center text-base md:gap-6 m-auto\">\n<div class=\"flex flex-1 text-base mx-auto gap-3 md:px-5 lg:px-1 xl:px-5 md:max-w-3xl lg:max-w-[40rem] xl:max-w-[48rem] group\">\n<div class=\"flex-shrink-0 flex flex-col relative items-end\">\n<div>\n<div class=\"gizmo-shadow-stroke flex h-6 w-6 items-center justify-center overflow-hidden rounded-full\">\n<p>VEGANSKI PROTEIN: Ta veganska oblika beljakovin, narejena iz graha in rastlinskih virov, posnema beljakovine, ki se naravno nahajajo v laseh.<\/p>\n<p>OLIVNI ESTER: Biorazgradljiv in recikliran iz proizvodnje olivnega olja, ta olivni ester pomaga pri podpori zdravemu videzu las.<\/p>\n<p>IZVLE\u010cEK IZ KORENINE PESA: Naravna, ve\u010dnamenska sestavina, povezana z za\u0161\u010dito pred bledenjem barve las.<\/p>\n<p>OLJE IZ SEMEN MALIN: Naravni vir linolne kisline, fitosterolov, omega-3 in -6 ma\u0161\u010dobnih kislin ter vitamina E.<\/p>\n<p>CELOSTNE SESTAVINE:<\/p>\n<p>Aqua (voda), natrijev metil kokoil taurat, kokamidopropil betain, dekil glukozid, natrijev metil 2-sulfolaurat, PEG-120 metil glukozni trioleat, betain, glicerin, lauril glukozid, fenoksietanol, parfum (di\u0161ava), natrijev benzoat, sklerotijeva guma, citronska kislina, disodium 2-sulfolaurat, dioleoiletil hidroksietilmonium metosulfat, guar hidroksipropiltrimonijev klorid, natrijev glukonat, izoamil laurat, propanediol, propilen glikol, olje iz semen malin, benzil alkohol, etilheksil olivat, hidrolizirani estri jojobinih, hidroliziran koruzni \u0161krob, izvle\u010dek iz korenine pese, hidrolizirani grahov protein, hidroliziran rastlinski protein, mle\u010dna kislina, skvalan, metil oleat, kalijev sorbat, p-anisi\u010dna kislina, natrijev hidroksid, heksil cinnamal, limonen, alfa-izometil ionon.<\/p>\n<\/div>\n<\/div>\n<\/div>\n<\/div>\n<\/div>\n<\/div>","protected":false},"featured_media":11314,"template":"","meta":{"_acf_changed":false,"inline_featured_image":false,"_monsterinsights_skip_tracking":false,"_monsterinsights_sitenote_active":false,"_monsterinsights_sitenote_note":"","_monsterinsights_sitenote_category":0},"product_cat":[361,153,155,199],"product_tag":[],"aioseo_notices":[],"acf":[],"_links":{"self":[{"href":"https:\/\/shop.tjasha.si\/en\/wp-json\/wp\/v2\/product\/11313"}],"collection":[{"href":"https:\/\/shop.tjasha.si\/en\/wp-json\/wp\/v2\/product"}],"about":[{"href":"https:\/\/shop.tjasha.si\/en\/wp-json\/wp\/v2\/types\/product"}],"version-history":[{"count":4,"href":"https:\/\/shop.tjasha.si\/en\/wp-json\/wp\/v2\/product\/11313\/revisions"}],"predecessor-version":[{"id":11322,"href":"https:\/\/shop.tjasha.si\/en\/wp-json\/wp\/v2\/product\/11313\/revisions\/11322"}],"wp:featuredmedia":[{"embeddable":true,"href":"https:\/\/shop.tjasha.si\/en\/wp-json\/wp\/v2\/media\/11314"}],"wp:attachment":[{"href":"https:\/\/shop.tjasha.si\/en\/wp-json\/wp\/v2\/media?parent=11313"}],"wp:term":[{"taxonomy":"product_cat","embeddable":true,"href":"https:\/\/shop.tjasha.si\/en\/wp-json\/wp\/v2\/product_cat?post=11313"},{"taxonomy":"product_tag","embeddable":true,"href":"https:\/\/shop.tjasha.si\/en\/wp-json\/wp\/v2\/product_tag?post=11313"}],"curies":[{"name":"wp","href":"https:\/\/api.w.org\/{rel}","templated":true}]}}