{"id":11349,"date":"2024-09-13T11:27:19","date_gmt":"2024-09-13T11:27:19","guid":{"rendered":"https:\/\/shop.tjasha.si\/?post_type=product&#038;p=11349"},"modified":"2026-03-15T10:46:37","modified_gmt":"2026-03-15T10:46:37","slug":"paket-joico-defy-demage-sampon-300-ml-balzam-250-ml","status":"publish","type":"product","link":"https:\/\/shop.tjasha.si\/en\/trgovina\/paket-joico-defy-demage-sampon-300-ml-balzam-250-ml\/","title":{"rendered":"Paket Joico Defy demage \u0161ampon 300 ml, balzam 250 ml"},"content":{"rendered":"<p><strong>Nova SmartRelease tehnologija<\/strong>\u00a0\u00a0edinstveni liposomski sistem spro\u0161\u010danja nudi kontinuirano dostavo treh klju\u010dnih sestavin za zdrave lase\u2014\u0161ipkovo olje, arginin in keratin. Te sestavine pomagajo pri obnavljanju, krepitvi in za\u0161\u010diti las pred \u0161kodljivimi u\u010dinki vsakodnevnega oblikovanja.<\/p>\n<p><strong>Za\u0161\u010ditni lipid<\/strong><br \/>\nGre za lipid, ki je naravno prisoten v zdravih laseh in deluje kot prva obrambna linija pred toplotnimi, kemi\u010dnimi, stilskimi in UV po\u0161kodbami. Rezultati so vidni \u017ee po prvi uporabi.<\/p>\n<p><strong>Olje moringinih semen<\/strong><br \/>\nBogato z antioksidanti, vitaminoma A in E ter siliko, ki so klju\u010dni za ustvarjanje zdravih, mo\u010dnih in odpornih las. Olje izbolj\u0161uje sijaj in mehkobo.<\/p>\n<p><strong>Arginin<\/strong><br \/>\nPametna molekula, ki deluje na obnavljanje vezi v laseh in pomaga krepiti lasne vezi ter spodbuja njihovo obnavljanje.<\/p>","protected":false},"excerpt":{"rendered":"<p>Za\u0161\u010dititi vse tipe las pred \u0161kodljivimi u\u010dinki vsakodnevnega oblikovanja s toploto, izpostavljenostjo UV \u017earkom in okoljskimi onesna\u017eevalci, ki vodijo v suhe, dolgo\u010dasne in brez leska lase, z Joico-jevim NOVIM sistemom za nego las Defy Damage. Ta preboj, pomaga za\u0161\u010dititi in okrepiti vezi v laseh za preobrazbo zdravih las, ki jo lahko takoj vidite in ob\u010dutite.<\/p>\n<p>Lasje bodo lahkotni, sijo\u010di in fleksibilni.<\/p>\n<p>&nbsp;<\/p>","protected":false},"featured_media":11350,"template":"","meta":{"_acf_changed":false,"inline_featured_image":false,"_monsterinsights_skip_tracking":false,"_monsterinsights_sitenote_active":false,"_monsterinsights_sitenote_note":"","_monsterinsights_sitenote_category":0},"product_cat":[199,288],"product_tag":[],"aioseo_notices":[],"acf":[],"_links":{"self":[{"href":"https:\/\/shop.tjasha.si\/en\/wp-json\/wp\/v2\/product\/11349"}],"collection":[{"href":"https:\/\/shop.tjasha.si\/en\/wp-json\/wp\/v2\/product"}],"about":[{"href":"https:\/\/shop.tjasha.si\/en\/wp-json\/wp\/v2\/types\/product"}],"version-history":[{"count":1,"href":"https:\/\/shop.tjasha.si\/en\/wp-json\/wp\/v2\/product\/11349\/revisions"}],"predecessor-version":[{"id":11351,"href":"https:\/\/shop.tjasha.si\/en\/wp-json\/wp\/v2\/product\/11349\/revisions\/11351"}],"wp:featuredmedia":[{"embeddable":true,"href":"https:\/\/shop.tjasha.si\/en\/wp-json\/wp\/v2\/media\/11350"}],"wp:attachment":[{"href":"https:\/\/shop.tjasha.si\/en\/wp-json\/wp\/v2\/media?parent=11349"}],"wp:term":[{"taxonomy":"product_cat","embeddable":true,"href":"https:\/\/shop.tjasha.si\/en\/wp-json\/wp\/v2\/product_cat?post=11349"},{"taxonomy":"product_tag","embeddable":true,"href":"https:\/\/shop.tjasha.si\/en\/wp-json\/wp\/v2\/product_tag?post=11349"}],"curies":[{"name":"wp","href":"https:\/\/api.w.org\/{rel}","templated":true}]}}