{"id":11526,"date":"2025-07-03T09:31:14","date_gmt":"2025-07-03T09:31:14","guid":{"rendered":"https:\/\/shop.tjasha.si\/?post_type=product&#038;p=11526"},"modified":"2026-03-15T10:46:37","modified_gmt":"2026-03-15T10:46:37","slug":"scalp-vitality-refershing-sampon-300ml","status":"publish","type":"product","link":"https:\/\/shop.tjasha.si\/en\/trgovina\/scalp-vitality-refershing-sampon-300ml\/","title":{"rendered":"Scalp vitality Refreshing \u0161ampon 300ml"},"content":{"rendered":"<p data-start=\"0\" data-end=\"24\"><strong data-start=\"0\" data-end=\"22\">Zakaj vam bo v\u0161e\u010d:<\/strong><\/p>\n<ul data-start=\"25\" data-end=\"156\" data-is-last-node=\"\" data-is-only-node=\"\">\n<li data-start=\"25\" data-end=\"79\">\n<p data-start=\"27\" data-end=\"79\">Lasi\u0161\u010de je po uporabi \u010disto, osve\u017eeno in pomirjeno<\/p>\n<\/li>\n<li data-start=\"80\" data-end=\"119\">\n<p data-start=\"82\" data-end=\"119\">Lasje delujejo gostej\u0161i in polnej\u0161i<\/p>\n<\/li>\n<li data-start=\"120\" data-end=\"156\" data-is-last-node=\"\">\n<p data-start=\"122\" data-end=\"156\" data-is-last-node=\"\">Klini\u010dno in dermatolo\u0161ko testirano<\/p>\n<\/li>\n<\/ul>\n<p>&nbsp;<\/p>\n<article class=\"text-token-text-primary w-full\" dir=\"auto\" data-testid=\"conversation-turn-10\" data-scroll-anchor=\"false\">\n<div class=\"text-base my-auto mx-auto py-5 [--thread-content-margin:--spacing(4)] @[37rem]:[--thread-content-margin:--spacing(6)] @[72rem]:[--thread-content-margin:--spacing(16)] px-(--thread-content-margin)\">\n<div class=\"[--thread-content-max-width:32rem] @[34rem]:[--thread-content-max-width:40rem] @[64rem]:[--thread-content-max-width:48rem] mx-auto flex max-w-(--thread-content-max-width) flex-1 text-base gap-4 md:gap-5 lg:gap-6 group\/turn-messages focus-visible:outline-hidden\">\n<div class=\"group\/conversation-turn relative flex w-full min-w-0 flex-col agent-turn\">\n<div class=\"relative flex-col gap-1 md:gap-3\">\n<div class=\"flex max-w-full flex-col grow\">\n<div class=\"min-h-8 text-message relative flex w-full flex-col items-end gap-2 text-start break-words whitespace-normal [.text-message+&amp;]:mt-5\" dir=\"auto\" data-message-author-role=\"assistant\" data-message-id=\"9dddda3b-5179-425c-971c-c96370c178de\" data-message-model-slug=\"gpt-4o\">\n<div class=\"flex w-full flex-col gap-1 empty:hidden first:pt-[3px]\">\n<div class=\"markdown prose dark:prose-invert w-full break-words light\">\n<p data-start=\"0\" data-end=\"72\"><strong data-start=\"0\" data-end=\"22\">Kako ga uporabiti:<\/strong><br data-start=\"22\" data-end=\"25\" \/>Navodila: Vmasirajte v mokre lase in lasi\u0161\u010de.<\/p>\n<p data-start=\"76\" data-end=\"96\">Temeljito sperite.<\/p>\n<p data-start=\"100\" data-end=\"192\" data-is-last-node=\"\" data-is-only-node=\"\">Nato uporabite svoj najljub\u0161i Joico balzam ali masko \u2013 od sredine dol\u017eine las proti konicam.<\/p>\n<\/div>\n<p data-start=\"100\" data-end=\"192\" data-is-last-node=\"\" data-is-only-node=\"\">\n<\/div>\n<\/div>\n<\/div>\n<div class=\"flex min-h-[46px] justify-start\"><\/div>\n<\/div>\n<\/div>\n<\/div>\n<\/div>\n<\/article>\n<article class=\"text-token-text-primary w-full\" dir=\"auto\" data-testid=\"conversation-turn-11\" data-scroll-anchor=\"false\">\n<h5 class=\"sr-only\">SESTAVINE:<\/h5>\n<article class=\"text-token-text-primary w-full\" dir=\"auto\" data-testid=\"conversation-turn-12\" data-scroll-anchor=\"true\">\n<div class=\"text-base my-auto mx-auto py-5 [--thread-content-margin:--spacing(4)] @[37rem]:[--thread-content-margin:--spacing(6)] @[72rem]:[--thread-content-margin:--spacing(16)] px-(--thread-content-margin)\">\n<div class=\"[--thread-content-max-width:32rem] @[34rem]:[--thread-content-max-width:40rem] @[64rem]:[--thread-content-max-width:48rem] mx-auto flex max-w-(--thread-content-max-width) flex-1 text-base gap-4 md:gap-5 lg:gap-6 group\/turn-messages focus-visible:outline-hidden\">\n<div class=\"group\/conversation-turn relative flex w-full min-w-0 flex-col agent-turn\">\n<div class=\"relative flex-col gap-1 md:gap-3\">\n<div class=\"flex max-w-full flex-col grow\">\n<div class=\"min-h-8 text-message relative flex w-full flex-col items-end gap-2 text-start break-words whitespace-normal [.text-message+&amp;]:mt-5\" dir=\"auto\" data-message-author-role=\"assistant\" data-message-id=\"099386fa-9be9-4b40-b016-84e620e89ee0\" data-message-model-slug=\"gpt-4o\">\n<div class=\"flex w-full flex-col gap-1 empty:hidden first:pt-[3px]\">\n<div class=\"markdown prose dark:prose-invert w-full break-words light\">\n<p data-start=\"0\" data-end=\"124\"><strong data-start=\"0\" data-end=\"11\">KOPRIVA<\/strong><br data-start=\"11\" data-end=\"14\" \/>Ta divja rastlina je znana kot dober vir vitaminov in se pogosto uporablja v izdelkih za nego ko\u017ee in lasi\u0161\u010da.<\/p>\n<p data-start=\"126\" data-end=\"243\"><strong data-start=\"126\" data-end=\"142\">\u0160IPKOVO OLJE<\/strong><br data-start=\"142\" data-end=\"145\" \/>Naravni emolient, pridobljen iz plodov \u0161ipka, ki se pogosto uporablja v formulacijah za nego ko\u017ee.<\/p>\n<p data-start=\"245\" data-end=\"336\" data-is-last-node=\"\" data-is-only-node=\"\"><strong data-start=\"245\" data-end=\"279\">BELJAKOVINE GRAHA IN ZELENJAVE<\/strong><br data-start=\"279\" data-end=\"282\" \/>Posnemajo naravne beljakovine, ki jih najdemo v laseh.<\/p>\n<\/div>\n<\/div>\n<\/div>\n<\/div>\n<div class=\"flex min-h-[46px] justify-start\"><\/div>\n<\/div>\n<div class=\"aria-live=polite absolute\">\n<div class=\"flex items-center justify-center\"><\/div>\n<\/div>\n<\/div>\n<\/div>\n<\/div>\n<\/article>\n<div class=\"pointer-events-none h-px w-px\" aria-hidden=\"true\" data-edge=\"true\"><\/div>\n<\/article>","protected":false},"excerpt":{"rendered":"<p>I\u0161\u010dete \u0161ampon, ki je ne\u017een do lasi\u0161\u010da in ga hkrati pomiri ter nahrani? Ta \u010distilni \u0161ampon ne\u017eno \u2013 a temeljito \u2013 o\u010disti lase in lasi\u0161\u010de z bogato peno ter prijetnim, osve\u017eujo\u010dim ob\u010dutkom.<\/p>","protected":false},"featured_media":11527,"template":"","meta":{"_acf_changed":false,"inline_featured_image":false,"_monsterinsights_skip_tracking":false,"_monsterinsights_sitenote_active":false,"_monsterinsights_sitenote_note":"","_monsterinsights_sitenote_category":0},"product_cat":[15,371,374,153,155],"product_tag":[],"aioseo_notices":[],"acf":[],"_links":{"self":[{"href":"https:\/\/shop.tjasha.si\/en\/wp-json\/wp\/v2\/product\/11526"}],"collection":[{"href":"https:\/\/shop.tjasha.si\/en\/wp-json\/wp\/v2\/product"}],"about":[{"href":"https:\/\/shop.tjasha.si\/en\/wp-json\/wp\/v2\/types\/product"}],"version-history":[{"count":2,"href":"https:\/\/shop.tjasha.si\/en\/wp-json\/wp\/v2\/product\/11526\/revisions"}],"predecessor-version":[{"id":11556,"href":"https:\/\/shop.tjasha.si\/en\/wp-json\/wp\/v2\/product\/11526\/revisions\/11556"}],"wp:featuredmedia":[{"embeddable":true,"href":"https:\/\/shop.tjasha.si\/en\/wp-json\/wp\/v2\/media\/11527"}],"wp:attachment":[{"href":"https:\/\/shop.tjasha.si\/en\/wp-json\/wp\/v2\/media?parent=11526"}],"wp:term":[{"taxonomy":"product_cat","embeddable":true,"href":"https:\/\/shop.tjasha.si\/en\/wp-json\/wp\/v2\/product_cat?post=11526"},{"taxonomy":"product_tag","embeddable":true,"href":"https:\/\/shop.tjasha.si\/en\/wp-json\/wp\/v2\/product_tag?post=11526"}],"curies":[{"name":"wp","href":"https:\/\/api.w.org\/{rel}","templated":true}]}}