{"id":11531,"date":"2025-07-03T09:33:34","date_gmt":"2025-07-03T09:33:34","guid":{"rendered":"https:\/\/shop.tjasha.si\/?post_type=product&#038;p=11531"},"modified":"2026-03-15T10:46:37","modified_gmt":"2026-03-15T10:46:37","slug":"scalp-vitality-exfoliating-foaming-scrub-piling-za-lasisce-177ml","status":"publish","type":"product","link":"https:\/\/shop.tjasha.si\/en\/trgovina\/scalp-vitality-exfoliating-foaming-scrub-piling-za-lasisce-177ml\/","title":{"rendered":"Scalp Vitality Exfoliating  foaming scrub &#8211; piling za lasi\u0161\u010de 177ml"},"content":{"rendered":"<p data-start=\"0\" data-end=\"24\"><strong data-start=\"0\" data-end=\"22\">Zakaj vam bo v\u0161e\u010d:<\/strong><\/p>\n<ul data-start=\"25\" data-end=\"277\" data-is-last-node=\"\" data-is-only-node=\"\">\n<li data-start=\"25\" data-end=\"95\">\n<p data-start=\"27\" data-end=\"95\">Odstrani odve\u010dno ma\u0161\u010dobo, sebum, ostanke izdelkov in ohlapne luske<\/p>\n<\/li>\n<li data-start=\"96\" data-end=\"167\">\n<p data-start=\"98\" data-end=\"167\">Bogata pena omogo\u010da ne\u017eno masa\u017eo lasi\u0161\u010da in u\u010dinkovito \u010di\u0161\u010denje las<\/p>\n<\/li>\n<li data-start=\"168\" data-end=\"240\">\n<p data-start=\"170\" data-end=\"240\">Temeljito se spere in pusti ob\u010dutek zdravega ter pomirjenega lasi\u0161\u010da<\/p>\n<\/li>\n<li data-start=\"241\" data-end=\"277\" data-is-last-node=\"\">\n<p data-start=\"243\" data-end=\"277\" data-is-last-node=\"\">Klini\u010dno in dermatolo\u0161ko testirano<\/p>\n<\/li>\n<\/ul>\n<p data-start=\"0\" data-end=\"33\"><strong data-start=\"0\" data-end=\"31\">Skrivnost zdravega lasi\u0161\u010da?<\/strong><\/p>\n<p data-start=\"37\" data-end=\"214\" data-is-last-node=\"\" data-is-only-node=\"\">Uravnote\u017een mikrobiom \u2013 naravna pregrada, ki deluje kot prva obrambna linija va\u0161ega lasi\u0161\u010da in ga \u0161\u010diti pred \u0161kodljivimi zunanjimi vplivi, kot so onesna\u017eevala in dra\u017eilne snovi.<\/p>\n<p data-start=\"37\" data-end=\"214\" data-is-last-node=\"\" data-is-only-node=\"\">\n<div class=\"wpb_text_column wpb_content_element  cesis_text_transform_none  vc_custom_1547085955891\">\n<div class=\"wpb_wrapper\"><\/div>\n<\/div>\n<div class=\"wpb_text_column wpb_content_element  cesis_text_transform_none  vc_custom_1744144728873\">\n<div class=\"wpb_wrapper\">\n<p data-start=\"0\" data-end=\"24\"><strong data-start=\"0\" data-end=\"22\">Kako ga uporabiti:<\/strong><\/p>\n<p data-start=\"28\" data-end=\"120\">Navodila: Nanesite neposredno na lasi\u0161\u010de in postopoma dodajajte vodo, da se izdelek speni.<\/p>\n<p data-start=\"124\" data-end=\"207\">Vmasirajte v lasi\u0161\u010de in po potrebi razporedite po dol\u017eini las. Temeljito sperite.<\/p>\n<p data-start=\"211\" data-end=\"303\" data-is-last-node=\"\" data-is-only-node=\"\">Nato uporabite svoj najljub\u0161i Joico balzam ali masko \u2013 od sredine dol\u017eine las proti konicam.<\/p>\n<\/div>\n<p data-start=\"211\" data-end=\"303\" data-is-last-node=\"\" data-is-only-node=\"\"><strong>SESTAVINE<\/strong><\/p>\n<p data-start=\"0\" data-end=\"124\"><strong data-start=\"0\" data-end=\"11\">KOPRIVA<\/strong><br data-start=\"11\" data-end=\"14\" \/>Ta divja rastlina je znana kot bogat vir vitaminov in se pogosto uporablja v izdelkih za nego ko\u017ee in lasi\u0161\u010da.<\/p>\n<p data-start=\"126\" data-end=\"238\"><strong data-start=\"126\" data-end=\"142\">\u0160IPKOVO OLJE<\/strong><br data-start=\"142\" data-end=\"145\" \/>Naravni emolient, pridobljen iz plodov \u0161ipka, pogosto uporabljen v formulacijah za nego ko\u017ee.<\/p>\n<p data-start=\"240\" data-end=\"331\" data-is-last-node=\"\" data-is-only-node=\"\"><strong data-start=\"240\" data-end=\"274\">BELJAKOVINE GRAHA IN ZELENJAVE<\/strong><br data-start=\"274\" data-end=\"277\" \/>Posnemajo naravne beljakovine, ki se nahajajo v laseh.<\/p>\n<p data-start=\"240\" data-end=\"331\" data-is-last-node=\"\" data-is-only-node=\"\">\n<\/div>","protected":false},"excerpt":{"rendered":"<p>Tako kot kozmetika za nego ko\u017ee z dvojnim u\u010dinkom, tudi ta dvofazni piling ne\u017eno odstrani ne\u010disto\u010de s lasi\u0161\u010da in se ob tem spremeni v bogato peno, ki lase temeljito o\u010disti ter poskrbi za sve\u017e in prijeten ob\u010dutek.<\/p>","protected":false},"featured_media":11534,"template":"","meta":{"_acf_changed":false,"inline_featured_image":false,"_monsterinsights_skip_tracking":false,"_monsterinsights_sitenote_active":false,"_monsterinsights_sitenote_note":"","_monsterinsights_sitenote_category":0},"product_cat":[374,153,155,199],"product_tag":[],"aioseo_notices":[],"acf":[],"_links":{"self":[{"href":"https:\/\/shop.tjasha.si\/en\/wp-json\/wp\/v2\/product\/11531"}],"collection":[{"href":"https:\/\/shop.tjasha.si\/en\/wp-json\/wp\/v2\/product"}],"about":[{"href":"https:\/\/shop.tjasha.si\/en\/wp-json\/wp\/v2\/types\/product"}],"version-history":[{"count":3,"href":"https:\/\/shop.tjasha.si\/en\/wp-json\/wp\/v2\/product\/11531\/revisions"}],"predecessor-version":[{"id":11536,"href":"https:\/\/shop.tjasha.si\/en\/wp-json\/wp\/v2\/product\/11531\/revisions\/11536"}],"wp:featuredmedia":[{"embeddable":true,"href":"https:\/\/shop.tjasha.si\/en\/wp-json\/wp\/v2\/media\/11534"}],"wp:attachment":[{"href":"https:\/\/shop.tjasha.si\/en\/wp-json\/wp\/v2\/media?parent=11531"}],"wp:term":[{"taxonomy":"product_cat","embeddable":true,"href":"https:\/\/shop.tjasha.si\/en\/wp-json\/wp\/v2\/product_cat?post=11531"},{"taxonomy":"product_tag","embeddable":true,"href":"https:\/\/shop.tjasha.si\/en\/wp-json\/wp\/v2\/product_tag?post=11531"}],"curies":[{"name":"wp","href":"https:\/\/api.w.org\/{rel}","templated":true}]}}