{"id":11537,"date":"2025-07-03T12:03:54","date_gmt":"2025-07-03T12:03:54","guid":{"rendered":"https:\/\/shop.tjasha.si\/?post_type=product&#038;p=11537"},"modified":"2026-03-15T10:46:36","modified_gmt":"2026-03-15T10:46:36","slug":"scalp-vitality-replenisihing-essence-obnavljajoci-serum-100ml","status":"publish","type":"product","link":"https:\/\/shop.tjasha.si\/en\/trgovina\/scalp-vitality-replenisihing-essence-obnavljajoci-serum-100ml\/","title":{"rendered":"Scalp Vitality Replenishing essence &#8211; Obnavljajo\u010di serum 100ml"},"content":{"rendered":"<p data-start=\"0\" data-end=\"24\"><strong data-start=\"0\" data-end=\"22\">Zakaj vam bo v\u0161e\u010d:<\/strong><\/p>\n<ul data-start=\"25\" data-end=\"261\" data-is-last-node=\"\" data-is-only-node=\"\">\n<li data-start=\"25\" data-end=\"89\">\n<p data-start=\"27\" data-end=\"89\">Vla\u017ei, neguje in ponovno vzpostavi ravnovesje suhega lasi\u0161\u010da<\/p>\n<\/li>\n<li data-start=\"90\" data-end=\"154\">\n<p data-start=\"92\" data-end=\"154\">Zmanj\u0161uje srbe\u010dico in poskrbi za ob\u010dutek pomirjenega lasi\u0161\u010da<\/p>\n<\/li>\n<li data-start=\"155\" data-end=\"224\">\n<p data-start=\"157\" data-end=\"224\">Ohranja ravnovesje mikrobioma ter krepi za\u0161\u010ditno pregrado lasi\u0161\u010da<\/p>\n<\/li>\n<li data-start=\"225\" data-end=\"261\" data-is-last-node=\"\">\n<p data-start=\"227\" data-end=\"261\" data-is-last-node=\"\">Klini\u010dno in dermatolo\u0161ko testirano<\/p>\n<\/li>\n<\/ul>\n<p data-start=\"0\" data-end=\"33\"><strong data-start=\"0\" data-end=\"31\">Skrivnost zdravega lasi\u0161\u010da?<\/strong><\/p>\n<p data-start=\"37\" data-end=\"214\" data-is-last-node=\"\" data-is-only-node=\"\">Uravnote\u017een mikrobiom \u2013 naravna pregrada, ki deluje kot prva obrambna linija va\u0161ega lasi\u0161\u010da in ga \u0161\u010diti pred \u0161kodljivimi vplivi iz okolja, kot so onesna\u017eevala in dra\u017eilne snovi.<\/p>\n<div class=\"wpb_text_column wpb_content_element cesis_text_transform_none vc_custom_1547085955891\">\n<div class=\"wpb_wrapper\"><\/div>\n<\/div>\n<div class=\"wpb_text_column wpb_content_element cesis_text_transform_none vc_custom_1744146980705\">\n<div class=\"wpb_wrapper\">\n<p data-start=\"0\" data-end=\"24\"><strong data-start=\"0\" data-end=\"22\">Kako ga uporabiti:<\/strong><\/p>\n<p data-start=\"28\" data-end=\"85\">Navodila: Nanesite neposredno na lasi\u0161\u010de in vmasirajte.<\/p>\n<p data-start=\"89\" data-end=\"132\" data-is-last-node=\"\" data-is-only-node=\"\">Uporabite lahko na vla\u017enih ali suhih laseh.<\/p>\n<\/div>\n<p data-start=\"89\" data-end=\"132\" data-is-last-node=\"\" data-is-only-node=\"\"><strong>SESTAVINE<\/strong><\/p>\n<p data-start=\"0\" data-end=\"124\"><strong data-start=\"0\" data-end=\"11\">KOPRIVA<\/strong><br data-start=\"11\" data-end=\"14\" \/>Ta divja rastlina je znana kot bogat vir vitaminov in se pogosto uporablja v izdelkih za nego ko\u017ee in lasi\u0161\u010da.<\/p>\n<p data-start=\"126\" data-end=\"244\"><strong data-start=\"126\" data-end=\"142\">\u0160IPKOVO OLJE<\/strong><br data-start=\"142\" data-end=\"145\" \/>Naravni emolient, pridobljen iz plodov \u0161ipka, ki je pogosto uporabljen v formulacijah za nego ko\u017ee.<\/p>\n<p data-start=\"246\" data-end=\"337\" data-is-last-node=\"\" data-is-only-node=\"\"><strong data-start=\"246\" data-end=\"280\">BELJAKOVINE GRAHA IN ZELENJAVE<\/strong><br data-start=\"280\" data-end=\"283\" \/>Posnemajo naravne beljakovine, ki jih najdemo v laseh.<\/p>\n<\/div>\n<p data-start=\"246\" data-end=\"337\" data-is-last-node=\"\" data-is-only-node=\"\">","protected":false},"excerpt":{"rendered":"<p>Se spra\u0161ujete, kako pomiriti suho in napeto lasi\u0161\u010de? Na\u0161a obnovitvena esenca za lasi\u0161\u010de prina\u0161a tisti bo\u017eansko pomirjujo\u010d \u00bbahh\u00ab ob\u010dutek, po katerem hrepenite. Formula, prijazna mikrobiomu, deluje neposredno pri koreninah \u2013 vla\u017ei in neguje lasi\u0161\u010de ter poskrbi, da je pomirjeno, nahranjeno in prijetno spro\u0161\u010deno.<\/p>","protected":false},"featured_media":11540,"template":"","meta":{"_acf_changed":false,"inline_featured_image":false,"_monsterinsights_skip_tracking":false,"_monsterinsights_sitenote_active":false,"_monsterinsights_sitenote_note":"","_monsterinsights_sitenote_category":0},"product_cat":[374,153,155,199],"product_tag":[],"aioseo_notices":[],"acf":[],"_links":{"self":[{"href":"https:\/\/shop.tjasha.si\/en\/wp-json\/wp\/v2\/product\/11537"}],"collection":[{"href":"https:\/\/shop.tjasha.si\/en\/wp-json\/wp\/v2\/product"}],"about":[{"href":"https:\/\/shop.tjasha.si\/en\/wp-json\/wp\/v2\/types\/product"}],"version-history":[{"count":2,"href":"https:\/\/shop.tjasha.si\/en\/wp-json\/wp\/v2\/product\/11537\/revisions"}],"predecessor-version":[{"id":11557,"href":"https:\/\/shop.tjasha.si\/en\/wp-json\/wp\/v2\/product\/11537\/revisions\/11557"}],"wp:featuredmedia":[{"embeddable":true,"href":"https:\/\/shop.tjasha.si\/en\/wp-json\/wp\/v2\/media\/11540"}],"wp:attachment":[{"href":"https:\/\/shop.tjasha.si\/en\/wp-json\/wp\/v2\/media?parent=11537"}],"wp:term":[{"taxonomy":"product_cat","embeddable":true,"href":"https:\/\/shop.tjasha.si\/en\/wp-json\/wp\/v2\/product_cat?post=11537"},{"taxonomy":"product_tag","embeddable":true,"href":"https:\/\/shop.tjasha.si\/en\/wp-json\/wp\/v2\/product_tag?post=11537"}],"curies":[{"name":"wp","href":"https:\/\/api.w.org\/{rel}","templated":true}]}}