{"id":11543,"date":"2025-07-03T13:34:06","date_gmt":"2025-07-03T13:34:06","guid":{"rendered":"https:\/\/shop.tjasha.si\/?post_type=product&#038;p=11543"},"modified":"2026-03-15T10:46:36","modified_gmt":"2026-03-15T10:46:36","slug":"barvna-maska-rose-champagne-150ml","status":"publish","type":"product","link":"https:\/\/shop.tjasha.si\/en\/trgovina\/barvna-maska-rose-champagne-150ml\/","title":{"rendered":"Barvna maska ROSE CHAMPAGNE 150ml"},"content":{"rendered":"<p data-start=\"0\" data-end=\"465\">Opis<br data-start=\"4\" data-end=\"7\" \/>\u010cas za nego, ki poudari TVOJ odtenek blond! Blonde Life barvno izbolj\u0161ujo\u010de maske \u2013 v odtenkih vijoli\u010dne, srebrne in ro\u017ene penine \u2013 zamenjajo univerzalne izdelke za kolekcijo globoko negovalnih tretmajev z nanosom barve, ki ohranjajo tvoje edinstvene blond tone tako, da nevtralizirajo neza\u017eeleno toploto \u2026 ali pa poudarijo \u010dudovite ro\u017enate ali breskve odtenke. Ob\u010duti razko\u0161no preobrazbo in opazuj, kako tvoja pri\u010deska ostane lepa in sve\u017ea do tri umivanja*.<\/p>\n<p data-start=\"467\" data-end=\"491\">Zakaj jih bo\u0161 vzljubila?<\/p>\n<ul data-start=\"493\" data-end=\"966\">\n<li data-start=\"493\" data-end=\"534\">\n<p data-start=\"495\" data-end=\"534\">Izbolj\u0161anje barve traja do 3 umivanja<\/p>\n<\/li>\n<li data-start=\"535\" data-end=\"586\">\n<p data-start=\"537\" data-end=\"586\">Zmanj\u0161a lomljenje las za 60 % \u017ee po enem nanosu<\/p>\n<\/li>\n<li data-start=\"587\" data-end=\"622\">\n<p data-start=\"589\" data-end=\"622\">Lase navla\u017ei \u017ee po prvi uporabi<\/p>\n<\/li>\n<li data-start=\"623\" data-end=\"649\">\n<p data-start=\"625\" data-end=\"649\">Lase nahrani in zmeh\u010da<\/p>\n<\/li>\n<li data-start=\"650\" data-end=\"673\">\n<p data-start=\"652\" data-end=\"673\">Olaj\u0161a raz\u010desavanje<\/p>\n<\/li>\n<li data-start=\"674\" data-end=\"769\">\n<p data-start=\"676\" data-end=\"769\">Certificirano brez testiranja na \u017eivalih (PETA Global Animal Test\u2013Free) (ve\u010d o certifikatu)<\/p>\n<\/li>\n<li data-start=\"770\" data-end=\"838\">\n<p data-start=\"772\" data-end=\"838\">Violet: zmanj\u0161a rumene in oran\u017ene odtenke za hladen blond ton<\/p>\n<\/li>\n<li data-start=\"839\" data-end=\"896\">\n<p data-start=\"841\" data-end=\"896\">Silver: zmanj\u0161a rumene odtenke za ledeno blond barvo<\/p>\n<\/li>\n<li data-start=\"897\" data-end=\"966\">\n<p data-start=\"899\" data-end=\"966\">Rose champagne: dopolnjuje ali poudari ro\u017enate oziroma breskve tone<\/p>\n<\/li>\n<\/ul>\n<p data-start=\"968\" data-end=\"1045\" data-is-last-node=\"\" data-is-only-node=\"\">*Rezultati se lahko razlikujejo glede na strukturo las in pogostost umivanja.<\/p>","protected":false},"excerpt":{"rendered":"<article class=\"text-token-text-primary w-full\" dir=\"auto\" data-testid=\"conversation-turn-4\" data-scroll-anchor=\"true\">\n<div class=\"text-base my-auto mx-auto py-5 [--thread-content-margin:--spacing(4)] @[37rem]:[--thread-content-margin:--spacing(6)] @[72rem]:[--thread-content-margin:--spacing(16)] px-(--thread-content-margin)\">\n<div class=\"[--thread-content-max-width:32rem] @[34rem]:[--thread-content-max-width:40rem] @[64rem]:[--thread-content-max-width:48rem] mx-auto flex max-w-(--thread-content-max-width) flex-1 text-base gap-4 md:gap-5 lg:gap-6 group\/turn-messages focus-visible:outline-hidden\">\n<div class=\"group\/conversation-turn relative flex w-full min-w-0 flex-col agent-turn\">\n<div class=\"relative flex-col gap-1 md:gap-3\">\n<div class=\"flex max-w-full flex-col grow\">\n<div class=\"min-h-8 text-message relative flex w-full flex-col items-end gap-2 text-start break-words whitespace-normal [.text-message+&amp;]:mt-5\" dir=\"auto\" data-message-author-role=\"assistant\" data-message-id=\"0ea31563-a306-4d51-9779-f18c2b2692fb\" data-message-model-slug=\"gpt-4-1-mini\">\n<div class=\"flex w-full flex-col gap-1 empty:hidden first:pt-[3px]\">\n<div class=\"markdown prose dark:prose-invert w-full break-words light\">\n<p data-start=\"0\" data-end=\"81\" data-is-last-node=\"\" data-is-only-node=\"\">\u010cas za nego, ki poudari TVOJ odtenek blond v ne\u017eno ROSE CHAMPAGNE\u00a0 nianso!<\/p>\n<\/div>\n<\/div>\n<\/div>\n<\/div>\n<div class=\"flex min-h-[46px] justify-start\"><\/div>\n<\/div>\n<div class=\"aria-live=polite absolute\">\n<div class=\"flex items-center justify-center\"><\/div>\n<\/div>\n<\/div>\n<\/div>\n<\/div>\n<\/article>\n<div class=\"pointer-events-none h-px w-px\" aria-hidden=\"true\" data-edge=\"true\"><\/div>","protected":false},"featured_media":11545,"template":"","meta":{"_acf_changed":false,"inline_featured_image":false,"_monsterinsights_skip_tracking":false,"_monsterinsights_sitenote_active":false,"_monsterinsights_sitenote_note":"","_monsterinsights_sitenote_category":0},"product_cat":[15,375,153,155,199],"product_tag":[],"aioseo_notices":[],"acf":[],"_links":{"self":[{"href":"https:\/\/shop.tjasha.si\/en\/wp-json\/wp\/v2\/product\/11543"}],"collection":[{"href":"https:\/\/shop.tjasha.si\/en\/wp-json\/wp\/v2\/product"}],"about":[{"href":"https:\/\/shop.tjasha.si\/en\/wp-json\/wp\/v2\/types\/product"}],"version-history":[{"count":1,"href":"https:\/\/shop.tjasha.si\/en\/wp-json\/wp\/v2\/product\/11543\/revisions"}],"predecessor-version":[{"id":11546,"href":"https:\/\/shop.tjasha.si\/en\/wp-json\/wp\/v2\/product\/11543\/revisions\/11546"}],"wp:featuredmedia":[{"embeddable":true,"href":"https:\/\/shop.tjasha.si\/en\/wp-json\/wp\/v2\/media\/11545"}],"wp:attachment":[{"href":"https:\/\/shop.tjasha.si\/en\/wp-json\/wp\/v2\/media?parent=11543"}],"wp:term":[{"taxonomy":"product_cat","embeddable":true,"href":"https:\/\/shop.tjasha.si\/en\/wp-json\/wp\/v2\/product_cat?post=11543"},{"taxonomy":"product_tag","embeddable":true,"href":"https:\/\/shop.tjasha.si\/en\/wp-json\/wp\/v2\/product_tag?post=11543"}],"curies":[{"name":"wp","href":"https:\/\/api.w.org\/{rel}","templated":true}]}}