{"id":11596,"date":"2025-07-23T13:59:16","date_gmt":"2025-07-23T13:59:16","guid":{"rendered":"https:\/\/shop.tjasha.si\/?post_type=product&#038;p=11596"},"modified":"2026-03-15T10:46:36","modified_gmt":"2026-03-15T10:46:36","slug":"defy-damage-kbond20-power-masque-50-ml","status":"publish","type":"product","link":"https:\/\/shop.tjasha.si\/en\/trgovina\/defy-damage-kbond20-power-masque-50-ml\/","title":{"rendered":"Defy Damage KBOND20 power masque 50 ml"},"content":{"rendered":"<p>Na\u0161a mo\u010dna maska za\u010dne delovati, kadar lasje potrebujejo malo dodatne nege. Uporabljajte enkrat do dvakrat na teden ali po potrebi.<\/p>\n<p>Navodila:<\/p>\n<ul>\n<li>O\u010distite lase z Defy Damage Protective \u0161amponom.<\/li>\n<li>Nanesite Defy Damage KBOND20 na vla\u017ene lase.<\/li>\n<li>Pustite delovati 2-5 minut.<\/li>\n<li>Izperite.<\/li>\n<\/ul>","protected":false},"excerpt":{"rendered":"<p><strong>Spoznajte Defy Damage KBOND20 Power Masque<\/strong>, na\u0161 povsem nov tretma za gradnjo vezi, ki temelji na tehnologiji za 5-krat mo\u010dnej\u0161e* lase. Ta maska za krepitev mo\u010di prina\u0161a preoblikovalne rezultate \u017ee po enem tretmaju.<\/p>\n<p>Vsebuje:<\/p>\n<p>TEHNOLOGIJA SMARTRELEASE Na\u0161 edinstven sistem dostave liposomov nenehno spro\u0161\u010da trio sestavin za zdrave lase &#8211; olje iz \u0161ipka, arginin in keratin &#8211; ki pomagajo popravljati, krepiti in za\u0161\u010dititi lase pred kumulativnimi u\u010dinki dnevnega oblikovanja.<\/p>\n<p>ZA\u0160\u010cITNI LIPID To\u010dno tisti, ki ga najdemo v zdravih laseh, deluje kot prva linija obrambe pri za\u0161\u010diti las pred po\u0161kodbami.<\/p>\n<p>OLJE IZ SEMEN MORINGE Pomaga pri sijaju in mehkobi z antioksidanti, vitamini A in E, cinkom in silicijem &#8211; sestavinami, ki so klju\u010dne za ustvarjanje zdravih, mo\u010dnih in odpornih las.<\/p>\n<p>ARGININ Arginin je naravno prisotna aminokislina, ki je klju\u010dna za mo\u010d las. Izdelki, ki vsebujejo arginin, pomagajo za\u0161\u010dititi lase in jih obnavljajo od znotraj navzven.<\/p>\n<ul>\n<li><\/li>\n<\/ul>","protected":false},"featured_media":11598,"template":"","meta":{"_acf_changed":false,"inline_featured_image":false,"_monsterinsights_skip_tracking":false,"_monsterinsights_sitenote_active":false,"_monsterinsights_sitenote_note":"","_monsterinsights_sitenote_category":0},"product_cat":[155,244,199,288],"product_tag":[],"aioseo_notices":[],"acf":[],"_links":{"self":[{"href":"https:\/\/shop.tjasha.si\/en\/wp-json\/wp\/v2\/product\/11596"}],"collection":[{"href":"https:\/\/shop.tjasha.si\/en\/wp-json\/wp\/v2\/product"}],"about":[{"href":"https:\/\/shop.tjasha.si\/en\/wp-json\/wp\/v2\/types\/product"}],"version-history":[{"count":1,"href":"https:\/\/shop.tjasha.si\/en\/wp-json\/wp\/v2\/product\/11596\/revisions"}],"predecessor-version":[{"id":11597,"href":"https:\/\/shop.tjasha.si\/en\/wp-json\/wp\/v2\/product\/11596\/revisions\/11597"}],"wp:featuredmedia":[{"embeddable":true,"href":"https:\/\/shop.tjasha.si\/en\/wp-json\/wp\/v2\/media\/11598"}],"wp:attachment":[{"href":"https:\/\/shop.tjasha.si\/en\/wp-json\/wp\/v2\/media?parent=11596"}],"wp:term":[{"taxonomy":"product_cat","embeddable":true,"href":"https:\/\/shop.tjasha.si\/en\/wp-json\/wp\/v2\/product_cat?post=11596"},{"taxonomy":"product_tag","embeddable":true,"href":"https:\/\/shop.tjasha.si\/en\/wp-json\/wp\/v2\/product_tag?post=11596"}],"curies":[{"name":"wp","href":"https:\/\/api.w.org\/{rel}","templated":true}]}}