{"id":11628,"date":"2025-10-14T05:44:03","date_gmt":"2025-10-14T05:44:03","guid":{"rendered":"https:\/\/shop.tjasha.si\/?post_type=product&#038;p=11628"},"modified":"2026-03-15T10:46:35","modified_gmt":"2026-03-15T10:46:35","slug":"inner-joi-preserve-milk-50ml","status":"publish","type":"product","link":"https:\/\/shop.tjasha.si\/en\/trgovina\/inner-joi-preserve-milk-50ml\/","title":{"rendered":"Inner Joi Preserve milk 50ml"},"content":{"rendered":"<div class=\"flex-1 overflow-hidden\">\n<div class=\"react-scroll-to-bottom--css-zbctu-79elbk h-full\">\n<div class=\"react-scroll-to-bottom--css-zbctu-1n7m0yu\">\n<div class=\"flex flex-col text-sm pb-9\">\n<div class=\"w-full text-token-text-primary\" data-testid=\"conversation-turn-59\">\n<div class=\"px-4 py-2 justify-center text-base md:gap-6 m-auto\">\n<div class=\"flex flex-1 text-base mx-auto gap-3 md:px-5 lg:px-1 xl:px-5 md:max-w-3xl lg:max-w-[40rem] xl:max-w-[48rem] group final-completion\">\n<div class=\"relative flex w-full flex-col agent-turn\">\n<div class=\"flex-col gap-1 md:gap-3\">\n<div class=\"flex flex-grow flex-col max-w-full\">\n<div class=\"min-h-[20px] text-message flex flex-col items-start gap-3 whitespace-pre-wrap break-words [.text-message+&amp;]:mt-5 overflow-x-auto\" data-message-author-role=\"assistant\" data-message-id=\"e3cf38a3-6988-4664-88c1-fd8d9c0dce4b\">\n<div class=\"markdown prose w-full break-words dark:prose-invert light\">\n<p>Naravni za\u0161\u010ditni odgovor za barvane lase. Formuliran z naravno pridobljenimi sestavinami &#8211; kot sta izvle\u010dek iz rde\u010de pese in olje iz malinovih semen &#8211; ta \u010dude\u017e narave je za lahkotnej\u0161e \u010desanje las in pomaga ohranjati barvo las.<\/p>\n<p>Formula InnerJoi\u2122 Preserve je posebej razvita za boj proti izpiranju barve. Nudite svojim barvanim lasem ravno tisto nego in za\u0161\u010dito, ki ju potrebujejo, da ostanejo \u017eivo vibrirajo\u010di dlje \u010dasa.<\/p>\n<p>&nbsp;<\/p>\n<\/div>\n<\/div>\n<\/div>\n<div class=\"mt-1 flex justify-start gap-3 empty:hidden\">\n<div class=\"text-gray-400 flex self-end lg:self-center justify-center lg:justify-start mt-0 -ml-1 h-7 visible\">\n<p>&nbsp;<\/p>\n<div class=\"flex items-center gap-1.5 text-xs\"><\/div>\n<div class=\"flex\"><\/div>\n<\/div>\n<\/div>\n<div class=\"pr-2 lg:pr-0\"><\/div>\n<\/div>\n<div class=\"absolute\">\n<div class=\"flex w-full gap-2 items-center justify-center\"><\/div>\n<\/div>\n<\/div>\n<\/div>\n<\/div>\n<\/div>\n<\/div>\n<\/div>\n<\/div>\n<\/div>\n<div class=\"w-full pt-2 md:pt-0 dark:border-white\/20 md:border-transparent md:dark:border-transparent md:w-[calc(100%-.5rem)]\">\n<div class=\"relative flex h-full flex-1 flex-col\">\n<div class=\"flex w-full items-center\"><\/div>\n<\/div>\n<\/div>","protected":false},"excerpt":{"rendered":"<p><strong>Naravni za\u0161\u010ditni odgovor za barvane lase<\/strong>. Formuliran z naravno pridobljenimi sestavinami &#8211; kot sta izvle\u010dek iz rde\u010de pese in olje iz malinovih semen &#8211; <strong>ta \u010dude\u017e narave je za lahkotnej\u0161e \u010desanje las in pomaga ohranjati barvo las<\/strong>.<\/p>\n<p>Formula InnerJoi\u2122 Preserve je posebej <strong>razvita za boj proti izpiranju barve<\/strong>. Nudite svojim barvanim lasem ravno tisto nego in za\u0161\u010dito, ki ju potrebujejo, da<strong> ostanejo \u017eivo vibrirajo\u010di dlje \u010dasa.<\/strong><\/p>\n<p>&nbsp;<\/p>\n<p><a href=\"https:\/\/shop.tjasha.si\/wp-content\/uploads\/sites\/2\/2024\/03\/074469525008_2.webp\"><img fetchpriority=\"high\" decoding=\"async\" class=\"alignnone size-medium wp-image-9944\" src=\"https:\/\/shop.tjasha.si\/wp-content\/uploads\/sites\/2\/2024\/03\/074469525008_2-210x300.webp\" alt=\"\" width=\"210\" height=\"300\" srcset=\"https:\/\/shop.tjasha.si\/wp-content\/uploads\/sites\/2\/2024\/03\/074469525008_2-210x300.webp 210w, https:\/\/shop.tjasha.si\/wp-content\/uploads\/sites\/2\/2024\/03\/074469525008_2-8x12.webp 8w, https:\/\/shop.tjasha.si\/wp-content\/uploads\/sites\/2\/2024\/03\/074469525008_2-112x160.webp 112w, https:\/\/shop.tjasha.si\/wp-content\/uploads\/sites\/2\/2024\/03\/074469525008_2-64x91.webp 64w, https:\/\/shop.tjasha.si\/wp-content\/uploads\/sites\/2\/2024\/03\/074469525008_2.webp 280w\" sizes=\"(max-width: 210px) 100vw, 210px\" \/><\/a><\/p>\n<p><a href=\"https:\/\/shop.tjasha.si\/wp-content\/uploads\/sites\/2\/2024\/03\/preserve-Ingredients-graphics-beige-bg-600x525-1.jpg\"><img decoding=\"async\" class=\"alignnone size-medium wp-image-9928\" src=\"https:\/\/shop.tjasha.si\/wp-content\/uploads\/sites\/2\/2024\/03\/preserve-Ingredients-graphics-beige-bg-600x525-1-300x263.jpg\" alt=\"\" width=\"300\" height=\"263\" srcset=\"https:\/\/shop.tjasha.si\/wp-content\/uploads\/sites\/2\/2024\/03\/preserve-Ingredients-graphics-beige-bg-600x525-1-300x263.jpg 300w, https:\/\/shop.tjasha.si\/wp-content\/uploads\/sites\/2\/2024\/03\/preserve-Ingredients-graphics-beige-bg-600x525-1-14x12.jpg 14w, https:\/\/shop.tjasha.si\/wp-content\/uploads\/sites\/2\/2024\/03\/preserve-Ingredients-graphics-beige-bg-600x525-1-120x105.jpg 120w, https:\/\/shop.tjasha.si\/wp-content\/uploads\/sites\/2\/2024\/03\/preserve-Ingredients-graphics-beige-bg-600x525-1-64x56.jpg 64w, https:\/\/shop.tjasha.si\/wp-content\/uploads\/sites\/2\/2024\/03\/preserve-Ingredients-graphics-beige-bg-600x525-1.jpg 600w\" sizes=\"(max-width: 300px) 100vw, 300px\" \/> <\/a><\/p>\n<div class=\"flex-1 overflow-hidden\">\n<div class=\"react-scroll-to-bottom--css-zbctu-79elbk h-full\">\n<div class=\"react-scroll-to-bottom--css-zbctu-1n7m0yu\">\n<div class=\"flex flex-col text-sm pb-9\">\n<div class=\"w-full text-token-text-primary\" data-testid=\"conversation-turn-61\">\n<div class=\"px-4 py-2 justify-center text-base md:gap-6 m-auto\">\n<div class=\"flex flex-1 text-base mx-auto gap-3 md:px-5 lg:px-1 xl:px-5 md:max-w-3xl lg:max-w-[40rem] xl:max-w-[48rem] group final-completion\">\n<div class=\"relative flex w-full flex-col agent-turn\">\n<div class=\"flex-col gap-1 md:gap-3\">\n<div class=\"flex flex-grow flex-col max-w-full\">\n<div class=\"min-h-[20px] text-message flex flex-col items-start gap-3 whitespace-pre-wrap break-words [.text-message+&amp;]:mt-5 overflow-x-auto\" data-message-author-role=\"assistant\" data-message-id=\"adc2b539-e856-4f1d-b4ce-f5a41246b00a\">\n<div class=\"markdown prose w-full break-words dark:prose-invert light\">\n<p>Zakaj vam bo v\u0161e\u010d:<\/p>\n<p>97% naravno pridobljenih sestavin*<\/p>\n<p>Raz\u010desuje in neguje lase<\/p>\n<p>\u0160\u010diti pred toplotnimi po\u0161kodbami do 450 \u00b0F ali 232 \u00b0C<\/p>\n<p>*Po standardu ISO 16128 86%-98% naravno pridobljenih pomeni, da rastlinski in mineralni materiali ter voda, ki do\u017eivijo omejeno obdelavo, tvorijo vsaj 86%-98% formul<\/p>\n<\/div>\n<\/div>\n<\/div>\n<div class=\"mt-1 flex justify-start gap-3 empty:hidden\">\n<div class=\"text-gray-400 flex self-end lg:self-center justify-center lg:justify-start mt-0 -ml-1 h-7 visible\">\n<p>&nbsp;<\/p>\n<div class=\"flex items-center gap-1.5 text-xs\"><\/div>\n<div class=\"flex\"><\/div>\n<\/div>\n<\/div>\n<div class=\"pr-2 lg:pr-0\">VEGAN PROTEIN: This vegan form of protein, made from pea and vegetable sources, mimics the protein found naturally in hair. OLIVE ESTER: Biodegradable and upcycled from the production of olive oil, this olive ester helps support healthy-looking hair. BEET ROOT EXTRACT: A natural, multifunctional ingredient that has been linked to protection against haircolor fade. RASPBERRY SEED OIL: A natural source of linoleic acid, phytosterols, omega-3 and -6 fatty acids, and vitamin E. FULL INGREDIENTS: Aqua (Water, Eau), Sodium Methyl Cocoyl Taurate, Cocamidopropyl Betaine, Decyl Glucoside, Sodium Methyl 2-Sulfolaurate, PEG-120 Methyl Glucose Trioleate, Betaine, Glycerin, Lauryl Glucoside, Phenoxyethanol, Parfum (Fragrance), Sodium Benzoate, Sclerotium Gum, Citric Acid, Disodium 2-Sulfolaurate, Dioleoylethyl Hydroxyethylmonium Methosulfate, Guar Hydroxypropyltrimonium Chloride, Sodium Gluconate, Isoamyl Laurate, Propanediol, Propylene Glycol, Rubus Idaeus (Raspberry) Seed Oil, Benzyl Alcohol, Ethylhexyl Olivate, Hydrolyzed Jojoba Esters, Hydrolyzed Corn Starch, Beta Vulgaris (Beet) Root Extract, Hydrolyzed Pea Protein, Hydrolyzed Vegetable Protein, Lactic Acid, Squalane, Methyl Oleate, Potassium Sorbate, p-Anisic Acid, Sodium Hydroxide, Hexyl Cinnamal, Limonene, Alpha-Isomethyl Ionone.<\/div>\n<\/div>\n<div class=\"absolute\">\n<div class=\"flex w-full gap-2 items-center justify-center\"><\/div>\n<\/div>\n<\/div>\n<\/div>\n<\/div>\n<\/div>\n<\/div>\n<\/div>\n<\/div>\n<\/div>\n<div class=\"w-full pt-2 md:pt-0 dark:border-white\/20 md:border-transparent md:dark:border-transparent md:w-[calc(100%-.5rem)]\">\n<div class=\"relative flex h-full flex-1 flex-col\">\n<div class=\"flex w-full items-center\"><\/div>\n<\/div>\n<\/div>\n<p>&nbsp;<\/p>","protected":false},"featured_media":11629,"template":"","meta":{"_acf_changed":false,"inline_featured_image":false,"_monsterinsights_skip_tracking":false,"_monsterinsights_sitenote_active":false,"_monsterinsights_sitenote_note":"","_monsterinsights_sitenote_category":0},"product_cat":[361,155,199],"product_tag":[],"aioseo_notices":[],"acf":[],"_links":{"self":[{"href":"https:\/\/shop.tjasha.si\/en\/wp-json\/wp\/v2\/product\/11628"}],"collection":[{"href":"https:\/\/shop.tjasha.si\/en\/wp-json\/wp\/v2\/product"}],"about":[{"href":"https:\/\/shop.tjasha.si\/en\/wp-json\/wp\/v2\/types\/product"}],"version-history":[{"count":1,"href":"https:\/\/shop.tjasha.si\/en\/wp-json\/wp\/v2\/product\/11628\/revisions"}],"predecessor-version":[{"id":11630,"href":"https:\/\/shop.tjasha.si\/en\/wp-json\/wp\/v2\/product\/11628\/revisions\/11630"}],"wp:featuredmedia":[{"embeddable":true,"href":"https:\/\/shop.tjasha.si\/en\/wp-json\/wp\/v2\/media\/11629"}],"wp:attachment":[{"href":"https:\/\/shop.tjasha.si\/en\/wp-json\/wp\/v2\/media?parent=11628"}],"wp:term":[{"taxonomy":"product_cat","embeddable":true,"href":"https:\/\/shop.tjasha.si\/en\/wp-json\/wp\/v2\/product_cat?post=11628"},{"taxonomy":"product_tag","embeddable":true,"href":"https:\/\/shop.tjasha.si\/en\/wp-json\/wp\/v2\/product_tag?post=11628"}],"curies":[{"name":"wp","href":"https:\/\/api.w.org\/{rel}","templated":true}]}}